{"id":10431,"date":"2026-01-19T17:20:03","date_gmt":"2026-01-19T16:20:03","guid":{"rendered":"https:\/\/preprod.fifa.sportsagentinstitute.com\/?page_id=10431"},"modified":"2026-01-26T20:52:32","modified_gmt":"2026-01-26T19:52:32","slug":"datenschutzerklaerung","status":"publish","type":"page","link":"https:\/\/fifa.sportsagentinstitute.com\/de\/datenschutzerklaerung","title":{"rendered":"Datenschutzerkl\u00e4rung"},"content":{"rendered":"<p><!-- wp:paragraph --><\/p>\n<p>Unsere Datenschutzerkl\u00e4rung ist ausschlie\u00dflich auf <a href=\"https:\/\/fifa.sportsagentinstitute.com\/de\/datenschutzerklaerung\">Englisch<\/a> verf\u00fcgbar.<\/p>\n<p><!-- \/wp:paragraph --><\/p>\n","protected":false},"excerpt":{"rendered":"<p>Unsere Datenschutzerkl\u00e4rung ist ausschlie\u00dflich auf Englisch verf\u00fcgbar.<\/p>\n","protected":false},"author":1,"featured_media":0,"parent":0,"menu_order":0,"comment_status":"closed","ping_status":"closed","template":"full-width.php","meta":{"_acf_changed":false,"footnotes":""},"formation_type":[],"class_list":["post-10431","page","type-page","status-publish","hentry"],"acf":[],"_links":{"self":[{"href":"https:\/\/fifa.sportsagentinstitute.com\/de\/wp-json\/wp\/v2\/pages\/10431","targetHints":{"allow":["GET"]}}],"collection":[{"href":"https:\/\/fifa.sportsagentinstitute.com\/de\/wp-json\/wp\/v2\/pages"}],"about":[{"href":"https:\/\/fifa.sportsagentinstitute.com\/de\/wp-json\/wp\/v2\/types\/page"}],"author":[{"embeddable":true,"href":"https:\/\/fifa.sportsagentinstitute.com\/de\/wp-json\/wp\/v2\/users\/1"}],"replies":[{"embeddable":true,"href":"https:\/\/fifa.sportsagentinstitute.com\/de\/wp-json\/wp\/v2\/comments?post=10431"}],"version-history":[{"count":3,"href":"https:\/\/fifa.sportsagentinstitute.com\/de\/wp-json\/wp\/v2\/pages\/10431\/revisions"}],"predecessor-version":[{"id":11094,"href":"https:\/\/fifa.sportsagentinstitute.com\/de\/wp-json\/wp\/v2\/pages\/10431\/revisions\/11094"}],"wp:attachment":[{"href":"https:\/\/fifa.sportsagentinstitute.com\/de\/wp-json\/wp\/v2\/media?parent=10431"}],"wp:term":[{"taxonomy":"formation_type","embeddable":true,"href":"https:\/\/fifa.sportsagentinstitute.com\/de\/wp-json\/wp\/v2\/formation_type?post=10431"}],"curies":[{"name":"wp","href":"https:\/\/api.w.org\/{rel}","templated":true}]}}