{"id":2355,"date":"2025-05-07T16:23:51","date_gmt":"2025-05-07T14:23:51","guid":{"rendered":"https:\/\/sportsagentinstitute.kinsta.cloud\/fifa\/lehrmaterial\/"},"modified":"2026-01-30T12:54:52","modified_gmt":"2026-01-30T11:54:52","slug":"lernmaterialien","status":"publish","type":"page","link":"https:\/\/fifa.sportsagentinstitute.com\/de\/lernmaterialien","title":{"rendered":"Lernmaterialien"},"content":{"rendered":"<p><!-- wp:heading --><\/p>\n<h2 class=\"wp-block-heading\"><strong>Warum sollte man das Lehrmaterial f\u00fcr die FIFA-Agentenpr\u00fcfung verwenden?<\/strong><\/h2>\n<p><!-- \/wp:heading --><\/p>\n<p><!-- wp:paragraph --><\/p>\n<p>Das erforderliche Wissensvolumen, um die FIFA-Agentenpr\u00fcfung erfolgreich zu bestehen, ist betr\u00e4chtlich. Die rechtlichen Texte sind umfangreich und anspruchsvoll, und um sie bestm\u00f6glich zu beherrschen, wird ein ernsthaftes und organisiertes Lernen empfohlen. Das <strong>Lehrmaterial f\u00fcr die FIFA-Agentenpr\u00fcfung<\/strong> hilft dabei, die Wiederholungseinheiten zu strukturieren und einen klaren Lernweg vorzugeben. Es etabliert sich somit als unverzichtbares Lernwerkzeug, um sich effektiv auf die FIFA-Agentenpr\u00fcfung vorzubereiten.<\/p>\n<p><!-- \/wp:paragraph --><\/p>\n<p><!-- wp:heading {\"level\":3} --><\/p>\n<h3 class=\"wp-block-heading\"><strong>Ein Beruf im Prozess der Professionalisierung<\/strong><\/h3>\n<p><!-- \/wp:heading --><\/p>\n<p><!-- wp:paragraph --><\/p>\n<p>Der Beruf des FIFA-Agenten hat sich in j\u00fcngster Zeit weiterentwickelt. Seit 2023 ist es nun <strong>verpflichtend, die FIFA-Agentenlizenz zu besitzen<\/strong>, um diesen Beruf legal aus\u00fcben zu k\u00f6nnen. Im Jahr 2024 lag die weltweite Bestehensquote bei <strong>40,4 %.<\/strong> Im Jahr 2025 sank die weltweite Bestehensquote auf <strong>18 %<\/strong>, was die steigende Schwierigkeit der FIFA-Pr\u00fcfung und die zunehmenden Anforderungen an diesen Beruf best\u00e4tigt.<\/p>\n<p><!-- \/wp:paragraph --><\/p>\n<p><!-- wp:heading {\"level\":3} --><\/p>\n<h3 class=\"wp-block-heading\"><strong>Strukturierte Vorbereitung f\u00fcr komplexe Inhalte<\/strong><\/h3>\n<p><!-- \/wp:heading --><\/p>\n<p><!-- wp:paragraph --><\/p>\n<p>Die FIFA-Agentenpr\u00fcfung umfasst mehrere F\u00e4cher mit einer <strong>F\u00fclle an Informationen<\/strong>, darunter die FIFA-Statuten, das Reglement \u00fcber den Status und die Transfers von Spielern (RSTP), den Ethikkodex und viele weitere. Diese Dokumente sind neben ihrer Informationsdichte oft auch technisch anspruchsvoll. Das Lehrmaterial f\u00fcr die FIFA-Agentenpr\u00fcfung entschl\u00fcsselt diese offiziellen Texte, organisiert die Wiederholungen thematisch und hebt die grundlegenden Konzepte hervor, die beherrscht werden m\u00fcssen, wodurch die Pr\u00fcfungsvorbereitung erleichtert wird.<\/p>\n<p><!-- \/wp:paragraph --><\/p>\n<p><!-- wp:heading {\"level\":3} --><\/p>\n<h3 class=\"wp-block-heading\"><strong>Zeit- und Klarheitsgewinn<\/strong><\/h3>\n<p><!-- \/wp:heading --><\/p>\n<p><!-- wp:paragraph --><\/p>\n<p>Das Lehrmaterial der FIFA-Agentenpr\u00fcfung vermittelt eine echte <strong>Lernmethode <\/strong>f\u00fcr die Pr\u00fcfung. Es erkl\u00e4rt die Rolle jedes Fachgebiets, den Aufbau der Kurse, was vor der Wiederholung eines Fachs bekannt sein sollte und wie man sich anschlie\u00dfend auf die offizielle Pr\u00fcfung vorbereitet.<\/p>\n<p><!-- \/wp:paragraph --><\/p>\n<p><!-- wp:heading --><\/p>\n<h2 class=\"wp-block-heading\"><strong>Inhalte des Lehrmaterials f\u00fcr die FIFA-Agentenpr\u00fcfung<\/strong><\/h2>\n<p><!-- \/wp:heading --><\/p>\n<p><!-- wp:paragraph --><\/p>\n<p>Das Lehrmaterial von SportsAgent Institute deckt s\u00e4mtliche F\u00e4cher der FIFA-Agentenpr\u00fcfung ab:<\/p>\n<p><!-- \/wp:paragraph --><\/p>\n<p><!-- wp:list --><\/p>\n<ul class=\"wp-block-list\"><!-- wp:list-item --><\/p>\n<li>FIFA-Statuten<\/li>\n<p><!-- \/wp:list-item --><\/p>\n<p><!-- wp:list-item --><\/p>\n<li>FIFA-Disziplinarordnung (Ausgabe 2025)<\/li>\n<p><!-- \/wp:list-item --><\/p>\n<p><!-- wp:list-item --><\/p>\n<li>FIFA-Ethikreglement (Ausgabe 2023)<\/li>\n<p><!-- \/wp:list-item --><\/p>\n<p><!-- wp:list-item --><\/p>\n<li>Reglement bez\u00fcglich Status und Transfer von Spielern (Ausgabe Juli 2025)<\/li>\n<p><!-- \/wp:list-item --><\/p>\n<p><!-- wp:list-item --><\/p>\n<li>Verfahrensregeln des Fu\u00dfballgerichts<\/li>\n<p><!-- \/wp:list-item --><\/p>\n<p><!-- wp:list-item --><\/p>\n<li>Reglement der FIFA-Abrechnungsstelle<\/li>\n<p><!-- \/wp:list-item --><\/p>\n<p><!-- wp:list-item --><\/p>\n<li>FIFA-Reglement \u00fcber Fu\u00dfballagenten<\/li>\n<p><!-- \/wp:list-item --><\/p>\n<p><!-- wp:list-item --><\/p>\n<li>FIFA Guardians\u2122 \u2013 Leitfaden zum Kinderschutz f\u00fcr Mitgliedsverb\u00e4nde<\/li>\n<p><!-- \/wp:list-item --><\/p>\n<p><!-- wp:list-item --><\/p>\n<li>Grundlagen des Kinderschutzes FIFA Guardians\u2122: Kurs 1<\/li>\n<p><!-- \/wp:list-item --><\/p>\n<p><!-- wp:list-item --><\/p>\n<li>FIFA-Leitfaden f\u00fcr ethische Rekrutierung<\/li>\n<p><!-- \/wp:list-item --><\/p>\n<p><!-- wp:list-item --><\/p>\n<li>FIFA-Rundschreiben Nr. 1827 \u2013 FIFA-Agenten-Regelwerk<\/li>\n<p><!-- \/wp:list-item --><\/p>\n<p><!-- wp:list-item --><\/p>\n<li>FIFA-Rundschreiben Nr. 1867 \u2013 Nichteinhaltung von Schlichtungsvereinbarungen \u2013 Zust\u00e4ndigkeit des FIFA-Disziplinarkomitees<\/li>\n<p><!-- \/wp:list-item --><\/p>\n<p><!-- wp:list-item --><\/p>\n<li>FIFA-Rundschreiben Nr. 1873 \u2013 Update zum FIFA-Agenten-Regelwerk<\/li>\n<p><!-- \/wp:list-item --><\/p>\n<p><!-- wp:list-item --><\/p>\n<li>FIFA-Rundschreiben Nr. 1874 \u2013 FIFA-Agenten-Regelwerk: Lizenzen und Kammer f\u00fcr Agenten beim Fu\u00dfballgericht<\/li>\n<p><!-- \/wp:list-item --><\/p>\n<p><!-- wp:list-item --><\/p>\n<li>FIFA-Rundschreiben Nr. 1887 \u2013 \u00c4nderungen am RSTP: Bestimmungen zum Frauenfu\u00dfball, Verl\u00e4ngerung von Anhang 7 &amp; Verfahren f\u00fcr internationale Transfers<\/li>\n<p><!-- \/wp:list-item --><\/p>\n<p><!-- wp:list-item --><\/p>\n<li>FIFA-Rundschreiben Nr. 1889 \u2013 \u00c4nderungen der FIFA-Statuten, des Anwendungsreglements und des Kongressreglements<\/li>\n<p><!-- \/wp:list-item --><\/p>\n<p><!-- wp:list-item --><\/p>\n<li>FIFA-Rundschreiben Nr. 1891 \u2013 FIFA-Agenten-Regelwerk \u2013 Pr\u00fcfungstermine<\/li>\n<p><!-- \/wp:list-item --><\/p>\n<p><!-- wp:list-item --><\/p>\n<li>FIFA-Rundschreiben Nr. 1892 \u2013 RSTP: Klubkategorisierung und Registrierungsperioden<\/li>\n<p><!-- \/wp:list-item --><\/p>\n<p><!-- wp:list-item --><\/p>\n<li>FIFA-Rundschreiben Nr. 1905 \u2013 Weitere \u00c4nderungen am RSTP<\/li>\n<p><!-- \/wp:list-item --><\/p>\n<p><!-- wp:list-item --><\/p>\n<li>FIFA-Rundschreiben Nr. 1917 \u2013 Tempor\u00e4rer Rechtsrahmen \u2013 \u00c4nderungen am RSTP &amp; an den Verfahrensregeln des Fu\u00dfballgerichts<\/li>\n<p><!-- \/wp:list-item --><\/p>\n<p><!-- wp:list-item --><\/p>\n<li>FIFA-Rundschreiben Nr. 1918 \u2013 \u00c4nderungen am Reglement der FIFA-Abrechnungsstelle und am RSTP<\/li>\n<p><!-- \/wp:list-item --><\/p>\n<p><!-- wp:list-item --><\/p>\n<li>FIFA-Rundschreiben Nr. 1919 \u2013 \u00c4nderungen am FIFA-Agenten-Regelwerk und Einf\u00fchrung einer Online-Pr\u00fcfung<\/li>\n<p><!-- \/wp:list-item --><\/p>\n<p><!-- wp:list-item --><\/p>\n<li>FIFA-Rundschreiben Nr. 1934 \u2013 FIFA-Disziplinarordnung (Ausgabe 2025)<\/li>\n<p><!-- \/wp:list-item --><\/p>\n<p><!-- wp:list-item --><\/p>\n<li>FIFA-Rundschreiben Nr. 1936 \u2013 RSTP: Klubkategorisierung und Registrierungsperioden<\/li>\n<p><!-- \/wp:list-item --><\/p>\n<p><!-- wp:list-item --><\/p>\n<li>FIFA-Rundschreiben Nr. 1937 \u2013 \u00c4nderungen am Reglement der FIFA-Abrechnungsstelle<\/li>\n<p><!-- \/wp:list-item --><\/p>\n<p><!-- wp:list-item --><\/p>\n<li>FIFA-Rundschreiben Nr. 1942 \u2013 \u00c4nderung von Artikel 68 der FIFA-Disziplinarordnung<\/li>\n<p><!-- \/wp:list-item --><\/p>\n<p><!-- wp:list-item --><\/p>\n<li>FIFA-Agenten-Regelwerk \u2013 H\u00e4ufig gestellte Fragen<\/li>\n<p><!-- \/wp:list-item --><\/p>\n<p><!-- wp:list-item --><\/p>\n<li>FIFA-Generalsekretariatsentscheidungen<\/li>\n<p><!-- \/wp:list-item --><\/ul>\n<p><!-- \/wp:list --><\/p>\n<p><!-- wp:paragraph --><\/p>\n<p>Diese F\u00e4cher werden zusammengefasst dargestellt, um den Zugang zu erleichtern und die Wiederholung f\u00fcr die offizielle Pr\u00fcfung zu vereinfachen.<\/p>\n<p><!-- \/wp:paragraph --><\/p>\n<p><!-- wp:heading --><\/p>\n<h2 class=\"wp-block-heading\"><strong>Effektive Nutzung des Lehrmaterials f\u00fcr die FIFA-Agentenpr\u00fcfung<\/strong><\/h2>\n<p><!-- \/wp:heading --><\/p>\n<p><!-- wp:paragraph --><\/p>\n<p>Das Lehrmaterial f\u00fcr die FIFA-Agentenpr\u00fcfung ist ein <strong>unverzichtbares Werkzeug<\/strong> zur Vorbereitung auf die offizielle Pr\u00fcfung. Indem es die Grundlagen jedes Fachgebiets klar darstellt und die Kandidaten durch die entscheidenden Schritte der Wiederholung f\u00fchrt, bietet es eine strukturierte und effektive Methode, die Pr\u00fcfung erfolgreich zu bestehen.<\/p>\n<p><!-- \/wp:paragraph --><\/p>\n<p><!-- wp:heading {\"level\":3} --><\/p>\n<h3 class=\"wp-block-heading\"><strong>Alle F\u00e4cher wiederholen<\/strong><\/h3>\n<p><!-- \/wp:heading --><\/p>\n<p><!-- wp:paragraph --><\/p>\n<p>Es ist wichtig, alle F\u00e4cher bei der Vorbereitung auf die FIFA-Agentenpr\u00fcfung zu beherrschen. Die Pr\u00fcfung umfasst alle offiziellen FIFA-Dokumente, was bedeutet, dass jedes Fach am Pr\u00fcfungstag relevant sein kann, auch solche, die auf den ersten Blick nebens\u00e4chlich erscheinen. Mit dem Lehrmaterial kann der Lernfortschritt strukturiert und sichergestellt werden, dass jedes Fach verstanden und verinnerlicht wird.<\/p>\n<p><!-- \/wp:paragraph --><\/p>\n<p><!-- wp:heading {\"level\":3} --><\/p>\n<h3 class=\"wp-block-heading\"><strong>Kombination von Lernmaterialien<\/strong><\/h3>\n<p><!-- \/wp:heading --><\/p>\n<p><!-- wp:paragraph --><\/p>\n<p>Das Lehrmaterial f\u00fcr die FIFA-Agentenpr\u00fcfung ist ein relevantes Werkzeug, um die F\u00e4cher einzuf\u00fchren und eine effektive Lernmethode zu entwickeln. Um erfolgreich zu sein, sollte es jedoch nicht ausschlie\u00dflich verwendet werden, sondern mit weiteren Lernressourcen kombiniert werden:<\/p>\n<p><!-- \/wp:paragraph --><\/p>\n<p><!-- wp:list --><\/p>\n<ul class=\"wp-block-list\"><!-- wp:list-item --><\/p>\n<li><a href=\"https:\/\/fifa.sportsagentinstitute.com\/de\/kurse\">Kurse<\/a>: Basierend auf offiziellen FIFA-Dokumenten, erm\u00f6glichen die Kurse einen umfassenden \u00dcberblick \u00fcber alle Themen der offiziellen FIFA-Pr\u00fcfung.<\/li>\n<p><!-- \/wp:list-item --><\/p>\n<p><!-- wp:list-item --><\/p>\n<li><a href=\"https:\/\/fifa.sportsagentinstitute.com\/de\/tests\">Tests<\/a>: Die Frageb\u00f6gen entsprechen denen, die in der FIFA-Agentenpr\u00fcfung gestellt werden k\u00f6nnten.<\/li>\n<p><!-- \/wp:list-item --><\/p>\n<p><!-- wp:list-item --><\/p>\n<li><a href=\"https:\/\/fifa.sportsagentinstitute.com\/de\/probeprufungen\">Probeklausuren<\/a>: Nach dem Vorbild der offiziellen Pr\u00fcfung konzipiert, versetzen sie die Lernenden in \u00e4hnliche Pr\u00fcfungssituationen (Zeit, gleiche Anzahl von Fragen, zuf\u00e4llige Themen\u2026).<\/li>\n<p><!-- \/wp:list-item --><\/ul>\n<p><!-- \/wp:list --><\/p>\n<p><!-- wp:heading --><\/p>\n<h2 class=\"wp-block-heading\"><strong>Das Lernmaterialien zur FIFA-Agentenpr\u00fcfung in K\u00fcrze<\/strong><\/h2>\n<p><!-- \/wp:heading --><\/p>\n<p><!-- wp:paragraph --><\/p>\n<p>Die im <strong>Lernmaterialien <\/strong>enthaltenen F\u00e4cher sind unverzichtbare Werkzeuge f\u00fcr eine erfolgreiche Vorbereitung auf die offizielle Pr\u00fcfung. Das Lehrmaterial bietet einen klaren, strukturierten und effektiven Ansatz. Es umfasst alle Themen, die in der FIFA-Agentenpr\u00fcfung behandelt werden k\u00f6nnten. Durch aktives Lernen, gute Organisation und die Kombination von Lehrmaterial mit weiteren Vorbereitungstools maximieren die Kandidaten ihre Erfolgschancen.<\/p>\n<p><!-- \/wp:paragraph --><\/p>\n<p><!-- wp:paragraph --><\/p>\n<p>Bereiten Sie sich jetzt vor und gehen Sie selbstbewusst auf Ihre FIFA-Agentenzertifizierung zu. Viel Erfolg bei Ihrer Vorbereitung!<\/p>\n<p><!-- \/wp:paragraph --><\/p>\n","protected":false},"excerpt":{"rendered":"<p>Warum sollte man das Lehrmaterial f\u00fcr die FIFA-Agentenpr\u00fcfung verwenden? Das erforderliche Wissensvolumen, um die FIFA-Agentenpr\u00fcfung erfolgreich zu bestehen, ist betr\u00e4chtlich. Die rechtlichen Texte sind umfangreich und anspruchsvoll, und um sie bestm\u00f6glich zu beherrschen, wird ein ernsthaftes und organisiertes Lernen empfohlen. Das Lehrmaterial f\u00fcr die FIFA-Agentenpr\u00fcfung hilft dabei, die Wiederholungseinheiten zu strukturieren und einen klaren Lernweg [&hellip;]<\/p>\n","protected":false},"author":1,"featured_media":0,"parent":0,"menu_order":0,"comment_status":"closed","ping_status":"closed","template":"materials-index.php","meta":{"_acf_changed":false,"footnotes":""},"formation_type":[],"class_list":["post-2355","page","type-page","status-publish","hentry"],"acf":[],"_links":{"self":[{"href":"https:\/\/fifa.sportsagentinstitute.com\/de\/wp-json\/wp\/v2\/pages\/2355","targetHints":{"allow":["GET"]}}],"collection":[{"href":"https:\/\/fifa.sportsagentinstitute.com\/de\/wp-json\/wp\/v2\/pages"}],"about":[{"href":"https:\/\/fifa.sportsagentinstitute.com\/de\/wp-json\/wp\/v2\/types\/page"}],"author":[{"embeddable":true,"href":"https:\/\/fifa.sportsagentinstitute.com\/de\/wp-json\/wp\/v2\/users\/1"}],"replies":[{"embeddable":true,"href":"https:\/\/fifa.sportsagentinstitute.com\/de\/wp-json\/wp\/v2\/comments?post=2355"}],"version-history":[{"count":7,"href":"https:\/\/fifa.sportsagentinstitute.com\/de\/wp-json\/wp\/v2\/pages\/2355\/revisions"}],"predecessor-version":[{"id":11574,"href":"https:\/\/fifa.sportsagentinstitute.com\/de\/wp-json\/wp\/v2\/pages\/2355\/revisions\/11574"}],"wp:attachment":[{"href":"https:\/\/fifa.sportsagentinstitute.com\/de\/wp-json\/wp\/v2\/media?parent=2355"}],"wp:term":[{"taxonomy":"formation_type","embeddable":true,"href":"https:\/\/fifa.sportsagentinstitute.com\/de\/wp-json\/wp\/v2\/formation_type?post=2355"}],"curies":[{"name":"wp","href":"https:\/\/api.w.org\/{rel}","templated":true}]}}