{"id":5236,"date":"2025-07-31T11:20:10","date_gmt":"2025-07-31T09:20:10","guid":{"rendered":"https:\/\/sportsagentinstitute.kinsta.cloud\/fifa\/?page_id=5236"},"modified":"2026-01-30T12:57:47","modified_gmt":"2026-01-30T11:57:47","slug":"kurse","status":"publish","type":"page","link":"https:\/\/fifa.sportsagentinstitute.com\/de\/kurse","title":{"rendered":"Kurse"},"content":{"rendered":"<p><!-- wp:heading --><\/p>\n<h2 class=\"wp-block-heading\"><strong>Warum einen Kurs f\u00fcr die FIFA Spielvermittlerpr\u00fcfung besuchen?<\/strong><\/h2>\n<p><!-- \/wp:heading --><\/p>\n<p><!-- wp:paragraph --><\/p>\n<p>Die FIFA Spielervermittler Pr\u00fcfung ist eine recht komplexe Pr\u00fcfung, die eine gr\u00fcndliche Vorbereitung im Voraus erfordert und keine Improvisation zul\u00e4sst. Im Jahr 2024 lag die Bestehensquote der offiziellen Pr\u00fcfung bei etwa 40 %. W\u00e4hrend der Pr\u00fcfungssitzungen gibt es einen Pool von zuf\u00e4lligen Fragen zu komplexen Regelungen, was die niedrige Erfolgsquote erkl\u00e4rt.<\/p>\n<p><!-- \/wp:paragraph --><\/p>\n<p><!-- wp:heading {\"level\":3} --><\/p>\n<h3 class=\"wp-block-heading\"><strong>Vorteile eines spezialisierten Kurses<\/strong><\/h3>\n<p><!-- \/wp:heading --><\/p>\n<p><!-- wp:paragraph --><\/p>\n<p>Die Teilnahme an einem <strong>spezialisierten Kurs f\u00fcr die offizielle FIFA-Pr\u00fcfung<\/strong> bietet zahlreiche Vorteile f\u00fcr die Pr\u00fcfungsvorbereitung der Kandidaten.<\/p>\n<p><!-- \/wp:paragraph --><\/p>\n<p><!-- wp:paragraph --><\/p>\n<p>Die Regelungen, die in den Pr\u00fcfungsfragen vorkommen, k\u00f6nnen manchmal sehr umfangreich sein. Zum Beispiel enth\u00e4lt das Regulament \u00fcber den Status und die Transfers von Spielern (RSTP) eine F\u00fclle von Informationen. Ein spezialisierter Kurs zu diesem offiziellen Text erm\u00f6glicht es den Lernenden, den \u00dcberblick w\u00e4hrend ihrer Vorbereitung nicht zu verlieren und eine f\u00fcr das Verst\u00e4ndnis der Inhalte notwendige <strong>Struktur<\/strong> und <strong>Klarheit<\/strong> zu behalten.<\/p>\n<p><!-- \/wp:paragraph --><\/p>\n<p><!-- wp:paragraph --><\/p>\n<p>Das Lernen mehrerer FIFA-Regelwerke kann schnell sehr zeitaufwendig werden. Ein strukturierter Kurs hilft angehenden Spielvermittlern, wertvolle Zeit bei der Pr\u00fcfungsvorbereitung zu sparen.<\/p>\n<p><!-- \/wp:paragraph --><\/p>\n<p><!-- wp:paragraph --><\/p>\n<p>Die im Kurs enthaltenen Erkl\u00e4rungen und der aktuelle Inhalt erm\u00f6glichen es den Kandidaten, die Schl\u00fcsselkonzepte jeder Regelung zu verstehen und gleichzeitig w\u00e4hrend der Vorbereitung auf dem neuesten Stand zu bleiben.<\/p>\n<p><!-- \/wp:paragraph --><\/p>\n<p><!-- wp:heading {\"level\":3} --><\/p>\n<h3 class=\"wp-block-heading\"><strong>Schwierigkeiten der FIFA Spielervermittler Pr\u00fcfung<\/strong><\/h3>\n<p><!-- \/wp:heading --><\/p>\n<p><!-- wp:paragraph --><\/p>\n<p>Die FIFA Spielervermittler Pr\u00fcfung wird in Form eines Multiple-Choice-Tests durchgef\u00fchrt. Die Pr\u00fcfung besteht aus 20 Fragen, die innerhalb von 1 Stunde beantwortet werden m\u00fcssen. Auf den ersten Blick mag dies f\u00fcr Personen aus dem Fu\u00dfballumfeld einfach erscheinen, aber in Wirklichkeit ist die Pr\u00fcfung ohne gr\u00fcndliche Vorbereitung anspruchsvoll.<\/p>\n<p><!-- \/wp:paragraph --><\/p>\n<p><!-- wp:paragraph --><\/p>\n<p>Die Fragen bestehen \u00fcberwiegend aus <strong>Praxisf\u00e4llen<\/strong>, die dazu dienen, das Verst\u00e4ndnis und die korrekte Anwendung der Regelungen durch die Kandidaten zu \u00fcberpr\u00fcfen.<\/p>\n<p><!-- \/wp:paragraph --><\/p>\n<p><!-- wp:paragraph --><\/p>\n<p>Einige Fragen in der Pr\u00fcfung beinhalten rechtliche und <strong>administrative Aspekte, die \u00fcber den Sport hinausgehen<\/strong>. Die FIFA beschr\u00e4nkt sich nicht nur auf Transferregeln oder Vertragsabschl\u00fcsse, sondern behandelt auch zahlreiche komplexe rechtliche Themen.<\/p>\n<p><!-- \/wp:paragraph --><\/p>\n<p><!-- wp:paragraph --><\/p>\n<p>Zudem stellt die FIFA sicher, dass am Pr\u00fcfungstag eine Vielfalt an Themen behandelt wird, die ein breites Spektrum der verschiedenen Regelungen abdecken.<\/p>\n<p><!-- \/wp:paragraph --><\/p>\n<p><!-- wp:heading --><\/p>\n<h2 class=\"wp-block-heading\"><strong>Inhalte des Kurses zur FIFA Spielvermittlerpr\u00fcfung<\/strong><\/h2>\n<p><!-- \/wp:heading --><\/p>\n<p><!-- wp:paragraph --><\/p>\n<p>Der Kurs zur Vorbereitung auf die FIFA Spielvermittlerpr\u00fcfung ist so strukturiert, dass alle Themen abgedeckt werden, die in der offiziellen Pr\u00fcfung vorkommen k\u00f6nnen.<\/p>\n<p><!-- \/wp:paragraph --><\/p>\n<p><!-- wp:heading {\"level\":3} --><\/p>\n<h3 class=\"wp-block-heading\"><strong>Theoretische Module basierend auf offiziellen FIFA-Dokumenten<\/strong><\/h3>\n<p><!-- \/wp:heading --><\/p>\n<p><!-- wp:paragraph --><\/p>\n<p>Der Vorbereitungskurs f\u00fcr die FIFA Spielvermittlerpr\u00fcfung st\u00fctzt sich auf eine eingehende Analyse der <strong>offiziellen FIFA-Dokumente<\/strong>. Unter den offiziellen FIFA-Dokumenten, die im Kurs behandelt werden, befinden sich:<\/p>\n<p><!-- \/wp:paragraph --><\/p>\n<p><!-- wp:list --><\/p>\n<ul class=\"wp-block-list\"><!-- wp:list-item --><\/p>\n<li>FIFA-Statuten<\/li>\n<p><!-- \/wp:list-item --><\/p>\n<p><!-- wp:list-item --><\/p>\n<li>FIFA-Disziplinarordnung<\/li>\n<p><!-- \/wp:list-item --><\/p>\n<p><!-- wp:list-item --><\/p>\n<li>FIFA-Ethikreglement<\/li>\n<p><!-- \/wp:list-item --><\/p>\n<p><!-- wp:list-item --><\/p>\n<li>Reglement bez\u00fcglich Status und Transfer von Spielern (RSTP)<\/li>\n<p><!-- \/wp:list-item --><\/p>\n<p><!-- wp:list-item --><\/p>\n<li>Verfahrensregeln des Fu\u00dfballgerichts<\/li>\n<p><!-- \/wp:list-item --><\/p>\n<p><!-- wp:list-item --><\/p>\n<li>Reglement der FIFA-Abrechnungsstelle&nbsp;<\/li>\n<p><!-- \/wp:list-item --><\/p>\n<p><!-- wp:list-item --><\/p>\n<li>FIFA-Reglement \u00fcber Fu\u00dfballagenten<\/li>\n<p><!-- \/wp:list-item --><\/ul>\n<p><!-- \/wp:list --><\/p>\n<p><!-- wp:paragraph --><\/p>\n<p>Diese Dokumente bilden die Grundlage der Pr\u00fcfung, und ihre Beherrschung ist entscheidend, um die FIFA Spielvermittlerpr\u00fcfung erfolgreich zu bestehen.<\/p>\n<p><!-- \/wp:paragraph --><\/p>\n<p><!-- wp:heading {\"level\":3} --><\/p>\n<h3 class=\"wp-block-heading\"><strong>Strukturierte und erkl\u00e4rende Kurse<\/strong><\/h3>\n<p><!-- \/wp:heading --><\/p>\n<p><!-- wp:paragraph --><\/p>\n<p>Die Kurse zur Vorbereitung auf die offizielle Pr\u00fcfung bieten eine logische und klare Progression und decken alle Konzepte der Regelungen ab. Neben der vollst\u00e4ndigen Abdeckung der Inhalte der Dokumente sind die Kurse in Kapitel unterteilt, die der Struktur der offiziellen Texte treu bleiben.<\/p>\n<p><!-- \/wp:paragraph --><\/p>\n<p><!-- wp:paragraph --><\/p>\n<p>In jedem Kapitel gibt es mehrere Kursinhalte, die durch Erkl\u00e4rungen erg\u00e4nzt werden, um den Lernenden das Verst\u00e4ndnis der Konzepte jedes Dokuments zu erleichtern.<\/p>\n<p><!-- \/wp:paragraph --><\/p>\n<p><!-- wp:heading --><\/p>\n<h2 class=\"wp-block-heading\"><strong>Effektive Nutzung des Kurses f\u00fcr die Pr\u00fcfungsvorbereitung<\/strong><\/h2>\n<p><!-- \/wp:heading --><\/p>\n<p><!-- wp:paragraph --><\/p>\n<p>Die Nutzung eines strukturierten und erkl\u00e4rten Kurses f\u00fcr die FIFA Spielvermittlerpr\u00fcfung ist entscheidend, um die rechtlichen und administrativen Konzepte sowie die von der FIFA geforderten Praktiken zu verstehen. Der Kurs muss jedoch effektiv genutzt werden, indem geeignete <strong>Lernmethoden angewandt<\/strong> und die <strong>p\u00e4dagogischen Werkzeuge kombiniert<\/strong> werden, um die Erfolgschancen bei der FIFA Spielvermittlerpr\u00fcfung zu maximieren.<\/p>\n<p><!-- \/wp:paragraph --><\/p>\n<p><!-- wp:heading {\"level\":3} --><\/p>\n<h3 class=\"wp-block-heading\"><strong>Empfohlene Lernmethoden<\/strong><\/h3>\n<p><!-- \/wp:heading --><\/p>\n<p><!-- wp:paragraph --><\/p>\n<p>Um den Kurs f\u00fcr die FIFA Spielvermittlerpr\u00fcfung effektiv zu nutzen, reicht es nicht aus, nur den Inhalt zu konsumieren. Es ist notwendig, eine echte Lernstrategie zu entwickeln. Zun\u00e4chst sollten regelm\u00e4\u00dfig <strong>Lernzeiten geplant werden<\/strong>, um den Stoff schrittweise zu erarbeiten, ohne sich zu \u00fcberlasten. <strong>Lernkarten <\/strong>k\u00f6nnen die Vorbereitung zus\u00e4tzlich unterst\u00fctzen, indem sie Schl\u00fcsselkonzepte und wichtige Passagen zusammenfassen.<\/p>\n<p><!-- \/wp:paragraph --><\/p>\n<p><!-- wp:heading {\"level\":3} --><\/p>\n<h3 class=\"wp-block-heading\"><strong>Kombination p\u00e4dagogischer Werkzeuge<\/strong><\/h3>\n<p><!-- \/wp:heading --><\/p>\n<p><!-- wp:paragraph --><\/p>\n<p>Der Kursinhalt vermittelt den Lernenden die zentralen Konzepte und Informationen, die in der FIFA Spielvermittlerpr\u00fcfung gepr\u00fcft werden. Um diese Konzepte jedoch vollst\u00e4ndig zu beherrschen, ist es sinnvoll, verschiedene p\u00e4dagogische Werkzeuge zu kombinieren. Neben den Kursen gibt es <a href=\"https:\/\/fifa.sportsagentinstitute.com\/de\/tests\">Tests<\/a>, <a href=\"https:\/\/fifa.sportsagentinstitute.com\/de\/lernmaterialien\">Lernmaterialien<\/a> und <a href=\"https:\/\/fifa.sportsagentinstitute.com\/de\/probeprufungen\">Probeklausuren<\/a>, um die Inhalte der offiziellen Dokumente besser zu verstehen und zu verinnerlichen.<\/p>\n<p><!-- \/wp:paragraph --><\/p>\n<p><!-- wp:heading --><\/p>\n<h2 class=\"wp-block-heading\"><strong>Kurse FIFA Spielvermittler im \u00dcberblick<\/strong><\/h2>\n<p><!-- \/wp:heading --><\/p>\n<p><!-- wp:paragraph --><\/p>\n<p>Die <strong>Kurse zur FIFA Spielvermittlerpr\u00fcfung<\/strong>, erg\u00e4nzt durch detaillierte Erkl\u00e4rungen, spielen eine zentrale Rolle bei der Pr\u00fcfungsvorbereitung. Diese Kurse decken alle Themen ab, die in der Pr\u00fcfung vorkommen k\u00f6nnen, und bieten den Lernenden die beste M\u00f6glichkeit, sich optimal vorzubereiten, indem sie eine effektive Lernmethode anwenden und die p\u00e4dagogischen Werkzeuge kombinieren.<\/p>\n<p><!-- \/wp:paragraph --><\/p>\n<p><!-- wp:paragraph --><\/p>\n<p>Kurs, FIFA Spielvermittler und praxisnahe Erkl\u00e4rungen sind somit ein unverzichtbares Hilfsmittel f\u00fcr alle, die die FIFA Spielvermittlerpr\u00fcfung erfolgreich bestehen wollen.<\/p>\n<p><!-- \/wp:paragraph --><\/p>\n","protected":false},"excerpt":{"rendered":"<p>Warum einen Kurs f\u00fcr die FIFA Spielvermittlerpr\u00fcfung besuchen? Die FIFA Spielervermittler Pr\u00fcfung ist eine recht komplexe Pr\u00fcfung, die eine gr\u00fcndliche Vorbereitung im Voraus erfordert und keine Improvisation zul\u00e4sst. Im Jahr 2024 lag die Bestehensquote der offiziellen Pr\u00fcfung bei etwa 40 %. W\u00e4hrend der Pr\u00fcfungssitzungen gibt es einen Pool von zuf\u00e4lligen Fragen zu komplexen Regelungen, was [&hellip;]<\/p>\n","protected":false},"author":3,"featured_media":0,"parent":0,"menu_order":0,"comment_status":"closed","ping_status":"closed","template":"cours-index.php","meta":{"_acf_changed":false,"footnotes":""},"formation_type":[],"class_list":["post-5236","page","type-page","status-publish","hentry"],"acf":[],"_links":{"self":[{"href":"https:\/\/fifa.sportsagentinstitute.com\/de\/wp-json\/wp\/v2\/pages\/5236","targetHints":{"allow":["GET"]}}],"collection":[{"href":"https:\/\/fifa.sportsagentinstitute.com\/de\/wp-json\/wp\/v2\/pages"}],"about":[{"href":"https:\/\/fifa.sportsagentinstitute.com\/de\/wp-json\/wp\/v2\/types\/page"}],"author":[{"embeddable":true,"href":"https:\/\/fifa.sportsagentinstitute.com\/de\/wp-json\/wp\/v2\/users\/3"}],"replies":[{"embeddable":true,"href":"https:\/\/fifa.sportsagentinstitute.com\/de\/wp-json\/wp\/v2\/comments?post=5236"}],"version-history":[{"count":5,"href":"https:\/\/fifa.sportsagentinstitute.com\/de\/wp-json\/wp\/v2\/pages\/5236\/revisions"}],"predecessor-version":[{"id":11590,"href":"https:\/\/fifa.sportsagentinstitute.com\/de\/wp-json\/wp\/v2\/pages\/5236\/revisions\/11590"}],"wp:attachment":[{"href":"https:\/\/fifa.sportsagentinstitute.com\/de\/wp-json\/wp\/v2\/media?parent=5236"}],"wp:term":[{"taxonomy":"formation_type","embeddable":true,"href":"https:\/\/fifa.sportsagentinstitute.com\/de\/wp-json\/wp\/v2\/formation_type?post=5236"}],"curies":[{"name":"wp","href":"https:\/\/api.w.org\/{rel}","templated":true}]}}