{"id":5238,"date":"2025-09-12T09:48:02","date_gmt":"2025-09-12T07:48:02","guid":{"rendered":"https:\/\/sportsagentinstitute.kinsta.cloud\/fifa\/?page_id=5238"},"modified":"2026-03-10T16:56:46","modified_gmt":"2026-03-10T15:56:46","slug":"probeprufungen","status":"publish","type":"page","link":"https:\/\/fifa.sportsagentinstitute.com\/de\/probeprufungen","title":{"rendered":"Probepr\u00fcfungen"},"content":{"rendered":"<p><!-- wp:heading --><\/p>\n<h2 class=\"wp-block-heading\"><strong>Warum eine FIFA-Agenten-Mock-Pr\u00fcfung ablegen?<\/strong><\/h2>\n<p><!-- \/wp:heading --><\/p>\n<p><!-- wp:paragraph --><\/p>\n<p>Die FIFA-Agenten-Mock-Pr\u00fcfung ist ein entscheidender Schritt f\u00fcr jeden angehenden Agenten, der die offizielle FIFA-Pr\u00fcfung bestehen m\u00f6chte. Dieser Vortest hilft den Kandidaten, sich mit dem Pr\u00fcfungsformat vertraut zu machen, ihre St\u00e4rken und Schw\u00e4chen in ihrer Vorbereitung zu identifizieren und ihre Erfolgschancen zu optimieren.<\/p>\n<p><!-- \/wp:paragraph --><\/p>\n<p><!-- wp:heading {\"level\":3} --><\/p>\n<h3 class=\"wp-block-heading\"><strong>Effektiv vorbereiten<\/strong><\/h3>\n<p><!-- \/wp:heading --><\/p>\n<p><!-- wp:paragraph --><\/p>\n<p>Die Mock-Pr\u00fcfung bietet eine realistische Simulation der offiziellen FIFA-Agenten-Pr\u00fcfung. Sie taucht die Kandidaten in \u00e4hnliche Bedingungen ein. Diese immersive Vorbereitung hilft, Stress abzubauen und das Selbstvertrauen am Pr\u00fcfungstag zu erh\u00f6hen.<\/p>\n<p><!-- \/wp:paragraph --><\/p>\n<p><!-- wp:heading {\"level\":3} --><\/p>\n<h3 class=\"wp-block-heading\"><strong>Schw\u00e4chen identifizieren<\/strong><\/h3>\n<p><!-- \/wp:heading --><\/p>\n<p><!-- wp:paragraph --><\/p>\n<p>Eine Mock-Pr\u00fcfung erm\u00f6glicht es den Kandidaten, Bereiche zu erkennen, in denen zus\u00e4tzliches Wissen oder eine gr\u00fcndlichere \u00dcberarbeitung erforderlich ist. Dies hilft den Kandidaten, ihre Bem\u00fchungen effektiver zu lenken und sich auf Themen zu konzentrieren, in denen sie weniger kompetent sind.<\/p>\n<p><!-- \/wp:paragraph --><\/p>\n<p><!-- wp:heading {\"level\":3} --><\/p>\n<h3 class=\"wp-block-heading\"><strong>Zeitmanagement optimieren<\/strong><\/h3>\n<p><!-- \/wp:heading --><\/p>\n<p><!-- wp:paragraph --><\/p>\n<p>Zeitmanagement ist ein entscheidender Aspekt der Pr\u00fcfung. Durch das Ablegen einer Mock-Pr\u00fcfung k\u00f6nnen die Kandidaten beurteilen, wie viel Zeit sie f\u00fcr jede Frage ben\u00f6tigen und ihre Strategie anpassen, um ihre Leistung zu maximieren, ohne zu hetzen oder die Zeit zu verlieren.<\/p>\n<p><!-- \/wp:paragraph --><\/p>\n<p><!-- wp:heading --><\/p>\n<h2 class=\"wp-block-heading\"><strong>Was ist in den FIFA-Agenten-Mock-Pr\u00fcfungen enthalten?<\/strong><\/h2>\n<p><!-- \/wp:heading --><\/p>\n<p><!-- wp:paragraph --><\/p>\n<p>Die FIFA-Agenten-Mock-Pr\u00fcfungen des SportsAgent Institute decken alle Themen der <a href=\"https:\/\/fifa.sportsagentinstitute.com\/de\/lernmaterialien\">Lernmaterialien<\/a> f\u00fcr die FIFA-Agentenpr\u00fcfung ab. Hier ist eine detaillierte \u00dcbersicht der Themen der Lernmaterialien:<\/p>\n<p><!-- \/wp:paragraph --><\/p>\n<p><!-- wp:list --><\/p>\n<ul class=\"wp-block-list\"><!-- wp:list-item --><\/p>\n<li>FIFA-Statuten<\/li>\n<p><!-- \/wp:list-item --><\/p>\n<p><!-- wp:list-item --><\/p>\n<li>FIFA-Disziplinarordnung (Ausgabe 2025)<\/li>\n<p><!-- \/wp:list-item --><\/p>\n<p><!-- wp:list-item --><\/p>\n<li>FIFA-Ethikreglement (Ausgabe 2023)<\/li>\n<p><!-- \/wp:list-item --><\/p>\n<p><!-- wp:list-item --><\/p>\n<li>Reglement bez\u00fcglich Status und Transfer von Spielern (Ausgabe Juli 2025)<\/li>\n<p><!-- \/wp:list-item --><\/p>\n<p><!-- wp:list-item --><\/p>\n<li>Verfahrensregeln des Fu\u00dfballgerichts<\/li>\n<p><!-- \/wp:list-item --><\/p>\n<p><!-- wp:list-item --><\/p>\n<li>Reglement der FIFA-Abrechnungsstelle<\/li>\n<p><!-- \/wp:list-item --><\/p>\n<p><!-- wp:list-item --><\/p>\n<li>FIFA-Reglement \u00fcber Fu\u00dfballagenten<\/li>\n<p><!-- \/wp:list-item --><\/p>\n<p><!-- wp:list-item --><\/p>\n<li>FIFA Guardians\u2122 \u2013 Leitfaden zum Kinderschutz f\u00fcr Mitgliedsverb\u00e4nde<\/li>\n<p><!-- \/wp:list-item --><\/p>\n<p><!-- wp:list-item --><\/p>\n<li>Grundlagen des Kinderschutzes FIFA Guardians\u2122: Kurs 1<\/li>\n<p><!-- \/wp:list-item --><\/p>\n<p><!-- wp:list-item --><\/p>\n<li>FIFA-Leitfaden f\u00fcr ethische Rekrutierung<\/li>\n<p><!-- \/wp:list-item --><\/p>\n<p><!-- wp:list-item --><\/p>\n<li>FIFA-Rundschreiben Nr. 1827 \u2013 FIFA-Agenten-Regelwerk<\/li>\n<p><!-- \/wp:list-item --><\/p>\n<p><!-- wp:list-item --><\/p>\n<li>FIFA-Rundschreiben Nr. 1867 \u2013 Nichteinhaltung von Schlichtungsvereinbarungen \u2013 Zust\u00e4ndigkeit des FIFA-Disziplinarkomitees<\/li>\n<p><!-- \/wp:list-item --><\/p>\n<p><!-- wp:list-item --><\/p>\n<li>FIFA-Rundschreiben Nr. 1873 \u2013 Update zum FIFA-Agenten-Regelwerk<\/li>\n<p><!-- \/wp:list-item --><\/p>\n<p><!-- wp:list-item --><\/p>\n<li>FIFA-Rundschreiben Nr. 1874 \u2013 FIFA-Agenten-Regelwerk: Lizenzen und Kammer f\u00fcr Agenten beim Fu\u00dfballgericht<\/li>\n<p><!-- \/wp:list-item --><\/p>\n<p><!-- wp:list-item --><\/p>\n<li>FIFA-Rundschreiben Nr. 1887 \u2013 \u00c4nderungen am RSTP: Bestimmungen zum Frauenfu\u00dfball, Verl\u00e4ngerung von Anhang 7 &amp; Verfahren f\u00fcr internationale Transfers<\/li>\n<p><!-- \/wp:list-item --><\/p>\n<p><!-- wp:list-item --><\/p>\n<li>FIFA-Rundschreiben Nr. 1889 \u2013 \u00c4nderungen der FIFA-Statuten, des Anwendungsreglements und des Kongressreglements<\/li>\n<p><!-- \/wp:list-item --><\/p>\n<p><!-- wp:list-item --><\/p>\n<li>FIFA-Rundschreiben Nr. 1891 \u2013 FIFA-Agenten-Regelwerk \u2013 Pr\u00fcfungstermine<\/li>\n<p><!-- \/wp:list-item --><\/p>\n<p><!-- wp:list-item --><\/p>\n<li>FIFA-Rundschreiben Nr. 1892 \u2013 RSTP: Klubkategorisierung und Registrierungsperioden<\/li>\n<p><!-- \/wp:list-item --><\/p>\n<p><!-- wp:list-item --><\/p>\n<li>FIFA-Rundschreiben Nr. 1905 \u2013 Weitere \u00c4nderungen am RSTP<\/li>\n<p><!-- \/wp:list-item --><\/p>\n<p><!-- wp:list-item --><\/p>\n<li>FIFA-Rundschreiben Nr. 1917 \u2013 Tempor\u00e4rer Rechtsrahmen \u2013 \u00c4nderungen am RSTP &amp; an den Verfahrensregeln des Fu\u00dfballgerichts<\/li>\n<p><!-- \/wp:list-item --><\/p>\n<p><!-- wp:list-item --><\/p>\n<li>FIFA-Rundschreiben Nr. 1918 \u2013 \u00c4nderungen am Reglement der FIFA-Abrechnungsstelle und am RSTP<\/li>\n<p><!-- \/wp:list-item --><\/p>\n<p><!-- wp:list-item --><\/p>\n<li>FIFA-Rundschreiben Nr. 1919 \u2013 \u00c4nderungen am FIFA-Agenten-Regelwerk und Einf\u00fchrung einer Online-Pr\u00fcfung<\/li>\n<p><!-- \/wp:list-item --><\/p>\n<p><!-- wp:list-item --><\/p>\n<li>FIFA-Rundschreiben Nr. 1934 \u2013 FIFA-Disziplinarordnung (Ausgabe 2025)<\/li>\n<p><!-- \/wp:list-item --><\/p>\n<p><!-- wp:list-item --><\/p>\n<li>FIFA-Rundschreiben Nr. 1936 \u2013 RSTP: Klubkategorisierung und Registrierungsperioden<\/li>\n<p><!-- \/wp:list-item --><\/p>\n<p><!-- wp:list-item --><\/p>\n<li>FIFA-Rundschreiben Nr. 1937 \u2013 \u00c4nderungen am Reglement der FIFA-Abrechnungsstelle<\/li>\n<p><!-- \/wp:list-item --><\/p>\n<p><!-- wp:list-item --><\/p>\n<li>FIFA-Rundschreiben Nr. 1942 \u2013 \u00c4nderung von Artikel 68 der FIFA-Disziplinarordnung<\/li>\n<p><!-- \/wp:list-item --><\/p>\n<p><!-- wp:list-item --><\/p>\n<li>FIFA-Agenten-Regelwerk \u2013 H\u00e4ufig gestellte Fragen<\/li>\n<p><!-- \/wp:list-item --><\/p>\n<p><!-- wp:list-item --><\/p>\n<li>FIFA-Generalsekretariatsentscheidungen<\/li>\n<p><!-- \/wp:list-item --><\/ul>\n<p><!-- \/wp:list --><\/p>\n<p><!-- wp:paragraph --><\/p>\n<p>In unseren FIFA-Agenten-Mock-Pr\u00fcfungen finden Sie \u00fcber <strong>500 Fragen<\/strong>, die von allen in den FIFA-Pr\u00fcfungsunterlagen aufgef\u00fchrten Themen inspiriert sind. Entdecken Sie weitere <a href=\"https:\/\/fifa.sportsagentinstitute.com\/de\/tests\">Tests<\/a>, um Ihr Wissen gezielt zu pr\u00fcfen und sich optimal auf die Pr\u00fcfung vorzubereiten.<\/p>\n<p><!-- \/wp:paragraph --><\/p>\n<p><!-- wp:heading --><\/p>\n<h2 class=\"wp-block-heading\"><strong>Sind die FIFA-Agenten-Mock-Pr\u00fcfungen schwierig?<\/strong><\/h2>\n<p><!-- \/wp:heading --><\/p>\n<p><!-- wp:paragraph --><\/p>\n<p>Die Mock-Pr\u00fcfung kann als schwierig wahrgenommen werden, ist jedoch so konzipiert, dass sie die offizielle FIFA-Agenten-Pr\u00fcfung getreu widerspiegelt. Hier sind einige Faktoren, die die wahrgenommene Schwierigkeit beeinflussen:<\/p>\n<p><!-- \/wp:paragraph --><\/p>\n<p><!-- wp:heading {\"level\":3} --><\/p>\n<h3 class=\"wp-block-heading\"><strong>Fragenkomplexit\u00e4t<\/strong><\/h3>\n<p><!-- \/wp:heading --><\/p>\n<p><!-- wp:paragraph --><\/p>\n<p>Die Fragen in der FIFA-Agenten-Mock-Pr\u00fcfung decken ein breites Themenspektrum ab, wie oben beschrieben, mit <strong>unterschiedlichen Schwierigkeitsgraden<\/strong>. Sie sollen nicht nur das Wissen \u00fcber Vorschriften und Verfahren testen, sondern auch die F\u00e4higkeit, sie in praktischen Situationen anzuwenden.<\/p>\n<p><!-- \/wp:paragraph --><\/p>\n<p><!-- wp:heading {\"level\":3} --><\/p>\n<h3 class=\"wp-block-heading\"><strong>Strenge Szenarien<\/strong><\/h3>\n<p><!-- \/wp:heading --><\/p>\n<p><!-- wp:paragraph --><\/p>\n<p>Die Fragen und Szenarien in der FIFA-Agenten-Mock-Pr\u00fcfung basieren auf <strong>realen Situationen<\/strong>, die komplex sein k\u00f6nnen. Dies erfordert von den Kandidaten Urteilsverm\u00f6gen und tiefgehende Kenntnisse.<\/p>\n<p><!-- \/wp:paragraph --><\/p>\n<p><!-- wp:heading {\"level\":3} --><\/p>\n<h3 class=\"wp-block-heading\"><strong>Zeitdruck<\/strong><\/h3>\n<p><!-- \/wp:heading --><\/p>\n<p><!-- wp:paragraph --><\/p>\n<p>Wie bei der offiziellen Pr\u00fcfung auferlegt die FIFA-Agenten-Mock-Pr\u00fcfung strenge Zeitbeschr\u00e4nkungen. Dies f\u00fcgt eine zus\u00e4tzliche Schwierigkeitsebene hinzu, da die Kandidaten nicht nur die Antworten kennen, sondern sie auch schnell und effizient liefern m\u00fcssen.<\/p>\n<p><!-- \/wp:paragraph --><\/p>\n<p><!-- wp:heading --><\/p>\n<h2 class=\"wp-block-heading\"><strong>5 Tipps zum Bestehen einer FIFA-Agenten-Mock-Pr\u00fcfung<\/strong><\/h2>\n<p><!-- \/wp:heading --><\/p>\n<p><!-- wp:paragraph --><\/p>\n<p>Um Ihre Erfolgschancen in der FIFA-Agenten-Mock-Pr\u00fcfung und damit auch in der offiziellen Pr\u00fcfung zu maximieren, hier einige praktische Tipps:<\/p>\n<p><!-- \/wp:paragraph --><\/p>\n<p><!-- wp:heading {\"level\":3} --><\/p>\n<h3 class=\"wp-block-heading\"><strong>Regelm\u00e4\u00dfig lernen<\/strong><\/h3>\n<p><!-- \/wp:heading --><\/p>\n<p><!-- wp:paragraph --><\/p>\n<p>Konstanz ist der Schl\u00fcssel. Anstatt alles in letzter Minute zu wiederholen, wird empfohlen, einen <strong>Lernplan <\/strong>aufzustellen und sich daran zu halten. Regelm\u00e4\u00dfiges Wiederholen hilft, Informationen langfristig besser zu behalten.<\/p>\n<p><!-- \/wp:paragraph --><\/p>\n<p><!-- wp:heading {\"level\":3} --><\/p>\n<h3 class=\"wp-block-heading\"><strong>Alle verf\u00fcgbaren Ressourcen nutzen<\/strong><\/h3>\n<p><!-- \/wp:heading --><\/p>\n<p><!-- wp:paragraph --><\/p>\n<p>Zus\u00e4tzlich zu den Mock-Pr\u00fcfungen k\u00f6nnen die Kandidaten alle von der FIFA und dem SportsAgent Institute bereitgestellten Ressourcen nutzen, wie Ressourcen, <a href=\"https:\/\/fifa.sportsagentinstitute.com\/de\/kurse\">Kurse<\/a> und Online-Trainingsvideos.<\/p>\n<p><!-- \/wp:paragraph --><\/p>\n<p><!-- wp:heading {\"level\":3} --><\/p>\n<h3 class=\"wp-block-heading\"><strong>Pr\u00fcfungsbedingungen simulieren<\/strong><\/h3>\n<p><!-- \/wp:heading --><\/p>\n<p><!-- wp:paragraph --><\/p>\n<p>W\u00e4hrend der \u00dcberarbeitung ist es n\u00fctzlich, die <strong>Pr\u00fcfungsbedingungen <\/strong>so realistisch wie m\u00f6glich nachzubilden. Dies umfasst das Zeitmanagement, die Ber\u00fccksichtigung der erlaubten Ressourcen (die FIFA-Agenten-Pr\u00fcfung ist eine Open-Book-Pr\u00fcfung) und die Einhaltung strenger Beschr\u00e4nkungen, um sich mit dem Druck vertraut zu machen und die Leistung unter Stress zu verbessern.<\/p>\n<p><!-- \/wp:paragraph --><\/p>\n<p><!-- wp:heading {\"level\":3} --><\/p>\n<h3 class=\"wp-block-heading\"><strong>Fehler analysieren<\/strong><\/h3>\n<p><!-- \/wp:heading --><\/p>\n<p><!-- wp:paragraph --><\/p>\n<p>Nach jeder Mock-Pr\u00fcfung ist es entscheidend, die gemachten Fehler zu analysieren. Das Verst\u00e4ndnis, warum eine Antwort falsch war, hilft, dieselben Fehler in Zukunft zu vermeiden und vertieft das Verst\u00e4ndnis der Themen.<\/p>\n<p><!-- \/wp:paragraph --><\/p>\n<p><!-- wp:heading {\"level\":3} --><\/p>\n<h3 class=\"wp-block-heading\"><strong>K\u00f6rperliches und geistiges Wohlbefinden<\/strong><\/h3>\n<p><!-- \/wp:heading --><\/p>\n<p><!-- wp:paragraph --><\/p>\n<p>K\u00f6rperliches und geistiges Wohlbefinden ist entscheidend. Gute Ern\u00e4hrung, ausreichender Schlaf und regelm\u00e4\u00dfige Pausen helfen, die Konzentration zu optimieren und den Stress zu reduzieren.<\/p>\n<p><!-- \/wp:paragraph --><\/p>\n<p><!-- wp:heading --><\/p>\n<h2 class=\"wp-block-heading\"><strong>FIFA-Agenten-Mock-Pr\u00fcfung, kurz zusammengefasst<\/strong><\/h2>\n<p><!-- \/wp:heading --><\/p>\n<p><!-- wp:paragraph --><\/p>\n<p>Die <strong>FIFA-Agenten-Mock-Pr\u00fcfung<\/strong> ist ein <strong>unverzichtbares Werkzeug <\/strong>f\u00fcr jeden angehenden Agenten, der die offizielle Pr\u00fcfung bestehen m\u00f6chte. Sie bietet eine realistische Vorbereitung, hilft, Schw\u00e4chen zu identifizieren, und optimiert das Zeitmanagement.&nbsp;<\/p>\n<p><!-- \/wp:paragraph --><\/p>\n<p><!-- wp:paragraph --><\/p>\n<p>Obwohl die <a href=\"https:\/\/fifa.sportsagentinstitute.com\/de\/blog\/fifa-pruefung\" data-type=\"post\" data-id=\"521\">Spielervermittler Pr\u00fcfung<\/a> als herausfordernd erscheinen mag, k\u00f6nnen die Kandidaten mit guter Vorbereitung, regelm\u00e4\u00dfigen Mock-Pr\u00fcfungen, effektiver Nutzung der verf\u00fcgbaren Ressourcen und guter Stressbew\u00e4ltigung ihre Erfolgschancen erheblich steigern.<\/p>\n<p><!-- \/wp:paragraph --><\/p>\n<p><!-- wp:paragraph --><\/p>\n<p>Bereiten Sie sich jetzt vor und gehen Sie mit Zuversicht auf Ihre FIFA-Agenten-Zertifizierung zu. Viel Gl\u00fcck bei Ihrer Vorbereitung!<\/p>\n<p><!-- \/wp:paragraph --><\/p>\n","protected":false},"excerpt":{"rendered":"<p>Warum eine FIFA-Agenten-Mock-Pr\u00fcfung ablegen? Die FIFA-Agenten-Mock-Pr\u00fcfung ist ein entscheidender Schritt f\u00fcr jeden angehenden Agenten, der die offizielle FIFA-Pr\u00fcfung bestehen m\u00f6chte. Dieser Vortest hilft den Kandidaten, sich mit dem Pr\u00fcfungsformat vertraut zu machen, ihre St\u00e4rken und Schw\u00e4chen in ihrer Vorbereitung zu identifizieren und ihre Erfolgschancen zu optimieren. Effektiv vorbereiten Die Mock-Pr\u00fcfung bietet eine realistische Simulation der [&hellip;]<\/p>\n","protected":false},"author":3,"featured_media":0,"parent":0,"menu_order":0,"comment_status":"closed","ping_status":"closed","template":"mockexam-index.php","meta":{"_acf_changed":false,"footnotes":""},"formation_type":[],"class_list":["post-5238","page","type-page","status-publish","hentry"],"acf":[],"_links":{"self":[{"href":"https:\/\/fifa.sportsagentinstitute.com\/de\/wp-json\/wp\/v2\/pages\/5238","targetHints":{"allow":["GET"]}}],"collection":[{"href":"https:\/\/fifa.sportsagentinstitute.com\/de\/wp-json\/wp\/v2\/pages"}],"about":[{"href":"https:\/\/fifa.sportsagentinstitute.com\/de\/wp-json\/wp\/v2\/types\/page"}],"author":[{"embeddable":true,"href":"https:\/\/fifa.sportsagentinstitute.com\/de\/wp-json\/wp\/v2\/users\/3"}],"replies":[{"embeddable":true,"href":"https:\/\/fifa.sportsagentinstitute.com\/de\/wp-json\/wp\/v2\/comments?post=5238"}],"version-history":[{"count":8,"href":"https:\/\/fifa.sportsagentinstitute.com\/de\/wp-json\/wp\/v2\/pages\/5238\/revisions"}],"predecessor-version":[{"id":14117,"href":"https:\/\/fifa.sportsagentinstitute.com\/de\/wp-json\/wp\/v2\/pages\/5238\/revisions\/14117"}],"wp:attachment":[{"href":"https:\/\/fifa.sportsagentinstitute.com\/de\/wp-json\/wp\/v2\/media?parent=5238"}],"wp:term":[{"taxonomy":"formation_type","embeddable":true,"href":"https:\/\/fifa.sportsagentinstitute.com\/de\/wp-json\/wp\/v2\/formation_type?post=5238"}],"curies":[{"name":"wp","href":"https:\/\/api.w.org\/{rel}","templated":true}]}}