{"id":10426,"date":"2026-01-19T17:18:54","date_gmt":"2026-01-19T16:18:54","guid":{"rendered":"https:\/\/preprod.fifa.sportsagentinstitute.com\/?page_id=10426"},"modified":"2026-01-26T20:50:59","modified_gmt":"2026-01-26T19:50:59","slug":"terminos-del-servicio","status":"publish","type":"page","link":"https:\/\/fifa.sportsagentinstitute.com\/es\/terminos-del-servicio","title":{"rendered":"T\u00e9rminos del servicio"},"content":{"rendered":"<p><!-- wp:paragraph --><\/p>\n<p>Nuestros T\u00e9rminos del servicio est\u00e1n disponibles \u00fanicamente en <a href=\"https:\/\/fifa.sportsagentinstitute.com\/es\/terminos-del-servicio\">ingl\u00e9s<\/a>.<\/p>\n<p><!-- \/wp:paragraph --><\/p>\n","protected":false},"excerpt":{"rendered":"<p>Nuestros T\u00e9rminos del servicio est\u00e1n disponibles \u00fanicamente en ingl\u00e9s.<\/p>\n","protected":false},"author":1,"featured_media":0,"parent":0,"menu_order":0,"comment_status":"closed","ping_status":"closed","template":"full-width.php","meta":{"_acf_changed":false,"footnotes":""},"formation_type":[],"class_list":["post-10426","page","type-page","status-publish","hentry"],"acf":[],"_links":{"self":[{"href":"https:\/\/fifa.sportsagentinstitute.com\/es\/wp-json\/wp\/v2\/pages\/10426","targetHints":{"allow":["GET"]}}],"collection":[{"href":"https:\/\/fifa.sportsagentinstitute.com\/es\/wp-json\/wp\/v2\/pages"}],"about":[{"href":"https:\/\/fifa.sportsagentinstitute.com\/es\/wp-json\/wp\/v2\/types\/page"}],"author":[{"embeddable":true,"href":"https:\/\/fifa.sportsagentinstitute.com\/es\/wp-json\/wp\/v2\/users\/1"}],"replies":[{"embeddable":true,"href":"https:\/\/fifa.sportsagentinstitute.com\/es\/wp-json\/wp\/v2\/comments?post=10426"}],"version-history":[{"count":5,"href":"https:\/\/fifa.sportsagentinstitute.com\/es\/wp-json\/wp\/v2\/pages\/10426\/revisions"}],"predecessor-version":[{"id":11086,"href":"https:\/\/fifa.sportsagentinstitute.com\/es\/wp-json\/wp\/v2\/pages\/10426\/revisions\/11086"}],"wp:attachment":[{"href":"https:\/\/fifa.sportsagentinstitute.com\/es\/wp-json\/wp\/v2\/media?parent=10426"}],"wp:term":[{"taxonomy":"formation_type","embeddable":true,"href":"https:\/\/fifa.sportsagentinstitute.com\/es\/wp-json\/wp\/v2\/formation_type?post=10426"}],"curies":[{"name":"wp","href":"https:\/\/api.w.org\/{rel}","templated":true}]}}