{"id":10435,"date":"2026-01-19T17:20:03","date_gmt":"2026-01-19T16:20:03","guid":{"rendered":"https:\/\/preprod.fifa.sportsagentinstitute.com\/?page_id=10435"},"modified":"2026-01-26T20:52:48","modified_gmt":"2026-01-26T19:52:48","slug":"politica-de-privacidad","status":"publish","type":"page","link":"https:\/\/fifa.sportsagentinstitute.com\/es\/politica-de-privacidad","title":{"rendered":"Pol\u00edtica de privacidad"},"content":{"rendered":"<p><!-- wp:paragraph --><\/p>\n<p>Nuestra pol\u00edtica de privacidad est\u00e1 disponible \u00fanicamente en <a href=\"https:\/\/fifa.sportsagentinstitute.com\/es\/politica-de-privacidad\">ingl\u00e9s<\/a>.<\/p>\n<p><!-- \/wp:paragraph --><\/p>\n","protected":false},"excerpt":{"rendered":"<p>Nuestra pol\u00edtica de privacidad est\u00e1 disponible \u00fanicamente en ingl\u00e9s.<\/p>\n","protected":false},"author":1,"featured_media":0,"parent":0,"menu_order":0,"comment_status":"closed","ping_status":"closed","template":"full-width.php","meta":{"_acf_changed":false,"footnotes":""},"formation_type":[],"class_list":["post-10435","page","type-page","status-publish","hentry"],"acf":[],"_links":{"self":[{"href":"https:\/\/fifa.sportsagentinstitute.com\/es\/wp-json\/wp\/v2\/pages\/10435","targetHints":{"allow":["GET"]}}],"collection":[{"href":"https:\/\/fifa.sportsagentinstitute.com\/es\/wp-json\/wp\/v2\/pages"}],"about":[{"href":"https:\/\/fifa.sportsagentinstitute.com\/es\/wp-json\/wp\/v2\/types\/page"}],"author":[{"embeddable":true,"href":"https:\/\/fifa.sportsagentinstitute.com\/es\/wp-json\/wp\/v2\/users\/1"}],"replies":[{"embeddable":true,"href":"https:\/\/fifa.sportsagentinstitute.com\/es\/wp-json\/wp\/v2\/comments?post=10435"}],"version-history":[{"count":3,"href":"https:\/\/fifa.sportsagentinstitute.com\/es\/wp-json\/wp\/v2\/pages\/10435\/revisions"}],"predecessor-version":[{"id":11101,"href":"https:\/\/fifa.sportsagentinstitute.com\/es\/wp-json\/wp\/v2\/pages\/10435\/revisions\/11101"}],"wp:attachment":[{"href":"https:\/\/fifa.sportsagentinstitute.com\/es\/wp-json\/wp\/v2\/media?parent=10435"}],"wp:term":[{"taxonomy":"formation_type","embeddable":true,"href":"https:\/\/fifa.sportsagentinstitute.com\/es\/wp-json\/wp\/v2\/formation_type?post=10435"}],"curies":[{"name":"wp","href":"https:\/\/api.w.org\/{rel}","templated":true}]}}