{"id":10616,"date":"2025-11-18T19:30:30","date_gmt":"2025-11-18T18:30:30","guid":{"rendered":"https:\/\/preprod.fifa.sportsagentinstitute.com\/?page_id=10616"},"modified":"2026-01-27T17:13:58","modified_gmt":"2026-01-27T16:13:58","slug":"herramientas","status":"publish","type":"page","link":"https:\/\/fifa.sportsagentinstitute.com\/es\/herramientas","title":{"rendered":"Herramientas"},"content":{"rendered":"<p><!-- wp:paragraph --><\/p>\n<p>Preparar el examen de agente FIFA no deber\u00eda ser una fuente de frustraci\u00f3n. SportsAgent Institute te propone una alternativa digital y din\u00e1mica para transformar tu preparaci\u00f3n en un verdadero trampol\u00edn hacia el \u00e9xito. Se acab\u00f3 la teor\u00eda aburrida y repetitiva; da paso a una formaci\u00f3n online din\u00e1mica con herramientas pensadas para quienes realmente quieren convertirse en agentes de jugadores FIFA.<\/p>\n<p><!-- \/wp:paragraph --><\/p>\n<p><!-- wp:paragraph --><\/p>\n<p>Este nivel de exigencia es a\u00fan m\u00e1s necesario dado que <strong>el examen es especialmente selectivo<\/strong>. La tasa de aprobaci\u00f3n a nivel mundial en <strong>2025 alcanz\u00f3 solo el 18 %,<\/strong> y un suspenso implica la imposibilidad de ejercer durante un a\u00f1o completo.<\/p>\n<p><!-- \/wp:paragraph --><\/p>\n<p><!-- wp:paragraph --><\/p>\n<p>Con una tasa de \u00e9xito del <strong>97 % entre sus usuarios, SportsAgent Institute<\/strong> ofrece un m\u00e9todo probado y concreto para alcanzar este objetivo.<\/p>\n<p><!-- \/wp:paragraph --><\/p>\n<p><!-- wp:paragraph --><\/p>\n<p>Para acompa\u00f1arte en tu preparaci\u00f3n, la plataforma pone a tu disposici\u00f3n una gama de herramientas complementarias:<\/p>\n<p><!-- \/wp:paragraph --><\/p>\n<p><!-- wp:list --><\/p>\n<ul class=\"wp-block-list\"><!-- wp:list-item --><\/p>\n<li><a href=\"https:\/\/fifa.sportsagentinstitute.com\/es\/recursos-didacticos\" data-type=\"page\" data-id=\"2359\">Recursos did\u00e1cticos<\/a> actualizados, claros y espec\u00edficos<\/li>\n<p><!-- \/wp:list-item --><\/p>\n<p><!-- wp:list-item --><\/p>\n<li><a href=\"https:\/\/fifa.sportsagentinstitute.com\/es\/cursos\" data-type=\"page\" data-id=\"5230\">Cursos explicativos<\/a> adaptados a todos los niveles<\/li>\n<p><!-- \/wp:list-item --><\/p>\n<p><!-- wp:list-item --><\/p>\n<li><a href=\"https:\/\/fifa.sportsagentinstitute.com\/es\/preguntas\" data-type=\"page\" data-id=\"5939\">Preguntas<\/a> interactivas con correcciones<\/li>\n<p><!-- \/wp:list-item --><\/p>\n<p><!-- wp:list-item --><\/p>\n<li><a href=\"https:\/\/fifa.sportsagentinstitute.com\/es\/simulacros-examen\" data-type=\"page\" data-id=\"5232\">Simulacros de examen<\/a> que reproducen las condiciones reales<\/li>\n<p><!-- \/wp:list-item --><\/p>\n<p><!-- wp:list-item --><\/p>\n<li>Un <a href=\"https:\/\/fifa.sportsagentinstitute.com\/es\/inscripcion\" data-type=\"page\" data-id=\"2273\">plan de estudios<\/a> completo dividido en misiones<\/li>\n<p><!-- \/wp:list-item --><\/p>\n<p><!-- wp:list-item --><\/p>\n<li><a href=\"https:\/\/fifa.sportsagentinstitute.com\/es\/inscripcion\" data-type=\"page\" data-id=\"2273\">Seguimiento personalizado<\/a> de tu rendimiento<\/li>\n<p><!-- \/wp:list-item --><\/p>\n<p><!-- wp:list-item --><\/p>\n<li><a href=\"https:\/\/fifa.sportsagentinstitute.com\/es\/inscripcion\" data-type=\"page\" data-id=\"2273\">Masterclasses<\/a> impartidas por agentes FIFA experimentados<\/li>\n<p><!-- \/wp:list-item --><\/p>\n<p><!-- wp:list-item --><\/p>\n<li>Un <a href=\"https:\/\/fifa.sportsagentinstitute.com\/es\/blog\" data-type=\"page\" data-id=\"7309\">blog especializado<\/a> en la normativa y la pr\u00e1ctica de la profesi\u00f3n<\/li>\n<p><!-- \/wp:list-item --><\/ul>\n<p><!-- \/wp:list --><\/p>\n<p><!-- wp:paragraph --><\/p>\n<p>Cada recurso ha sido dise\u00f1ado para aportarte un verdadero valor a\u00f1adido y maximizar tus posibilidades de \u00e9xito en el examen FIFA.<\/p>\n<p><!-- \/wp:paragraph --><\/p>\n<p><!-- wp:heading --><\/p>\n<h2 class=\"wp-block-heading\"><strong>Recursos did\u00e1cticos actualizados para una comprensi\u00f3n r\u00e1pida<\/strong><\/h2>\n<p><!-- \/wp:heading --><\/p>\n<p><!-- wp:paragraph --><\/p>\n<p>Accedes a un conjunto de contenidos pedag\u00f3gicos dise\u00f1ados espec\u00edficamente para el examen FIFA, en total conformidad con los <strong>recursos oficiales de la FIFA para 2026<\/strong>. Todo est\u00e1 estructurado para facilitar la memorizaci\u00f3n de los textos reglamentarios oficiales de la FIFA, comprender las responsabilidades de un agente de jugadores y familiarizarse con el entorno contractual del f\u00fatbol profesional.<\/p>\n<p><!-- \/wp:paragraph --><\/p>\n<p><!-- wp:paragraph --><\/p>\n<p>Son sint\u00e9ticos, f\u00e1ciles de asimilar, constantemente actualizados y <strong>concebidos para evitar cargas jur\u00eddicas innecesarias<\/strong>. Es lo ideal para adquirir los conocimientos fundamentales sin perderse.<\/p>\n<p><!-- \/wp:paragraph --><\/p>\n<p><!-- wp:heading --><\/p>\n<h2 class=\"wp-block-heading\"><strong>Cursos accesibles para comprender, no solo aprender<\/strong><\/h2>\n<p><!-- \/wp:heading --><\/p>\n<p><!-- wp:paragraph --><\/p>\n<p>Los contenidos no se limitan a exponer los textos de la FIFA. Cada noci\u00f3n se explica con claridad y se ilustra con ejemplos. El objetivo es simple: que cada regla y cada procedimiento tengan sentido para ti.<\/p>\n<p><!-- \/wp:paragraph --><\/p>\n<p><!-- wp:paragraph --><\/p>\n<p>Se recuerda mejor lo que se comprende, y eso lo tenemos muy claro.<\/p>\n<p><!-- \/wp:paragraph --><\/p>\n<p><!-- wp:heading --><\/p>\n<h2 class=\"wp-block-heading\"><strong>Entrena con preguntas interactivas<\/strong><\/h2>\n<p><!-- \/wp:heading --><\/p>\n<p><!-- wp:paragraph --><\/p>\n<p>Nada mejor que la pr\u00e1ctica para afianzar los conocimientos.<\/p>\n<p><!-- \/wp:paragraph --><\/p>\n<p><!-- wp:paragraph --><\/p>\n<p>Las preguntas permiten entrenarse eficazmente, detectar puntos d\u00e9biles y aprender de los errores gracias a las explicaciones proporcionadas tras cada respuesta. Al evaluarte con regularidad, progresas de forma natural hacia el nivel exigido para convertirte en agente con licencia FIFA.<\/p>\n<p><!-- \/wp:paragraph --><\/p>\n<p><!-- wp:heading --><\/p>\n<h2 class=\"wp-block-heading\"><strong>Prep\u00e1rate en condiciones reales con los simulacros de examen<\/strong><\/h2>\n<p><!-- \/wp:heading --><\/p>\n<p><!-- wp:paragraph --><\/p>\n<p>Dispones de varios simulacros de examen estructurados exactamente como los propuestos en la sesi\u00f3n oficial. Adem\u00e1s de gestionar el estr\u00e9s y el tiempo, esto te permite evaluar tu nivel y alcanzar la soltura necesaria el d\u00eda del examen.<\/p>\n<p><!-- \/wp:paragraph --><\/p>\n<p><!-- wp:heading --><\/p>\n<h2 class=\"wp-block-heading\"><strong>Un plan de estudios estructurado para obtener la licencia de agente<\/strong><\/h2>\n<p><!-- \/wp:heading --><\/p>\n<p><!-- wp:paragraph --><\/p>\n<p>La plataforma propone un plan de estudios compuesto por 11 misiones, repartidas en dos fases:<\/p>\n<p><!-- \/wp:paragraph --><\/p>\n<p><!-- wp:list --><\/p>\n<ul class=\"wp-block-list\"><!-- wp:list-item --><\/p>\n<li>adquisici\u00f3n de conocimientos<\/li>\n<p><!-- \/wp:list-item --><\/p>\n<p><!-- wp:list-item --><\/p>\n<li>pruebas pr\u00e1cticas con 20 simulacros de examen<\/li>\n<p><!-- \/wp:list-item --><\/ul>\n<p><!-- \/wp:list --><\/p>\n<p><!-- wp:paragraph --><\/p>\n<p>Seguir este recorrido paso a paso te permite progresar eficazmente y, sobre todo, poner todas las probabilidades de tu lado para obtener r\u00e1pidamente tu licencia de agente de jugadores FIFA.<\/p>\n<p><!-- \/wp:paragraph --><\/p>\n<p><!-- wp:heading --><\/p>\n<h2 class=\"wp-block-heading\"><strong>Un seguimiento personalizado que orienta tus esfuerzos<\/strong><\/h2>\n<p><!-- \/wp:heading --><\/p>\n<p><!-- wp:paragraph --><\/p>\n<p>Cada sesi\u00f3n de entrenamiento, cada cuestionario o simulacro de examen se registra en tu panel personal. Gracias a esta visi\u00f3n global, visualizas f\u00e1cilmente tus progresos y tus \u00e1reas de debilidad. La plataforma te orienta despu\u00e9s hacia los m\u00f3dulos m\u00e1s \u00fatiles para consolidar tus conocimientos.<\/p>\n<p><!-- \/wp:paragraph --><\/p>\n<p><!-- wp:heading --><\/p>\n<h2 class=\"wp-block-heading\"><strong>Una visi\u00f3n de campo con las masterclasses de agentes FIFA<\/strong><\/h2>\n<p><!-- \/wp:heading --><\/p>\n<p><!-- wp:paragraph --><\/p>\n<p>Porque la profesi\u00f3n de agente no se limita a la teor\u00eda, las masterclasses de SportsAgent Institute te sumergen en el d\u00eda a d\u00eda de los agentes certificados. Aprende junto a agentes que han colaborado con el <strong>Real Madrid, CAA Base, CF Montr\u00e9al<\/strong> o <strong>Washington Spirit<\/strong>, cuyos testimonios te muestran la realidad del terreno, los errores a evitar y los buenos reflejos que hay que adoptar.<\/p>\n<p><!-- \/wp:paragraph --><\/p>\n<p><!-- wp:heading --><\/p>\n<h2 class=\"wp-block-heading\"><strong>Un blog para mantenerse conectado con la evoluci\u00f3n de la profesi\u00f3n de agente FIFA<\/strong><\/h2>\n<p><!-- \/wp:heading --><\/p>\n<p><!-- wp:paragraph --><\/p>\n<p>La mejor manera de mantenerse al d\u00eda y realizar un seguimiento de las \u00faltimas modificaciones de la normativa FIFA, de las tendencias del mercado y de las pr\u00e1cticas emergentes en la gesti\u00f3n de la carrera de los jugadores.<\/p>\n<p><!-- \/wp:paragraph --><\/p>\n<p><!-- wp:paragraph --><\/p>\n<p>Encontrar\u00e1s en particular art\u00edculos pr\u00e1cticos y estrat\u00e9gicos como:<\/p>\n<p><!-- \/wp:paragraph --><\/p>\n<p><!-- wp:list --><\/p>\n<ul class=\"wp-block-list\"><!-- wp:list-item --><\/p>\n<li><a href=\"https:\/\/fifa.sportsagentinstitute.com\/es\/blog\/examen-fifa-2026\" data-type=\"post\" data-id=\"541\">Examen de Agente FIFA 2026: Gu\u00eda completa para los candidatos<\/a><\/li>\n<p><!-- \/wp:list-item --><\/p>\n<p><!-- wp:list-item --><\/p>\n<li><a href=\"https:\/\/fifa.sportsagentinstitute.com\/es\/blog\/convertirse-agente-futbolistas-2026\" data-type=\"post\" data-id=\"291\">Convertirse en agente de jugadores de f\u00fatbol en 2026<\/a><\/li>\n<p><!-- \/wp:list-item --><\/p>\n<p><!-- wp:list-item --><\/p>\n<li><a href=\"https:\/\/fifa.sportsagentinstitute.com\/es\/blog\/consejos-examen-agente-futbol-fifa\" data-type=\"post\" data-id=\"832\">10 consejos para aprobar el examen de agente de f\u00fatbol de la FIFA<\/a><\/li>\n<p><!-- \/wp:list-item --><\/p>\n<p><!-- wp:list-item --><\/p>\n<li><a href=\"https:\/\/fifa.sportsagentinstitute.com\/es\/blog\/agencia-representacion-futbolistas\" data-type=\"post\" data-id=\"8654\">Agencia de representaci\u00f3n de futbolistas: todo lo que necesitas saber<\/a><\/li>\n<p><!-- \/wp:list-item --><\/ul>\n<p><!-- \/wp:list --><\/p>\n","protected":false},"excerpt":{"rendered":"<p>Preparar el examen de agente FIFA no deber\u00eda ser una fuente de frustraci\u00f3n. SportsAgent Institute te propone una alternativa digital y din\u00e1mica para transformar tu preparaci\u00f3n en un verdadero trampol\u00edn hacia el \u00e9xito. Se acab\u00f3 la teor\u00eda aburrida y repetitiva; da paso a una formaci\u00f3n online din\u00e1mica con herramientas pensadas para quienes realmente quieren convertirse [&hellip;]<\/p>\n","protected":false},"author":1,"featured_media":0,"parent":0,"menu_order":0,"comment_status":"closed","ping_status":"closed","template":"tools-index.php","meta":{"_acf_changed":false,"footnotes":""},"formation_type":[],"class_list":["post-10616","page","type-page","status-publish","hentry"],"acf":[],"_links":{"self":[{"href":"https:\/\/fifa.sportsagentinstitute.com\/es\/wp-json\/wp\/v2\/pages\/10616","targetHints":{"allow":["GET"]}}],"collection":[{"href":"https:\/\/fifa.sportsagentinstitute.com\/es\/wp-json\/wp\/v2\/pages"}],"about":[{"href":"https:\/\/fifa.sportsagentinstitute.com\/es\/wp-json\/wp\/v2\/types\/page"}],"author":[{"embeddable":true,"href":"https:\/\/fifa.sportsagentinstitute.com\/es\/wp-json\/wp\/v2\/users\/1"}],"replies":[{"embeddable":true,"href":"https:\/\/fifa.sportsagentinstitute.com\/es\/wp-json\/wp\/v2\/comments?post=10616"}],"version-history":[{"count":4,"href":"https:\/\/fifa.sportsagentinstitute.com\/es\/wp-json\/wp\/v2\/pages\/10616\/revisions"}],"predecessor-version":[{"id":11254,"href":"https:\/\/fifa.sportsagentinstitute.com\/es\/wp-json\/wp\/v2\/pages\/10616\/revisions\/11254"}],"wp:attachment":[{"href":"https:\/\/fifa.sportsagentinstitute.com\/es\/wp-json\/wp\/v2\/media?parent=10616"}],"wp:term":[{"taxonomy":"formation_type","embeddable":true,"href":"https:\/\/fifa.sportsagentinstitute.com\/es\/wp-json\/wp\/v2\/formation_type?post=10616"}],"curies":[{"name":"wp","href":"https:\/\/api.w.org\/{rel}","templated":true}]}}