{"id":2359,"date":"2025-05-07T16:23:51","date_gmt":"2025-05-07T14:23:51","guid":{"rendered":"https:\/\/sportsagentinstitute.kinsta.cloud\/fifa\/material-didactico\/"},"modified":"2026-01-30T12:55:24","modified_gmt":"2026-01-30T11:55:24","slug":"recursos-didacticos","status":"publish","type":"page","link":"https:\/\/fifa.sportsagentinstitute.com\/es\/recursos-didacticos","title":{"rendered":"Recursos did\u00e1cticos"},"content":{"rendered":"<p><!-- wp:heading --><\/p>\n<h2 class=\"wp-block-heading\"><strong>\u00bfPor qu\u00e9 utilizar los recursos did\u00e1cticos para el examen de agente FIFA?<\/strong><\/h2>\n<p><!-- \/wp:heading --><\/p>\n<p><!-- wp:paragraph --><\/p>\n<p>El volumen de conocimientos necesarios para aprobar el examen de agente FIFA es considerable. Los textos jur\u00eddicos son extensos y exigentes, y para dominarlos de la mejor manera, se recomienda un aprendizaje serio y organizado. Los <strong>recursos did\u00e1cticos del examen de agente FIFA<\/strong> intervienen para <strong>estructurar las revisiones y darles un recorrido claro<\/strong>. As\u00ed, se imponen como una herramienta de repaso imprescindible para prepararse para el examen de agente FIFA.<\/p>\n<p><!-- \/wp:paragraph --><\/p>\n<p><!-- wp:heading {\"level\":3} --><\/p>\n<h3 class=\"wp-block-heading\"><strong>Profesi\u00f3n en plena profesionalizaci\u00f3n<\/strong><\/h3>\n<p><!-- \/wp:heading --><\/p>\n<p><!-- wp:paragraph --><\/p>\n<p>La profesi\u00f3n de agente FIFA ha experimentado una evoluci\u00f3n reciente. Desde 2023, es <strong>obligatorio poseer la licencia de agente FIFA<\/strong> para ejercer legalmente esta actividad. En 2024, la tasa de \u00e9xito a nivel mundial fue del <strong>40,4 %<\/strong>. En 2025, la tasa de \u00e9xito mundial descendi\u00f3 al <strong>18 %<\/strong>, lo que confirma la creciente dificultad del examen FIFA y las exigencias cada vez mayores para ejercer esta profesi\u00f3n.<\/p>\n<p><!-- \/wp:paragraph --><\/p>\n<p><!-- wp:heading {\"level\":3} --><\/p>\n<h3 class=\"wp-block-heading\"><strong>Preparaci\u00f3n estructurada para un contenido complejo<\/strong><\/h3>\n<p><!-- \/wp:heading --><\/p>\n<p><!-- wp:paragraph --><\/p>\n<p>El examen de agente FIFA abarca varias materias con <strong>gran cantidad de informaci\u00f3n<\/strong>, como los Estatutos de la FIFA, el Reglamento sobre el Estatuto y la Transferencia de Jugadores (RETJ), el C\u00f3digo de \u00c9tica, y muchos m\u00e1s\u2026 Estos documentos, adem\u00e1s de contener gran cantidad de informaci\u00f3n, pueden ser t\u00e9cnicos en algunos puntos. Los recursos did\u00e1cticos del examen de agente FIFA descifrar estos textos oficiales, organizan las revisiones por tem\u00e1ticas y destacan las nociones fundamentales que deben dominarse, lo que permite <strong>facilitar el repaso<\/strong>.<\/p>\n<p><!-- \/wp:paragraph --><\/p>\n<p><!-- wp:heading {\"level\":3} --><\/p>\n<h3 class=\"wp-block-heading\"><strong>Ahorro de tiempo y claridad<\/strong><\/h3>\n<p><!-- \/wp:heading --><\/p>\n<p><!-- wp:paragraph --><\/p>\n<p>Los recursos did\u00e1cticos del examen de agente FIFA ofrecen un verdadero <strong>m\u00e9todo de repaso<\/strong> para el examen. Explican el rol de cada materia, de qu\u00e9 est\u00e1n compuestos los cursos, qu\u00e9 es necesario saber antes de iniciar la revisi\u00f3n de una materia y, despu\u00e9s, c\u00f3mo prepararse para el examen oficial.<\/p>\n<p><!-- \/wp:paragraph --><\/p>\n<p><!-- wp:heading --><\/p>\n<h2 class=\"wp-block-heading\"><strong>Lo que se encuentra en los recursos did\u00e1cticos del examen de agente FIFA<\/strong><\/h2>\n<p><!-- \/wp:heading --><\/p>\n<p><!-- wp:paragraph --><\/p>\n<p>Los recursos did\u00e1cticos de SportAgent Institute cubren la <strong>totalidad de las materias<\/strong> presentes en el examen de agente FIFA:<\/p>\n<p><!-- \/wp:paragraph --><\/p>\n<p><!-- wp:list --><\/p>\n<ul class=\"wp-block-list\"><!-- wp:list-item --><\/p>\n<li>Estatutos de la FIFA<\/li>\n<p><!-- \/wp:list-item --><\/p>\n<p><!-- wp:list-item --><\/p>\n<li>C\u00f3digo Disciplinario de la FIFA (Edici\u00f3n 2025)<\/li>\n<p><!-- \/wp:list-item --><\/p>\n<p><!-- wp:list-item --><\/p>\n<li>C\u00f3digo de \u00c9tica de la FIFA (Edici\u00f3n 2023)<\/li>\n<p><!-- \/wp:list-item --><\/p>\n<p><!-- wp:list-item --><\/p>\n<li>Reglamento sobre el Estatuto y la Transferencia de Jugadores (Edici\u00f3n julio 2025)<\/li>\n<p><!-- \/wp:list-item --><\/p>\n<p><!-- wp:list-item --><\/p>\n<li>Reglamento de Procedimiento del Tribunal del F\u00fatbol de la FIFA<\/li>\n<p><!-- \/wp:list-item --><\/p>\n<p><!-- wp:list-item --><\/p>\n<li>Reglamento de la C\u00e1mara de Compensaci\u00f3n de la FIFA<\/li>\n<p><!-- \/wp:list-item --><\/p>\n<p><!-- wp:list-item --><\/p>\n<li>Reglamento de Agentes de la FIFA<\/li>\n<p><!-- \/wp:list-item --><\/p>\n<p><!-- wp:list-item --><\/p>\n<li>FIFA Guardians\u2122 \u2013 Gu\u00eda sobre la Protecci\u00f3n Infantil para las Asociaciones Miembro<\/li>\n<p><!-- \/wp:list-item --><\/p>\n<p><!-- wp:list-item --><\/p>\n<li>FIFA Guardians\u2122 Fundamentos de Protecci\u00f3n: Curso 1<\/li>\n<p><!-- \/wp:list-item --><\/p>\n<p><!-- wp:list-item --><\/p>\n<li>FIFA Guidance on Ethical Recruitment <em>(Gu\u00eda sobre reclutamiento \u00e9tico)<\/em><\/li>\n<p><!-- \/wp:list-item --><\/p>\n<p><!-- wp:list-item --><\/p>\n<li>Circular FIFA n.\u00ba 1827 \u2013 Reglamento de Agentes de la FIFA<\/li>\n<p><!-- \/wp:list-item --><\/p>\n<p><!-- wp:list-item --><\/p>\n<li>Circular FIFA n.\u00ba 1867 \u2013 Incumplimiento de acuerdos de conciliaci\u00f3n: competencia del Comit\u00e9 Disciplinario de la FIFA<\/li>\n<p><!-- \/wp:list-item --><\/p>\n<p><!-- wp:list-item --><\/p>\n<li>Circular FIFA n.\u00ba 1873 \u2013 Actualizaci\u00f3n sobre el Reglamento de Agentes de la FIFA<\/li>\n<p><!-- \/wp:list-item --><\/p>\n<p><!-- wp:list-item --><\/p>\n<li>Circular FIFA n.\u00ba 1874 \u2013 Reglamento de Agentes de la FIFA: licencias y C\u00e1mara de Agentes del Tribunal del F\u00fatbol<\/li>\n<p><!-- \/wp:list-item --><\/p>\n<p><!-- wp:list-item --><\/p>\n<li>Circular FIFA n.\u00ba 1887 \u2013 Enmiendas al RSTP: Disposiciones para el f\u00fatbol femenino, extensi\u00f3n del Anexo 7 y procedimiento de transferencia internacional<\/li>\n<p><!-- \/wp:list-item --><\/p>\n<p><!-- wp:list-item --><\/p>\n<li>Circular FIFA n.\u00ba 1889 \u2013 Enmiendas a los Estatutos de la FIFA, Reglamento de Aplicaci\u00f3n de los Estatutos y Reglamento del Congreso<\/li>\n<p><!-- \/wp:list-item --><\/p>\n<p><!-- wp:list-item --><\/p>\n<li>Circular FIFA n.\u00ba 1891 \u2013 Reglamento de Agentes de la FIFA: fechas de examen<\/li>\n<p><!-- \/wp:list-item --><\/p>\n<p><!-- wp:list-item --><\/p>\n<li>Circular FIFA n.\u00ba 1892 \u2013 RSTP: categorizaci\u00f3n de clubes y periodos de registro<\/li>\n<p><!-- \/wp:list-item --><\/p>\n<p><!-- wp:list-item --><\/p>\n<li>Circular FIFA n.\u00ba 1905 \u2013 M\u00e1s enmiendas al RSTP<\/li>\n<p><!-- \/wp:list-item --><\/p>\n<p><!-- wp:list-item --><\/p>\n<li>Circular FIFA n.\u00ba 1917 \u2013 Marco regulatorio temporal: enmiendas al RSTP y Reglas de Procedimiento del Tribunal del F\u00fatbol<\/li>\n<p><!-- \/wp:list-item --><\/p>\n<p><!-- wp:list-item --><\/p>\n<li>Circular FIFA n.\u00ba 1918 \u2013 Enmiendas al Reglamento de la C\u00e1mara de Compensaci\u00f3n y al RSTP<\/li>\n<p><!-- \/wp:list-item --><\/p>\n<p><!-- wp:list-item --><\/p>\n<li>Circular FIFA n.\u00ba 1919 \u2013 Enmiendas al Reglamento de Agentes de la FIFA e introducci\u00f3n de examen en l\u00ednea<\/li>\n<p><!-- \/wp:list-item --><\/p>\n<p><!-- wp:list-item --><\/p>\n<li>Circular FIFA n.\u00ba 1934 \u2013 C\u00f3digo Disciplinario de la FIFA Edici\u00f3n 2025<\/li>\n<p><!-- \/wp:list-item --><\/p>\n<p><!-- wp:list-item --><\/p>\n<li>Circular FIFA n.\u00ba 1936 \u2013 RSTP: categorizaci\u00f3n de clubes y periodos de registro<\/li>\n<p><!-- \/wp:list-item --><\/p>\n<p><!-- wp:list-item --><\/p>\n<li>Circular FIFA n.\u00ba 1937 \u2013 Enmiendas al Reglamento de la C\u00e1mara de Compensaci\u00f3n de la FIFA<\/li>\n<p><!-- \/wp:list-item --><\/p>\n<p><!-- wp:list-item --><\/p>\n<li>Circular FIFA n.\u00ba 1942 \u2013 Enmienda al art\u00edculo 68 del C\u00f3digo Disciplinario de la FIFA<br \/>Reglamento de Agentes de la FIFA \u2013 Preguntas Frecuentes<br \/>Decisiones de la Secretar\u00eda General de la FIFA<\/li>\n<p><!-- \/wp:list-item --><\/ul>\n<p><!-- \/wp:list --><\/p>\n<p><!-- wp:paragraph --><\/p>\n<p>Estas materias se presentan de forma sint\u00e9tica para facilitar la comprensi\u00f3n de cada una de ellas y, as\u00ed, simplificar las revisiones para el examen oficial.<\/p>\n<p><!-- \/wp:paragraph --><\/p>\n<p><!-- wp:heading --><\/p>\n<h2 class=\"wp-block-heading\"><strong>\u00bfC\u00f3mo utilizar eficazmente los recursos did\u00e1cticos para el examen de agente FIFA?<\/strong><\/h2>\n<p><!-- \/wp:heading --><\/p>\n<p><!-- wp:paragraph --><\/p>\n<p>Los recursos did\u00e1cticos para el examen de agente FIFA son una <strong>herramienta esencial<\/strong> para prepararse para la prueba oficial. Al abordar de manera clara los fundamentos de cada materia y guiar a los candidatos a trav\u00e9s de las etapas clave de la revisi\u00f3n, ofrecen un m\u00e9todo estructurado y eficaz para aprobar el examen.<\/p>\n<p><!-- \/wp:paragraph --><\/p>\n<p><!-- wp:heading {\"level\":3} --><\/p>\n<h3 class=\"wp-block-heading\"><strong>Revisar la totalidad de las materias<\/strong><\/h3>\n<p><!-- \/wp:heading --><\/p>\n<p><!-- wp:paragraph --><\/p>\n<p>Es importante <strong>dominar todas las materias<\/strong> al preparar el examen de agente FIFA. La prueba abarca todos los textos oficiales de la FIFA, lo que significa que cualquier materia puede ser preguntada el d\u00eda del examen, incluidas aquellas que parecen secundarias. Utilizando los recursos did\u00e1cticos, es posible estructurar la progresi\u00f3n asegur\u00e1ndose de que cada materia sea comprendida y asimilada.<\/p>\n<p><!-- \/wp:paragraph --><\/p>\n<p><!-- wp:heading {\"level\":3} --><\/p>\n<h3 class=\"wp-block-heading\"><strong>Combinar los recursos de repaso<\/strong><\/h3>\n<p><!-- \/wp:heading --><\/p>\n<p><!-- wp:paragraph --><\/p>\n<p>Los recursos did\u00e1cticos para el examen de agente FIFA son una herramienta de revisi\u00f3n \u00fatil para introducir las materias y establecer un m\u00e9todo eficaz de repaso. Sin embargo, para tener \u00e9xito es importante no limitarse \u00fanicamente a este formato, sino <strong>combinarlo con otros recursos pedag\u00f3gicos<\/strong>:<\/p>\n<p><!-- \/wp:paragraph --><\/p>\n<p><!-- wp:list --><\/p>\n<ul class=\"wp-block-list\"><!-- wp:list-item --><\/p>\n<li><a href=\"https:\/\/fifa.sportsagentinstitute.com\/es\/cursos\">Contenido de los cursos<\/a>: basados en los documentos oficiales de la FIFA, los cursos permiten repasar la totalidad de los temas que pueden aparecer en el examen oficial de la FIFA.<\/li>\n<p><!-- \/wp:list-item --><\/p>\n<p><!-- wp:list-item --><\/p>\n<li><a href=\"https:\/\/fifa.sportsagentinstitute.com\/es\/preguntas\">Preguntas<\/a>: las series de preguntas planteadas son id\u00e9nticas a las que pueden estar presentes en el examen de agente FIFA.<\/li>\n<p><!-- \/wp:list-item --><\/p>\n<p><!-- wp:list-item --><\/p>\n<li><a href=\"https:\/\/fifa.sportsagentinstitute.com\/es\/simulacros-de-examen\/\">Simulacros de examen<\/a>: dise\u00f1ados de la misma manera que el examen oficial, colocan a los estudiantes en condiciones similares a la prueba de agente FIFA (tiempo, mismo n\u00famero de preguntas, temas aleatorios\u2026).<\/li>\n<p><!-- \/wp:list-item --><\/ul>\n<p><!-- \/wp:list --><\/p>\n<p><!-- wp:heading --><\/p>\n<h2 class=\"wp-block-heading\"><strong>Los recursos did\u00e1cticos del Examen de Agente FIFA, en resumen<\/strong><\/h2>\n<p><!-- \/wp:heading --><\/p>\n<p><!-- wp:paragraph --><\/p>\n<p>Las materias incluidas en los <strong>recursos did\u00e1cticos del examen de agente FIFA<\/strong> son <strong>herramientas indispensables<\/strong> para lograr una preparaci\u00f3n exitosa para la prueba oficial. Los recursos did\u00e1cticos ofrecen un enfoque claro, estructurado y orientado a la eficacia.<\/p>\n<p><!-- \/wp:paragraph --><\/p>\n<p><!-- wp:paragraph --><\/p>\n<p>Incluyen <strong>todos los elementos que pueden ser abordados en el examen de agente FIFA<\/strong>. Gracias a un m\u00e9todo de aprendizaje activo, una buena organizaci\u00f3n y revisiones combinadas entre los recursos did\u00e1cticos y otros instrumentos de preparaci\u00f3n, los candidatos maximizan sus posibilidades de \u00e9xito.<br \/>Prep\u00e1rese desde ahora y avance con confianza hacia su certificaci\u00f3n de agente FIFA. \u00a1Buena suerte en su preparaci\u00f3n!<\/p>\n<p><!-- \/wp:paragraph --><\/p>\n","protected":false},"excerpt":{"rendered":"<p>\u00bfPor qu\u00e9 utilizar los recursos did\u00e1cticos para el examen de agente FIFA? El volumen de conocimientos necesarios para aprobar el examen de agente FIFA es considerable. Los textos jur\u00eddicos son extensos y exigentes, y para dominarlos de la mejor manera, se recomienda un aprendizaje serio y organizado. Los recursos did\u00e1cticos del examen de agente FIFA [&hellip;]<\/p>\n","protected":false},"author":1,"featured_media":0,"parent":0,"menu_order":0,"comment_status":"closed","ping_status":"closed","template":"materials-index.php","meta":{"_acf_changed":false,"footnotes":""},"formation_type":[],"class_list":["post-2359","page","type-page","status-publish","hentry"],"acf":[],"_links":{"self":[{"href":"https:\/\/fifa.sportsagentinstitute.com\/es\/wp-json\/wp\/v2\/pages\/2359","targetHints":{"allow":["GET"]}}],"collection":[{"href":"https:\/\/fifa.sportsagentinstitute.com\/es\/wp-json\/wp\/v2\/pages"}],"about":[{"href":"https:\/\/fifa.sportsagentinstitute.com\/es\/wp-json\/wp\/v2\/types\/page"}],"author":[{"embeddable":true,"href":"https:\/\/fifa.sportsagentinstitute.com\/es\/wp-json\/wp\/v2\/users\/1"}],"replies":[{"embeddable":true,"href":"https:\/\/fifa.sportsagentinstitute.com\/es\/wp-json\/wp\/v2\/comments?post=2359"}],"version-history":[{"count":7,"href":"https:\/\/fifa.sportsagentinstitute.com\/es\/wp-json\/wp\/v2\/pages\/2359\/revisions"}],"predecessor-version":[{"id":11582,"href":"https:\/\/fifa.sportsagentinstitute.com\/es\/wp-json\/wp\/v2\/pages\/2359\/revisions\/11582"}],"wp:attachment":[{"href":"https:\/\/fifa.sportsagentinstitute.com\/es\/wp-json\/wp\/v2\/media?parent=2359"}],"wp:term":[{"taxonomy":"formation_type","embeddable":true,"href":"https:\/\/fifa.sportsagentinstitute.com\/es\/wp-json\/wp\/v2\/formation_type?post=2359"}],"curies":[{"name":"wp","href":"https:\/\/api.w.org\/{rel}","templated":true}]}}