{"id":5230,"date":"2025-07-31T11:20:10","date_gmt":"2025-07-31T09:20:10","guid":{"rendered":"https:\/\/sportsagentinstitute.kinsta.cloud\/fifa\/?page_id=5230"},"modified":"2026-03-10T16:22:21","modified_gmt":"2026-03-10T15:22:21","slug":"cursos","status":"publish","type":"page","link":"https:\/\/fifa.sportsagentinstitute.com\/es\/cursos","title":{"rendered":"Cursos"},"content":{"rendered":"<p><!-- wp:heading --><\/p>\n<h2 class=\"wp-block-heading\"><strong>\u00bfPor qu\u00e9 seguir un curso para el examen de agente FIFA?<\/strong><\/h2>\n<p><!-- \/wp:heading --><\/p>\n<p><!-- wp:paragraph --><\/p>\n<p>El <a href=\"https:\/\/fifa.sportsagentinstitute.com\/es\/blog\/examen-fifa\" data-type=\"post\" data-id=\"541\">examen de agente FIFA<\/a> es una prueba bastante compleja que exige una preparaci\u00f3n rigurosa de antemano y que no deja espacio a la improvisaci\u00f3n. En 2024, la tasa de \u00e9xito en el examen oficial fue de alrededor del 40 %. Durante las sesiones de examen, existe un banco de preguntas aleatorias sobre reglamentos complejos, lo que explica el bajo porcentaje de aprobados en la prueba.<\/p>\n<p><!-- \/wp:paragraph --><\/p>\n<p><!-- wp:heading {\"level\":3} --><\/p>\n<h3 class=\"wp-block-heading\"><strong>Ventajas de un curso especializado<\/strong><\/h3>\n<p><!-- \/wp:heading --><\/p>\n<p><!-- wp:paragraph --><\/p>\n<p>Seguir un <strong>curso especializado para el examen oficial de la FIFA<\/strong> ofrece numerosas ventajas para la preparaci\u00f3n de los candidatos.<\/p>\n<p><!-- \/wp:paragraph --><\/p>\n<p><!-- wp:paragraph --><\/p>\n<p>Los reglamentos presentes en los temas de la prueba pueden ser muy extensos; por ejemplo, el Reglamento sobre el Estatuto y la Transferencia de Jugadores (RETJ) contiene una gran cantidad de informaci\u00f3n. Un curso especializado sobre este tipo de textos oficiales permite a los estudiantes no perder el hilo en sus estudios, manteniendo una <strong>estructura <\/strong>y <strong>claridad <\/strong>esenciales para un buen dominio de los conceptos.<\/p>\n<p><!-- \/wp:paragraph --><\/p>\n<p><!-- wp:paragraph --><\/p>\n<p>El aprendizaje de varios reglamentos de la FIFA puede convertirse r\u00e1pidamente en una tarea que consume mucho tiempo. Tener un curso estructurado permite a los futuros agentes <strong>ahorrar tiempo<\/strong> en su preparaci\u00f3n.<\/p>\n<p><!-- \/wp:paragraph --><\/p>\n<p><!-- wp:paragraph --><\/p>\n<p>Las explicaciones presentes en el curso y el contenido actualizado ofrecen a los candidatos la posibilidad de comprender los conceptos clave de cada reglamento mientras se mantienen al d\u00eda en sus revisiones.<\/p>\n<p><!-- \/wp:paragraph --><\/p>\n<p><!-- wp:heading {\"level\":3} --><\/p>\n<h3 class=\"wp-block-heading\"><strong>Dificultades del examen de agente FIFA<\/strong><\/h3>\n<p><!-- \/wp:heading --><\/p>\n<p><!-- wp:paragraph --><\/p>\n<p>El examen de agente FIFA se organiza en forma de test de opci\u00f3n m\u00faltiple, con 20 preguntas en la prueba y un tiempo de 1 hora para responder. A primera vista, para perfiles provenientes del \u00e1mbito del f\u00fatbol, esto puede parecer sencillo, pero en realidad el examen resulta complicado sin una buena preparaci\u00f3n.<\/p>\n<p><!-- \/wp:paragraph --><\/p>\n<p><!-- wp:paragraph --><\/p>\n<p>Entre las preguntas, predominan los <strong>casos pr\u00e1cticos<\/strong> cuyo objetivo es evaluar la correcta comprensi\u00f3n y aplicaci\u00f3n de los reglamentos por parte de los candidatos.<\/p>\n<p><!-- \/wp:paragraph --><\/p>\n<p><!-- wp:paragraph --><\/p>\n<p>Algunas preguntas de los temas del examen pueden incluir <strong>nociones jur\u00eddicas y administrativas alejadas del deporte<\/strong>. La FIFA no se limita a las reglas de transferencia o de firma de contratos, sino que aborda numerosos aspectos jur\u00eddicos complejos.<\/p>\n<p><!-- \/wp:paragraph --><\/p>\n<p><!-- wp:paragraph --><\/p>\n<p>Adem\u00e1s, la FIFA se asegura de tratar una <strong>diversidad de temas<\/strong> el d\u00eda del examen, cubriendo un amplio espectro de nociones presentes en los diferentes reglamentos de la FIFA.<\/p>\n<p><!-- \/wp:paragraph --><\/p>\n<p><!-- wp:heading --><\/p>\n<h2 class=\"wp-block-heading\"><strong>Lo que se encuentra en el curso agente FIFA<\/strong><\/h2>\n<p><!-- \/wp:heading --><\/p>\n<p><!-- wp:paragraph --><\/p>\n<p>El curso para prepararse al examen de agente FIFA est\u00e1 organizado de manera que cubra todos los temas que pueden abordarse en la prueba oficial.<\/p>\n<p><!-- \/wp:paragraph --><\/p>\n<p><!-- wp:heading {\"level\":3} --><\/p>\n<h3 class=\"wp-block-heading\"><strong>M\u00f3dulos te\u00f3ricos, basados en los textos oficiales de la FIFA<\/strong><\/h3>\n<p><!-- \/wp:heading --><\/p>\n<p><!-- wp:paragraph --><\/p>\n<p>El curso de preparaci\u00f3n al examen de agente FIFA se basa en el an\u00e1lisis profundo de los <strong>textos oficiales de la FIFA<\/strong>. Entre los documentos oficiales de la FIFA presentados en forma de curso se encuentran:<\/p>\n<p><!-- \/wp:paragraph --><\/p>\n<p><!-- wp:list --><\/p>\n<ul class=\"wp-block-list\"><!-- wp:list-item --><\/p>\n<li>Los Estatutos de la FIFA<\/li>\n<p><!-- \/wp:list-item --><\/p>\n<p><!-- wp:list-item --><\/p>\n<li>El C\u00f3digo Disciplinario de la FIFA<\/li>\n<p><!-- \/wp:list-item --><\/p>\n<p><!-- wp:list-item --><\/p>\n<li>El C\u00f3digo de \u00c9tica de la FIFA<\/li>\n<p><!-- \/wp:list-item --><\/p>\n<p><!-- wp:list-item --><\/p>\n<li>El Reglamento sobre el Estatuto y la Transferencia de Jugadores (RETJ)<\/li>\n<p><!-- \/wp:list-item --><\/p>\n<p><!-- wp:list-item --><\/p>\n<li>Las Reglas de Procedimiento del Tribunal del F\u00fatbol<\/li>\n<p><!-- \/wp:list-item --><\/p>\n<p><!-- wp:list-item --><\/p>\n<li>El Reglamento de la C\u00e1mara de Compensaci\u00f3n de la FIFA<\/li>\n<p><!-- \/wp:list-item --><\/p>\n<p><!-- wp:list-item --><\/p>\n<li>El Reglamento sobre Agentes de la FIFA<\/li>\n<p><!-- \/wp:list-item --><\/ul>\n<p><!-- \/wp:list --><\/p>\n<p><!-- wp:paragraph --><\/p>\n<p>Estos documentos constituyen la base de la prueba y su dominio es esencial para aspirar a aprobar el examen de agente FIFA.<\/p>\n<p><!-- \/wp:paragraph --><\/p>\n<p><!-- wp:heading {\"level\":3} --><\/p>\n<h3 class=\"wp-block-heading\"><strong>Cursos estructurados y explicativos<\/strong><\/h3>\n<p><!-- \/wp:heading --><\/p>\n<p><!-- wp:paragraph --><\/p>\n<p>Los cursos para prepararse al examen oficial ofrecen una progresi\u00f3n l\u00f3gica y clara, retomando en su totalidad las nociones presentes en los reglamentos. Adem\u00e1s de abarcar todos los conceptos de los documentos, los cursos est\u00e1n estructurados en forma de cap\u00edtulos, manteni\u00e9ndose fieles a la organizaci\u00f3n de los textos oficiales.<\/p>\n<p><!-- \/wp:paragraph --><\/p>\n<p><!-- wp:paragraph --><\/p>\n<p>En cada cap\u00edtulo, hay varios contenidos del curso que van acompa\u00f1ados de explicaciones para permitir a los estudiantes comprender las nociones presentes en cada documento.<\/p>\n<p><!-- \/wp:paragraph --><\/p>\n<p><!-- wp:heading --><\/p>\n<h2 class=\"wp-block-heading\"><strong>\u00bfC\u00f3mo utilizar eficazmente el curso de agente FIFA?<\/strong><\/h2>\n<p><!-- \/wp:heading --><\/p>\n<p><!-- wp:paragraph --><\/p>\n<p>El uso de un curso estructurado y acompa\u00f1ado de explicaciones para el examen de agente FIFA es determinante para asimilar las nociones jur\u00eddicas y administrativas, as\u00ed como las pr\u00e1cticas impuestas por la FIFA. Sin embargo, el curso debe ser utilizado eficazmente siguiendo buenos <strong>m\u00e9todos de estudio<\/strong> y <strong>combinando las herramientas pedag\u00f3gicas<\/strong> para maximizar las posibilidades de \u00e9xito en el examen de agente FIFA.<\/p>\n<p><!-- \/wp:paragraph --><\/p>\n<p><!-- wp:heading {\"level\":3} --><\/p>\n<h3 class=\"wp-block-heading\"><strong>M\u00e9todos de estudio recomendados<\/strong><\/h3>\n<p><!-- \/wp:heading --><\/p>\n<p><!-- wp:paragraph --><\/p>\n<p>Para usar eficazmente el curso para el examen de agente FIFA, no basta con consumir \u00fanicamente el contenido. Es necesario establecer un verdadero m\u00e9todo de revisi\u00f3n. En un primer momento, es importante <strong>planificar regularmente sesiones de estudio<\/strong> para aprender de manera progresiva sin sobrecargarse de informaci\u00f3n. Las <strong>fichas de repaso<\/strong> tambi\u00e9n pueden acompa\u00f1ar el aprendizaje del curso del examen de agente FIFA, anotando conceptos clave y pasajes importantes a retener.<\/p>\n<p><!-- \/wp:paragraph --><\/p>\n<p><!-- wp:heading {\"level\":3} --><\/p>\n<h3 class=\"wp-block-heading\"><strong>Combinar las herramientas pedag\u00f3gicas<\/strong><\/h3>\n<p><!-- \/wp:heading --><\/p>\n<p><!-- wp:paragraph --><\/p>\n<p>El contenido del curso permite a los estudiantes conocer los conceptos y la informaci\u00f3n clave presentes en el examen de agente FIFA. Sin embargo, para dominar al 100 % estas nociones, es interesante <strong>combinar diferentes herramientas pedag\u00f3gicas<\/strong>. Adem\u00e1s de los cursos, existen <a href=\"https:\/\/fifa.sportsagentinstitute.com\/es\/preguntas\">preguntas<\/a>, <a href=\"https:\/\/fifa.sportsagentinstitute.com\/es\/recursos-didacticos\">recursos did\u00e1cticos<\/a> y <a href=\"https:\/\/fifa.sportsagentinstitute.com\/es\/simulacros-de-examen\/\">simulacros de examen<\/a> que ayudan a comprender mejor y retener la informaci\u00f3n clave de los documentos oficiales.<\/p>\n<p><!-- \/wp:paragraph --><\/p>\n<p><!-- wp:heading --><\/p>\n<h2 class=\"wp-block-heading\"><strong>Los cursos y explicaciones Examen Agente FIFA, en resumen<\/strong><\/h2>\n<p><!-- \/wp:heading --><\/p>\n<p><!-- wp:paragraph --><\/p>\n<p>Los <strong>cursos Examen Agente FIFA<\/strong>, acompa\u00f1ados de sus explicaciones detalladas, ocupan un papel esencial en la preparaci\u00f3n de los candidatos para la prueba oficial. Estos cursos, que cubren todos los temas que pueden abordarse en el examen, ofrecen a los estudiantes la posibilidad de prepararse de la mejor manera, especialmente al poner en pr\u00e1ctica un buen m\u00e9todo de aprendizaje y al combinar las herramientas pedag\u00f3gicas.<\/p>\n<p><!-- \/wp:paragraph --><\/p>\n","protected":false},"excerpt":{"rendered":"<p>\u00bfPor qu\u00e9 seguir un curso para el examen de agente FIFA? El examen de agente FIFA es una prueba bastante compleja que exige una preparaci\u00f3n rigurosa de antemano y que no deja espacio a la improvisaci\u00f3n. En 2024, la tasa de \u00e9xito en el examen oficial fue de alrededor del 40 %. Durante las sesiones [&hellip;]<\/p>\n","protected":false},"author":3,"featured_media":0,"parent":0,"menu_order":0,"comment_status":"closed","ping_status":"closed","template":"cours-index.php","meta":{"_acf_changed":false,"footnotes":""},"formation_type":[],"class_list":["post-5230","page","type-page","status-publish","hentry"],"acf":[],"_links":{"self":[{"href":"https:\/\/fifa.sportsagentinstitute.com\/es\/wp-json\/wp\/v2\/pages\/5230","targetHints":{"allow":["GET"]}}],"collection":[{"href":"https:\/\/fifa.sportsagentinstitute.com\/es\/wp-json\/wp\/v2\/pages"}],"about":[{"href":"https:\/\/fifa.sportsagentinstitute.com\/es\/wp-json\/wp\/v2\/types\/page"}],"author":[{"embeddable":true,"href":"https:\/\/fifa.sportsagentinstitute.com\/es\/wp-json\/wp\/v2\/users\/3"}],"replies":[{"embeddable":true,"href":"https:\/\/fifa.sportsagentinstitute.com\/es\/wp-json\/wp\/v2\/comments?post=5230"}],"version-history":[{"count":7,"href":"https:\/\/fifa.sportsagentinstitute.com\/es\/wp-json\/wp\/v2\/pages\/5230\/revisions"}],"predecessor-version":[{"id":14112,"href":"https:\/\/fifa.sportsagentinstitute.com\/es\/wp-json\/wp\/v2\/pages\/5230\/revisions\/14112"}],"wp:attachment":[{"href":"https:\/\/fifa.sportsagentinstitute.com\/es\/wp-json\/wp\/v2\/media?parent=5230"}],"wp:term":[{"taxonomy":"formation_type","embeddable":true,"href":"https:\/\/fifa.sportsagentinstitute.com\/es\/wp-json\/wp\/v2\/formation_type?post=5230"}],"curies":[{"name":"wp","href":"https:\/\/api.w.org\/{rel}","templated":true}]}}