{"id":2350,"date":"2025-05-07T16:23:51","date_gmt":"2025-05-07T14:23:51","guid":{"rendered":"https:\/\/sportsagentinstitute.kinsta.cloud\/fifa\/?page_id=2350"},"modified":"2026-01-30T12:52:20","modified_gmt":"2026-01-30T11:52:20","slug":"materiel-pedagogique","status":"publish","type":"page","link":"https:\/\/fifa.sportsagentinstitute.com\/fr\/materiel-pedagogique","title":{"rendered":"Mat\u00e9riel p\u00e9dagogique"},"content":{"rendered":"<p><!-- wp:heading --><\/p>\n<h2 class=\"wp-block-heading\"><strong>Pourquoi utiliser le mat\u00e9riel p\u00e9dagogique pour l\u2019examen d\u2019agent FIFA ?<\/strong><\/h2>\n<p><!-- \/wp:heading --><\/p>\n<p><!-- wp:paragraph --><\/p>\n<p>Le volume de connaissances n\u00e9cessaires pour r\u00e9ussir l\u2019examen d\u2019agent FIFA est cons\u00e9quent. Les textes juridiques sont longs et exigeants et pour qu\u2019ils soient ma\u00eetris\u00e9s de la meilleure des mani\u00e8res, un apprentissage s\u00e9rieux et organis\u00e9 est recommand\u00e9. Le <strong>mat\u00e9riel p\u00e9dagogique de l\u2019examen d\u2019agent FIFA<\/strong> intervient alors pour <strong>structurer les r\u00e9visions et leur donner un parcours clair<\/strong>. Il s\u2019impose ainsi comme un outil de r\u00e9vision incontournable pour se pr\u00e9parer \u00e0 l\u2019examen d\u2019agent FIFA.<\/p>\n<p><!-- \/wp:paragraph --><\/p>\n<p><!-- wp:heading {\"level\":3} --><\/p>\n<h3 class=\"wp-block-heading\"><strong>M\u00e9tier en pleine professionnalisation<\/strong><\/h3>\n<p><!-- \/wp:heading --><\/p>\n<p><!-- wp:paragraph --><\/p>\n<p>Le m\u00e9tier d'agent FIFA a connu une r\u00e9cente \u00e9volution. Depuis 2023, il est d\u00e9sormais <strong>obligatoire d\u2019\u00eatre titulaire de la licence d'agent FIFA<\/strong> pour exercer l\u00e9galement cette profession. En 2024, le taux de r\u00e9ussite \u00e0 l\u2019\u00e9chelle mondiale \u00e9tait de <strong>40,4 %<\/strong>. En 2025, le taux de r\u00e9ussite \u00e0 l\u2019\u00e9chelle mondiale a chut\u00e9 \u00e0 <strong>18 %<\/strong>, confirmant la difficult\u00e9 croissante de l'examen FIFA et l'exigence toujours plus \u00e9lev\u00e9e pour exercer cette profession.<\/p>\n<p><!-- \/wp:paragraph --><\/p>\n<p><!-- wp:heading {\"level\":3} --><\/p>\n<h3 class=\"wp-block-heading\"><strong>Pr\u00e9paration structur\u00e9e pour un contenu complexe<\/strong><\/h3>\n<p><!-- \/wp:heading --><\/p>\n<p><!-- wp:paragraph --><\/p>\n<p>L\u2019examen d\u2019agent FIFA compte plusieurs mati\u00e8res avec <strong>\u00e9norm\u00e9ment d\u2019informations<\/strong>, comme les statuts de la FIFA, le r\u00e8glement du statut et du transfert des joueurs (RSTJ), le code d\u2019\u00e9thique, et bien d\u2019autres\u2026 Ces documents, en plus de leur grande quantit\u00e9 d\u2019informations, peuvent parfois \u00eatre techniques. Le mat\u00e9riel p\u00e9dagogique de l\u2019examen d\u2019agent FIFA d\u00e9code ces textes officiels, organise les r\u00e9visions par th\u00e9matiques et met en \u00e9vidence les notions fondamentales \u00e0 ma\u00eetriser, ce qui permet de <strong>faciliter les r\u00e9visions<\/strong>.&nbsp;<\/p>\n<p><!-- \/wp:paragraph --><\/p>\n<p><!-- wp:heading {\"level\":3} --><\/p>\n<h3 class=\"wp-block-heading\"><strong>Gain de temps et de clart\u00e9<\/strong><\/h3>\n<p><!-- \/wp:heading --><\/p>\n<p><!-- wp:paragraph --><\/p>\n<p>Le mat\u00e9riel p\u00e9dagogique de l'examen d\u2019agent FIFA d\u00e9livre une vraie <strong>m\u00e9thode de r\u00e9vision<\/strong> pour l\u2019examen. Il explique le r\u00f4le de chaque mati\u00e8re, de quoi sont compos\u00e9s les cours, ce qu\u2019il faut savoir avant de se lancer dans la r\u00e9vision d\u2019une mati\u00e8re, et ensuite comment se pr\u00e9parer \u00e0 l\u2019examen officiel.<\/p>\n<p><!-- \/wp:paragraph --><\/p>\n<p><!-- wp:heading --><\/p>\n<h2 class=\"wp-block-heading\"><strong>Ce que l\u2019on trouve dans le mat\u00e9riel p\u00e9dagogique de l\u2019examen d\u2019agent FIFA<\/strong><\/h2>\n<p><!-- \/wp:heading --><\/p>\n<p><!-- wp:paragraph --><\/p>\n<p>Le mat\u00e9riel p\u00e9dagogique d\u2019agent de SportAgent Institute couvre <strong>l\u2019enti\u00e8ret\u00e9 des mati\u00e8res<\/strong> pr\u00e9sentes \u00e0 l\u2019examen d\u2019agent FIFA :<\/p>\n<p><!-- \/wp:paragraph --><\/p>\n<p><!-- wp:list --><\/p>\n<ul class=\"wp-block-list\"><!-- wp:list-item --><\/p>\n<li>Statuts de la FIFA<\/li>\n<p><!-- \/wp:list-item --><\/p>\n<p><!-- wp:list-item --><\/p>\n<li>Code disciplinaire de la FIFA<\/li>\n<p><!-- \/wp:list-item --><\/p>\n<p><!-- wp:list-item --><\/p>\n<li>Code d'\u00e9thique de la FIFA 2023<\/li>\n<p><!-- \/wp:list-item --><\/p>\n<p><!-- wp:list-item --><\/p>\n<li>R\u00e8glement du Statut et du Transfert des Joueurs<\/li>\n<p><!-- \/wp:list-item --><\/p>\n<p><!-- wp:list-item --><\/p>\n<li>R\u00e8gles de proc\u00e9dure du Tribunal du Football<\/li>\n<p><!-- \/wp:list-item --><\/p>\n<p><!-- wp:list-item --><\/p>\n<li>R\u00e8glement de la Chambre de compensation de la FIFA<\/li>\n<p><!-- \/wp:list-item --><\/p>\n<p><!-- wp:list-item --><\/p>\n<li>R\u00e8glement sur les agents de la FIFA<\/li>\n<p><!-- \/wp:list-item --><\/p>\n<p><!-- wp:list-item --><\/p>\n<li>FIFA Guardians\u2122 \u2013 Guide sur la pr\u00e9vention en faveur des enfants \u00e0 destination des associations membres<\/li>\n<p><!-- \/wp:list-item --><\/p>\n<p><!-- wp:list-item --><\/p>\n<li>Fondamentaux de la pr\u00e9vention FIFA Guardians\u2122 : Cours 1<\/li>\n<p><!-- \/wp:list-item --><\/p>\n<p><!-- wp:list-item --><\/p>\n<li>Guide sur le recrutement \u00e9thique<\/li>\n<p><!-- \/wp:list-item --><\/p>\n<p><!-- wp:list-item --><\/p>\n<li>Circulaire de la FIFA n\u00b01827 : R\u00e8glement sur les agents de la FIFA<\/li>\n<p><!-- \/wp:list-item --><\/p>\n<p><!-- wp:list-item --><\/p>\n<li>Circulaire de la FIFA n\u00b01867 : Non-respect des accords de conciliation \u2013 comp\u00e9tence de la Commission de Discipline de la FIFA<\/li>\n<p><!-- \/wp:list-item --><\/p>\n<p><!-- wp:list-item --><\/p>\n<li>Circulaire de la FIFA n\u00b01873 : Point sur le R\u00e8glement sur les agents de la FIFA<\/li>\n<p><!-- \/wp:list-item --><\/p>\n<p><!-- wp:list-item --><\/p>\n<li>Circulaire n\u00b01874 de la FIFA : R\u00e8glement sur les agents de la FIFA \u2013 point sur les licences et information concernant la chambre des agents du Tribunal du Football de la FIFA<\/li>\n<p><!-- \/wp:list-item --><\/p>\n<p><!-- wp:list-item --><\/p>\n<li>Circulaire n\u00b01887 de la FIFA : Amendements au R\u00e8glement du Statut et du Transfert des Joueurs de la FIFA (RSTJ) concernant les dispositions relatives aux joueuses et entra\u00eeneures, l\u2019extension de la validit\u00e9 de l\u2019annexe 7 et la proc\u00e9dure de transfert international dans le football<\/li>\n<p><!-- \/wp:list-item --><\/p>\n<p><!-- wp:list-item --><\/p>\n<li>Circulaire n\u00b01889 de la FIFA : Amendements aux Statuts de la FIFA, au R\u00e8glement d\u2019application des Statuts et au R\u00e8glement du Congr\u00e8s<\/li>\n<p><!-- \/wp:list-item --><\/p>\n<p><!-- wp:list-item --><\/p>\n<li>Circulaire n\u00b01891 de la FIFA : R\u00e8glement sur les agents de la FIFA \u2013 dates d\u2019examen<\/li>\n<p><!-- \/wp:list-item --><\/p>\n<p><!-- wp:list-item --><\/p>\n<li>Circulaire n\u00b01892 de la FIFA : R\u00e8glement du Statut et du Transfert des Joueurs de la FIFA \u2013 cat\u00e9gorisation des clubs et p\u00e9riodes d\u2019enregistrement<\/li>\n<p><!-- \/wp:list-item --><\/p>\n<p><!-- wp:list-item --><\/p>\n<li>Circulaire n\u00b01905 de la FIFA : Amendements au R\u00e8glement du Statut et du Transfert des Joueurs de la FIFA<\/li>\n<p><!-- \/wp:list-item --><\/p>\n<p><!-- wp:list-item --><\/p>\n<li>Circulaire n\u00b01917 de la FIFA : Cadre r\u00e9glementaire temporaire \u2013 amendements au R\u00e8glement du Statut et du Transfert des Joueurs de la FIFA ainsi qu\u2019aux R\u00e8gles de proc\u00e9dure du Tribunal du Football<\/li>\n<p><!-- \/wp:list-item --><\/p>\n<p><!-- wp:list-item --><\/p>\n<li>Circulaire n\u00b01918 de la FIFA : Amendements au R\u00e8glement de la Chambre de compensation de la FIFA et au R\u00e8glement du Statut et du Transfert des Joueurs de la FIFA<\/li>\n<p><!-- \/wp:list-item --><\/p>\n<p><!-- wp:list-item --><\/p>\n<li>Circulaire n\u00b01919 de la FIFA : Amendements au R\u00e8glement sur les agents de la FIFA et introduction d\u2019un examen en ligne<\/li>\n<p><!-- \/wp:list-item --><\/p>\n<p><!-- wp:list-item --><\/p>\n<li>Circulaire n\u00b01934 de la FIFA : \u00c9dition 2025 du Code disciplinaire de la FIFA<\/li>\n<p><!-- \/wp:list-item --><\/p>\n<p><!-- wp:list-item --><\/p>\n<li>Circulaire n\u00b01936 de la FIFA : R\u00e8glement du Statut et du Transfert des Joueurs de la FIFA \u2013 cat\u00e9gorisation des clubs et p\u00e9riodes d\u2019enregistrement<\/li>\n<p><!-- \/wp:list-item --><\/p>\n<p><!-- wp:list-item --><\/p>\n<li>Circulaire n\u00b01937 de la FIFA : Amendements au R\u00e8glement de la Chambre de compensation de la FIFA<\/li>\n<p><!-- \/wp:list-item --><\/p>\n<p><!-- wp:list-item --><\/p>\n<li>Circulaire n\u00b01942 de la FIFA : Amendement \u00e0 l\u2019article 68 du Code disciplinaire de la FIFA<\/li>\n<p><!-- \/wp:list-item --><\/p>\n<p><!-- wp:list-item --><\/p>\n<li>R\u00e8glement sur les agents de la FIFA \u2013 Question fr\u00e9quemment pos\u00e9es<\/li>\n<p><!-- \/wp:list-item --><\/p>\n<p><!-- wp:list-item --><\/p>\n<li>D\u00e9cisions du secr\u00e9tariat g\u00e9n\u00e9ral de la FIFA<\/li>\n<p><!-- \/wp:list-item --><\/ul>\n<p><!-- \/wp:list --><\/p>\n<p><!-- wp:paragraph --><\/p>\n<p>Ces mati\u00e8res sont pr\u00e9sent\u00e9es de mani\u00e8re synth\u00e9tique pour faciliter l\u2019approche de chacune d\u2019entre elles et ainsi simplifier les r\u00e9visions pour l'examen officiel.<\/p>\n<p><!-- \/wp:paragraph --><\/p>\n<p><!-- wp:heading --><\/p>\n<h2 class=\"wp-block-heading\"><strong>Comment utiliser efficacement le mat\u00e9riel p\u00e9dagogique pour l\u2019examen d\u2019agent FIFA ?<\/strong><\/h2>\n<p><!-- \/wp:heading --><\/p>\n<p><!-- wp:paragraph --><\/p>\n<p>Le mat\u00e9riel p\u00e9dagogique pour l\u2019examen d\u2019agent FIFA est un <strong>outil essentiel<\/strong> pour se pr\u00e9parer \u00e0 l'examen officiel. En abordant de mani\u00e8re claire les fondamentaux de chaque mati\u00e8re et en guidant les candidats \u00e0 travers les \u00e9tapes cl\u00e9s de la r\u00e9vision, il leur offre une m\u00e9thode structur\u00e9e et efficace pour r\u00e9ussir l'examen.<\/p>\n<p><!-- \/wp:paragraph --><\/p>\n<p><!-- wp:heading {\"level\":3} --><\/p>\n<h3 class=\"wp-block-heading\"><strong>R\u00e9viser l\u2019ensemble des mati\u00e8res<\/strong><\/h3>\n<p><!-- \/wp:heading --><\/p>\n<p><!-- wp:paragraph --><\/p>\n<p>Il est important de <strong>ma\u00eetriser l\u2019ensemble des mati\u00e8res<\/strong> lors de sa pr\u00e9paration \u00e0 l\u2019examen d\u2019agent FIFA. L\u2019\u00e9preuve couvre tous les textes officiels de la FIFA, ce qui signifie que toute mati\u00e8re peut tomber le jour de l\u2019examen, y compris celles qui paraissent secondaires. En utilisant le mat\u00e9riel p\u00e9dagogique, il est possible de <strong>structurer sa progression<\/strong> en s\u2019assurant que chaque mati\u00e8re soit comprise et assimil\u00e9e.<\/p>\n<p><!-- \/wp:paragraph --><\/p>\n<p><!-- wp:heading {\"level\":3} --><\/p>\n<h3 class=\"wp-block-heading\"><strong>Combiner les supports de r\u00e9vision<\/strong><\/h3>\n<p><!-- \/wp:heading --><\/p>\n<p><!-- wp:paragraph --><\/p>\n<p>Le mat\u00e9riel p\u00e9dagogique pour l\u2019examen d\u2019agent FIFA est un outil de r\u00e9vision pertinent pour introduire les mati\u00e8res et mettre en place une m\u00e9thode de r\u00e9vision efficace. Cependant, pour r\u00e9ussir il est important de ne pas se contenter uniquement de ce format de r\u00e9vision, mais de le <strong>combiner avec d\u2019autres outils p\u00e9dagogiques<\/strong> :&nbsp;<\/p>\n<p><!-- \/wp:paragraph --><\/p>\n<p><!-- wp:list --><\/p>\n<ul class=\"wp-block-list\"><!-- wp:list-item --><\/p>\n<li><a href=\"https:\/\/fifa.sportsagentinstitute.com\/cours-explications\/\">Contenu de cours<\/a> : bas\u00e9 sur les documents officiels de la FIFA, les cours permettent de passer en revue l\u2019enti\u00e8ret\u00e9 des sujets pouvant \u00eatre abord\u00e9s \u00e0 l\u2019examen officiel de la FIFA.<\/li>\n<p><!-- \/wp:list-item --><\/p>\n<p><!-- wp:list-item --><\/p>\n<li><a href=\"https:\/\/fifa.sportsagentinstitute.com\/fr\/qcm\/\">QCM<\/a> : les s\u00e9ries de questions pos\u00e9es sont identiques aux questions pouvant \u00eatre pr\u00e9sentes \u00e0 l'examen d\u2019agent FIFA.&nbsp;<\/li>\n<p><!-- \/wp:list-item --><\/p>\n<p><!-- wp:list-item --><\/p>\n<li><a href=\"https:\/\/fifa.sportsagentinstitute.com\/fr\/examens-blancs\/\">Examens blancs<\/a> : con\u00e7us de la m\u00eame mani\u00e8re que l\u2019examen officiel, ils mettent les apprenants dans des conditions similaires \u00e0 l\u2019examen d'agent FIFA (temps, m\u00eame nombre de questions, sujets al\u00e9atoires\u2026).<\/li>\n<p><!-- \/wp:list-item --><\/ul>\n<p><!-- \/wp:list --><\/p>\n<p><!-- wp:heading --><\/p>\n<h2 class=\"wp-block-heading\"><strong>Le mat\u00e9riel p\u00e9dagogique Examen Agent FIFA, en bref<\/strong><\/h2>\n<p><!-- \/wp:heading --><\/p>\n<p><!-- wp:paragraph --><\/p>\n<p>Les mati\u00e8res pr\u00e9sentes dans le <strong>mat\u00e9riel p\u00e9dagogique de l'examen d\u2019agent FIFA <\/strong>sont des <strong>outils indispensables<\/strong> pour r\u00e9ussir sa pr\u00e9paration \u00e0 l\u2019\u00e9preuve officielle. Le mat\u00e9riel p\u00e9dagogique offre une approche claire, structur\u00e9e et orient\u00e9e vers l\u2019efficacit\u00e9.&nbsp;<\/p>\n<p><!-- \/wp:paragraph --><\/p>\n<p><!-- wp:paragraph --><\/p>\n<p>Il comprend <strong>tous les \u00e9l\u00e9ments pouvant \u00eatre abord\u00e9s lors de l\u2019examen d\u2019agent FIFA<\/strong>. Gr\u00e2ce \u00e0 une m\u00e9thode d\u2019apprentissage active, une bonne organisation et des r\u00e9visions combin\u00e9es entre le mat\u00e9riel p\u00e9dagogique et les autres outils de pr\u00e9paration, les candidats maximisent leurs chances de r\u00e9ussite.&nbsp;<\/p>\n<p><!-- \/wp:paragraph --><\/p>\n<p><!-- wp:paragraph --><\/p>\n<p>Pr\u00e9parez-vous d\u00e8s maintenant et avancez avec confiance vers votre certification d'agent FIFA. Bonne chance pour votre pr\u00e9paration !<\/p>\n<p><!-- \/wp:paragraph --><\/p>\n","protected":false},"excerpt":{"rendered":"<p>Pourquoi utiliser le mat\u00e9riel p\u00e9dagogique pour l\u2019examen d\u2019agent FIFA ? Le volume de connaissances n\u00e9cessaires pour r\u00e9ussir l\u2019examen d\u2019agent FIFA est cons\u00e9quent. Les textes juridiques sont longs et exigeants et pour qu\u2019ils soient ma\u00eetris\u00e9s de la meilleure des mani\u00e8res, un apprentissage s\u00e9rieux et organis\u00e9 est recommand\u00e9. Le mat\u00e9riel p\u00e9dagogique de l\u2019examen d\u2019agent FIFA intervient alors [&hellip;]<\/p>\n","protected":false},"author":1,"featured_media":0,"parent":0,"menu_order":0,"comment_status":"closed","ping_status":"closed","template":"materials-index.php","meta":{"_acf_changed":false,"footnotes":""},"formation_type":[],"class_list":["post-2350","page","type-page","status-publish","hentry"],"acf":[],"_links":{"self":[{"href":"https:\/\/fifa.sportsagentinstitute.com\/fr\/wp-json\/wp\/v2\/pages\/2350","targetHints":{"allow":["GET"]}}],"collection":[{"href":"https:\/\/fifa.sportsagentinstitute.com\/fr\/wp-json\/wp\/v2\/pages"}],"about":[{"href":"https:\/\/fifa.sportsagentinstitute.com\/fr\/wp-json\/wp\/v2\/types\/page"}],"author":[{"embeddable":true,"href":"https:\/\/fifa.sportsagentinstitute.com\/fr\/wp-json\/wp\/v2\/users\/1"}],"replies":[{"embeddable":true,"href":"https:\/\/fifa.sportsagentinstitute.com\/fr\/wp-json\/wp\/v2\/comments?post=2350"}],"version-history":[{"count":9,"href":"https:\/\/fifa.sportsagentinstitute.com\/fr\/wp-json\/wp\/v2\/pages\/2350\/revisions"}],"predecessor-version":[{"id":11566,"href":"https:\/\/fifa.sportsagentinstitute.com\/fr\/wp-json\/wp\/v2\/pages\/2350\/revisions\/11566"}],"wp:attachment":[{"href":"https:\/\/fifa.sportsagentinstitute.com\/fr\/wp-json\/wp\/v2\/media?parent=2350"}],"wp:term":[{"taxonomy":"formation_type","embeddable":true,"href":"https:\/\/fifa.sportsagentinstitute.com\/fr\/wp-json\/wp\/v2\/formation_type?post=2350"}],"curies":[{"name":"wp","href":"https:\/\/api.w.org\/{rel}","templated":true}]}}