{"id":4889,"date":"2025-07-31T11:20:10","date_gmt":"2025-07-31T09:20:10","guid":{"rendered":"https:\/\/sportsagentinstitute.kinsta.cloud\/fifa\/?page_id=4889"},"modified":"2026-01-30T12:50:21","modified_gmt":"2026-01-30T11:50:21","slug":"cours-explications","status":"publish","type":"page","link":"https:\/\/fifa.sportsagentinstitute.com\/fr\/cours-explications","title":{"rendered":"Cours &amp; Explications"},"content":{"rendered":"<p><!-- wp:heading --><\/p>\n<h2 class=\"wp-block-heading\"><strong>Pourquoi suivre un cours pour l\u2019examen d\u2019agent FIFA ?<\/strong><\/h2>\n<p><!-- \/wp:heading --><\/p>\n<p><!-- wp:paragraph --><\/p>\n<p>L\u2019examen d\u2019agent FIFA est une \u00e9preuve assez complexe qui demande une pr\u00e9paration rigoureuse en amont et qui ne laisse donc aucune improvisation. En 2024, le taux de r\u00e9ussite \u00e0 l\u2019examen officiel \u00e9tait d\u2019environ 40 %. Lors des sessions d\u2019examen, il y a une banque de questions al\u00e9atoires sur des r\u00e8glements complexes, ce qui explique le faible taux de r\u00e9ussite \u00e0 l\u2019\u00e9preuve.<\/p>\n<p><!-- \/wp:paragraph --><\/p>\n<p><!-- wp:heading {\"level\":3} --><\/p>\n<h3 class=\"wp-block-heading\"><strong>Avantages d\u2019un cours sp\u00e9cialis\u00e9<\/strong><\/h3>\n<p><!-- \/wp:heading --><\/p>\n<p><!-- wp:paragraph --><\/p>\n<p>Suivre un <strong>cours sp\u00e9cialis\u00e9 pour l\u2019examen officiel de la FIFA<\/strong> offre de nombreux avantages pour les r\u00e9visions des candidats.<\/p>\n<p><!-- \/wp:paragraph --><\/p>\n<p><!-- wp:paragraph --><\/p>\n<p>Les r\u00e8glements pr\u00e9sents dans les sujets de l\u2019\u00e9preuve peuvent parfois \u00eatre tr\u00e8s longs, par exemple, le R\u00e8glement du Statut et du Transfert des Joueurs (RSTJ) comporte \u00e9norm\u00e9ment d\u2019informations. Un cours sp\u00e9cialis\u00e9 sur ce type de texte officiel permet aux apprenants de ne pas perdre le fil dans leurs r\u00e9visions en gardant une <strong>structure<\/strong> et une <strong>clart\u00e9<\/strong> essentielles pour une bonne ma\u00eetrise des notions.<\/p>\n<p><!-- \/wp:paragraph --><\/p>\n<p><!-- wp:paragraph --><\/p>\n<p>L\u2019apprentissage de plusieurs r\u00e8glements de la FIFA peut vite devenir une t\u00e2che chronophage. Avoir un cours structur\u00e9, permet aux futurs agents de <strong>gagner du temps<\/strong> dans leurs r\u00e9visions.<\/p>\n<p><!-- \/wp:paragraph --><\/p>\n<p><!-- wp:paragraph --><\/p>\n<p>Les explications pr\u00e9sentes dans le cours et le contenu \u00e0 jour offrent la possibilit\u00e9 aux candidats de comprendre les concepts cl\u00e9s de chaque r\u00e8glement tout en restant d\u2019actualit\u00e9 dans leurs r\u00e9visions.<\/p>\n<p><!-- \/wp:paragraph --><\/p>\n<p><!-- wp:heading {\"level\":3} --><\/p>\n<h3 class=\"wp-block-heading\"><strong>Difficult\u00e9s de l\u2019examen d\u2019agent FIFA<\/strong><\/h3>\n<p><!-- \/wp:heading --><\/p>\n<p><!-- wp:paragraph --><\/p>\n<p>L\u2019examen d\u2019agent FIFA s\u2019organise sous forme de QCM, il y en a 20 dans l\u2019\u00e9preuve et il faut r\u00e9pondre \u00e0 ces questions en 1 heure. \u00c0 premi\u00e8re vue, pour des profils provenant du milieu du football, cela peut para\u00eetre simple, mais en r\u00e9alit\u00e9 l\u2019examen est compliqu\u00e9 sans une bonne pr\u00e9paration.&nbsp;<\/p>\n<p><!-- \/wp:paragraph --><\/p>\n<p><!-- wp:paragraph --><\/p>\n<p>Parmi les questions, il y a majoritairement des <strong>cas pratiques<\/strong> qui ont pour but de tester la bonne compr\u00e9hension et une application correcte des r\u00e8glements par les candidats.<\/p>\n<p><!-- \/wp:paragraph --><\/p>\n<p><!-- wp:paragraph --><\/p>\n<p>Certaines questions pr\u00e9sentes dans les sujets d\u2019examen peuvent comprendre des <strong>notions juridiques et administratives \u00e9loign\u00e9es du sport<\/strong>. La FIFA ne se limite pas aux r\u00e8gles de transfert ou de signature de contrats, de nombreux aspects juridiques complexes sont abord\u00e9s.<\/p>\n<p><!-- \/wp:paragraph --><\/p>\n<p><!-- wp:paragraph --><\/p>\n<p>De plus, la FIFA fait en sorte de traiter une <strong>diversit\u00e9 de th\u00e8mes<\/strong> le jour de l\u2019examen, en couvrant un large spectre de notions pr\u00e9sentes dans les diff\u00e9rents r\u00e8glements de la FIFA.<\/p>\n<p><!-- \/wp:paragraph --><\/p>\n<p><!-- wp:heading --><\/p>\n<h2 class=\"wp-block-heading\"><strong>Ce que l\u2019on trouve dans le cours de l\u2019examen d\u2019agent FIFA<\/strong><\/h2>\n<p><!-- \/wp:heading --><\/p>\n<p><!-- wp:paragraph --><\/p>\n<p>Le cours pour se pr\u00e9parer \u00e0 l\u2019examen d\u2019agent FIFA est organis\u00e9 de mani\u00e8re \u00e0 couvrir tous les sujets pouvant \u00eatre abord\u00e9s lors de l\u2019\u00e9preuve officielle.<\/p>\n<p><!-- \/wp:paragraph --><\/p>\n<p><!-- wp:heading {\"level\":3} --><\/p>\n<h3 class=\"wp-block-heading\"><strong>Modules th\u00e9oriques, bas\u00e9s sur les textes officiels de la FIFA<\/strong><\/h3>\n<p><!-- \/wp:heading --><\/p>\n<p><!-- wp:paragraph --><\/p>\n<p>Le cours de pr\u00e9paration \u00e0 l\u2019examen d\u2019agent FIFA repose sur l\u2019analyse approfondie des <strong>textes officiels de la FIFA<\/strong>. Parmi les documents officiels de la FIFA pr\u00e9sents sous forme de cours, il y a :&nbsp;<\/p>\n<p><!-- \/wp:paragraph --><\/p>\n<p><!-- wp:list --><\/p>\n<ul class=\"wp-block-list\"><!-- wp:list-item --><\/p>\n<li>Les Statuts de la FIFA<\/li>\n<p><!-- \/wp:list-item --><\/p>\n<p><!-- wp:list-item --><\/p>\n<li>Le Code disciplinaire de la FIFA<\/li>\n<p><!-- \/wp:list-item --><\/p>\n<p><!-- wp:list-item --><\/p>\n<li>Le Code d\u2019\u00e9thique de la FIFA<\/li>\n<p><!-- \/wp:list-item --><\/p>\n<p><!-- wp:list-item --><\/p>\n<li>Le R\u00e8glement du Statut et du Transfert des Joueurs (RSTJ)<\/li>\n<p><!-- \/wp:list-item --><\/p>\n<p><!-- wp:list-item --><\/p>\n<li>Les R\u00e8gles de proc\u00e9dure du Tribunal du Football<\/li>\n<p><!-- \/wp:list-item --><\/p>\n<p><!-- wp:list-item --><\/p>\n<li>Le R\u00e8glement de la Chambre de compensation de la FIFA<\/li>\n<p><!-- \/wp:list-item --><\/p>\n<p><!-- wp:list-item --><\/p>\n<li>Le R\u00e8glement sur les agents de la FIFA<\/li>\n<p><!-- \/wp:list-item --><\/ul>\n<p><!-- \/wp:list --><\/p>\n<p><!-- wp:paragraph --><\/p>\n<p>Ces documents constituent la base de l\u2019\u00e9preuve et leur ma\u00eetrise est essentielle pour esp\u00e9rer r\u00e9ussir l\u2019examen d\u2019agent FIFA.<\/p>\n<p><!-- \/wp:paragraph --><\/p>\n<p><!-- wp:heading {\"level\":3} --><\/p>\n<h3 class=\"wp-block-heading\"><strong>Cours structur\u00e9s et explicatifs<\/strong><\/h3>\n<p><!-- \/wp:heading --><\/p>\n<p><!-- wp:paragraph --><\/p>\n<p>Les cours pour se pr\u00e9parer \u00e0 l\u2019examen officiel offrent une progression logique et claire, tout en reprenant la totalit\u00e9 des notions pr\u00e9sentes dans les r\u00e8glements. En plus de reprendre tous les concepts des documents, les cours sont structur\u00e9s sous forme de chapitres tout en restant fid\u00e8les \u00e0 la structure des textes officiels.<\/p>\n<p><!-- \/wp:paragraph --><\/p>\n<p><!-- wp:paragraph --><\/p>\n<p>Dans chaque chapitre, il y a plusieurs contenus de cours qui sont accompagn\u00e9s d\u2019explications pour permettre aux apprenants de comprendre les notions pr\u00e9sentes dans chaque document.<\/p>\n<p><!-- \/wp:paragraph --><\/p>\n<p><!-- wp:heading --><\/p>\n<h2 class=\"wp-block-heading\"><strong>Comment utiliser efficacement le cours pour r\u00e9viser l\u2019examen d\u2019agent FIFA ?<\/strong><\/h2>\n<p><!-- \/wp:heading --><\/p>\n<p><!-- wp:paragraph --><\/p>\n<p>L\u2019utilisation d\u2019un cours structur\u00e9 et accompagn\u00e9 d\u2019explications pour l\u2019examen d\u2019agent FIFA est d\u00e9terminante pour assimiler les notions juridiques et administratives ainsi que les pratiques impos\u00e9es par la FIFA. Cependant, le cours doit \u00eatre utilis\u00e9 efficacement en suivant les bonnes <strong>m\u00e9thodes de r\u00e9vision<\/strong> et en <strong>combinant les outils p\u00e9dagogiques<\/strong> pour maximiser ses chances de r\u00e9ussite \u00e0 l\u2019examen d\u2019agent FIFA.<\/p>\n<p><!-- \/wp:paragraph --><\/p>\n<p><!-- wp:heading {\"level\":3} --><\/p>\n<h3 class=\"wp-block-heading\"><strong>M\u00e9thodes de r\u00e9vision recommand\u00e9es<\/strong><\/h3>\n<p><!-- \/wp:heading --><\/p>\n<p><!-- wp:paragraph --><\/p>\n<p>Pour utiliser efficacement le cours pour l\u2019examen d\u2019agent FIFA, il ne suffit pas de consommer uniquement le contenu. Il faut mettre en place une vraie m\u00e9thode de r\u00e9vision. Dans un premier temps, il faut r\u00e9guli\u00e8rement <strong>planifier des sessions de r\u00e9vision <\/strong>pour apprendre de mani\u00e8re progressive sans surcharger d\u2019informations. Des <strong>fiches de r\u00e9vision<\/strong> peuvent \u00e9galement accompagner l\u2019apprentissage du cours de l\u2019examen d\u2019agent FIFA en y inscrivant des notions cl\u00e9s et des passages importants \u00e0 retenir.<\/p>\n<p><!-- \/wp:paragraph --><\/p>\n<p><!-- wp:heading {\"level\":3} --><\/p>\n<h3 class=\"wp-block-heading\"><strong>Combiner les outils p\u00e9dagogiques<\/strong><\/h3>\n<p><!-- \/wp:heading --><\/p>\n<p><!-- wp:paragraph --><\/p>\n<p>Le contenu du cours permet aux apprenants de conna\u00eetre les concepts et les informations cl\u00e9s qui sont pr\u00e9sentes \u00e0 l'examen d\u2019agent FIFA. Cependant, pour ma\u00eetriser \u00e0 100% ces notions, il est int\u00e9ressant de <strong>combiner diff\u00e9rents outils p\u00e9dagogiques<\/strong>. En plus des cours, il existe des <a href=\"https:\/\/fifa.sportsagentinstitute.com\/fr\/qcm\/\">QCM<\/a>, des <a href=\"https:\/\/fifa.sportsagentinstitute.com\/materiel-pedagogique\/\">mat\u00e9riels p\u00e9dagogiques<\/a> ainsi que des <a href=\"https:\/\/fifa.sportsagentinstitute.com\/fr\/examens-blancs\/\">examens blancs<\/a> pour mieux comprendre et retenir les informations cl\u00e9s des documents officiels.<\/p>\n<p><!-- \/wp:paragraph --><\/p>\n<p><!-- wp:heading --><\/p>\n<h2 class=\"wp-block-heading\"><strong>Les cours et explications Examen Agent FIFA, en r\u00e9sum\u00e9<\/strong><\/h2>\n<p><!-- \/wp:heading --><\/p>\n<p><!-- wp:paragraph --><\/p>\n<p>Les <strong>cours Examen Agent FIFA<\/strong>, accompagn\u00e9s de leurs explications d\u00e9taill\u00e9es, occupent un r\u00f4le essentiel dans les r\u00e9visions des candidats pour la pr\u00e9paration \u00e0 l\u2019\u00e9preuve officielle. Ces cours, qui couvrent tous les sujets pouvant \u00eatre abord\u00e9s lors de l'examen, offrent la possibilit\u00e9 aux apprenants de se pr\u00e9parer de la meilleure fa\u00e7on, notamment en mettant en place une bonne m\u00e9thode d\u2019apprentissage et en combinant les outils p\u00e9dagogiques.<\/p>\n<p><!-- \/wp:paragraph --><\/p>\n","protected":false},"excerpt":{"rendered":"<p>Pourquoi suivre un cours pour l\u2019examen d\u2019agent FIFA ? L\u2019examen d\u2019agent FIFA est une \u00e9preuve assez complexe qui demande une pr\u00e9paration rigoureuse en amont et qui ne laisse donc aucune improvisation. En 2024, le taux de r\u00e9ussite \u00e0 l\u2019examen officiel \u00e9tait d\u2019environ 40 %. Lors des sessions d\u2019examen, il y a une banque de questions [&hellip;]<\/p>\n","protected":false},"author":1,"featured_media":0,"parent":0,"menu_order":0,"comment_status":"closed","ping_status":"closed","template":"cours-index.php","meta":{"_acf_changed":false,"footnotes":""},"formation_type":[],"class_list":["post-4889","page","type-page","status-publish","hentry"],"acf":[],"_links":{"self":[{"href":"https:\/\/fifa.sportsagentinstitute.com\/fr\/wp-json\/wp\/v2\/pages\/4889","targetHints":{"allow":["GET"]}}],"collection":[{"href":"https:\/\/fifa.sportsagentinstitute.com\/fr\/wp-json\/wp\/v2\/pages"}],"about":[{"href":"https:\/\/fifa.sportsagentinstitute.com\/fr\/wp-json\/wp\/v2\/types\/page"}],"author":[{"embeddable":true,"href":"https:\/\/fifa.sportsagentinstitute.com\/fr\/wp-json\/wp\/v2\/users\/1"}],"replies":[{"embeddable":true,"href":"https:\/\/fifa.sportsagentinstitute.com\/fr\/wp-json\/wp\/v2\/comments?post=4889"}],"version-history":[{"count":8,"href":"https:\/\/fifa.sportsagentinstitute.com\/fr\/wp-json\/wp\/v2\/pages\/4889\/revisions"}],"predecessor-version":[{"id":11556,"href":"https:\/\/fifa.sportsagentinstitute.com\/fr\/wp-json\/wp\/v2\/pages\/4889\/revisions\/11556"}],"wp:attachment":[{"href":"https:\/\/fifa.sportsagentinstitute.com\/fr\/wp-json\/wp\/v2\/media?parent=4889"}],"wp:term":[{"taxonomy":"formation_type","embeddable":true,"href":"https:\/\/fifa.sportsagentinstitute.com\/fr\/wp-json\/wp\/v2\/formation_type?post=4889"}],"curies":[{"name":"wp","href":"https:\/\/api.w.org\/{rel}","templated":true}]}}