{"id":7118,"date":"2025-11-18T19:30:30","date_gmt":"2025-11-18T18:30:30","guid":{"rendered":"https:\/\/sai_kinsta_18112025.test\/?page_id=7118"},"modified":"2026-01-27T16:53:43","modified_gmt":"2026-01-27T15:53:43","slug":"outils","status":"publish","type":"page","link":"https:\/\/fifa.sportsagentinstitute.com\/fr\/outils","title":{"rendered":"Nos outils"},"content":{"rendered":"<p><!-- wp:paragraph --><\/p>\n<p>Pr\u00e9parer l\u2019examen d\u2019agent FIFA ne devrait pas \u00eatre une source de frustration. SportsAgent Institute vous propose une alternative digitale et dynamique pour transformer votre pr\u00e9paration en v\u00e9ritable tremplin vers la r\u00e9ussite. Finie la th\u00e9orie ennuyeuse et r\u00e9p\u00e9titive, place \u00e0 une formation en ligne vivante avec des outils pens\u00e9s pour ceux qui veulent r\u00e9ellement devenir agent de joueur FIFA. <\/p>\n<p><!-- \/wp:paragraph --><\/p>\n<p><!-- wp:paragraph --><\/p>\n<p>Cette rigueur est d\u2019autant plus n\u00e9cessaire que <strong>l\u2019examen est particuli\u00e8rement s\u00e9lectif<\/strong>. Le taux de r\u00e9ussite \u00e0 l\u2019\u00e9chelle mondiale en 2025 n\u2019a atteint que <strong>18 %<\/strong>, et <strong>un \u00e9chec implique l\u2019impossibilit\u00e9 d\u2019exercer pendant une ann\u00e9e enti\u00e8re.<\/strong><\/p>\n<p><!-- \/wp:paragraph --><\/p>\n<p><!-- wp:quote --><\/p>\n<blockquote><!-- wp:paragraph --><\/p>\n<p>Avec un taux de r\u00e9ussite de <strong>97 %<\/strong> <strong>parmi ses utilisateurs, SportsAgent Institute <\/strong>offre une m\u00e9thode \u00e9prouv\u00e9e et concr\u00e8te pour atteindre cet objectif.<\/p>\n<p><!-- \/wp:paragraph --><\/blockquote>\n<p><!-- \/wp:quote --><\/p>\n<p><!-- wp:paragraph --><\/p>\n<p>Pour vous accompagner dans votre pr\u00e9paration, la plateforme met \u00e0 votre disposition une gamme d\u2019outils compl\u00e9mentaires\u202f:<\/p>\n<p><!-- \/wp:paragraph --><\/p>\n<p><!-- wp:list --><\/p>\n<ul class=\"wp-block-list\"><!-- wp:list-item --><\/p>\n<li>Un <a href=\"https:\/\/fifa.sportsagentinstitute.com\/fr\/materiel-pedagogique\" data-type=\"page\" data-id=\"2350\">mat\u00e9riel p\u00e9dagogique<\/a> actualis\u00e9, clair et cibl\u00e9<\/li>\n<p><!-- \/wp:list-item --><\/p>\n<p><!-- wp:list-item --><\/p>\n<li>Des <a href=\"https:\/\/fifa.sportsagentinstitute.com\/fr\/cours-explications\" data-type=\"page\" data-id=\"4889\">cours explicatifs<\/a> adapt\u00e9s \u00e0 tous les niveaux<\/li>\n<p><!-- \/wp:list-item --><\/p>\n<p><!-- wp:list-item --><\/p>\n<li>Des <a href=\"https:\/\/fifa.sportsagentinstitute.com\/fr\/qcm\" data-type=\"page\" data-id=\"5044\">QCM interactifs<\/a> avec corrections<\/li>\n<p><!-- \/wp:list-item --><\/p>\n<p><!-- wp:list-item --><\/p>\n<li>Des <a href=\"https:\/\/fifa.sportsagentinstitute.com\/fr\/examens-blancs\" data-type=\"page\" data-id=\"4995\">examens blancs<\/a> reproduisant les conditions r\u00e9elles<\/li>\n<p><!-- \/wp:list-item --><\/p>\n<p><!-- wp:list-item --><\/p>\n<li>Un <a href=\"https:\/\/fifa.sportsagentinstitute.com\/fr\/inscription\" data-type=\"page\" data-id=\"2250\">plan d\u2019\u00e9tude<\/a> complet d\u00e9coup\u00e9 en missions<\/li>\n<p><!-- \/wp:list-item --><\/p>\n<p><!-- wp:list-item --><\/p>\n<li>Un <a href=\"https:\/\/fifa.sportsagentinstitute.com\/fr\/inscription\">suivi personnalis\u00e9<\/a> de vos performances<\/li>\n<p><!-- \/wp:list-item --><\/p>\n<p><!-- wp:list-item --><\/p>\n<li>Des <a href=\"https:\/\/fifa.sportsagentinstitute.com\/fr\/inscription\">masterclasses<\/a> anim\u00e9es par des agents FIFA exp\u00e9riment\u00e9s<\/li>\n<p><!-- \/wp:list-item --><\/p>\n<p><!-- wp:list-item --><\/p>\n<li>Un <a href=\"https:\/\/fifa.sportsagentinstitute.com\/fr\/blog\" data-type=\"page\" data-id=\"4971\">blog d\u2019expertise<\/a> sur la r\u00e9glementation et la pratique du m\u00e9tier<\/li>\n<p><!-- \/wp:list-item --><\/ul>\n<p><!-- \/wp:list --><\/p>\n<p><!-- wp:paragraph --><\/p>\n<p>Chaque ressource a \u00e9t\u00e9 con\u00e7ue pour vous apporter une r\u00e9elle valeur ajout\u00e9e et maximiser vos chances de r\u00e9ussite \u00e0 l\u2019examen FIFA.<\/p>\n<p><!-- \/wp:paragraph --><\/p>\n<p><!-- wp:heading --><\/p>\n<h2 class=\"wp-block-heading\"><strong>Un mat\u00e9riel p\u00e9dagogique \u00e0 jour pour une compr\u00e9hension rapide<\/strong><\/h2>\n<p><!-- \/wp:heading --><\/p>\n<p><!-- wp:paragraph --><\/p>\n<p>Vous acc\u00e9dez \u00e0 un ensemble de contenus p\u00e9dagogiques con\u00e7us sp\u00e9cifiquement pour l\u2019examen FIFA, en totale conformit\u00e9 avec le <strong>mat\u00e9riel officiel de la FIFA pour 2026<\/strong>. Tout est structur\u00e9 pour <strong>faciliter la m\u00e9morisation<\/strong> des textes r\u00e9glementaires officiels de la FIFA, comprendre les responsabilit\u00e9s d\u2019un agent de joueur et se familiariser avec l\u2019univers contractuel du football professionnel.<\/p>\n<p><!-- \/wp:paragraph --><\/p>\n<p><!-- wp:paragraph --><\/p>\n<p>Ils sont synth\u00e9tiques, faciles \u00e0 assimiler, constamment actualis\u00e9s, et <strong>con\u00e7us pour \u00e9viter les lourdeurs juridiques inutiles<\/strong>. C'est l'id\u00e9al pour acqu\u00e9rir les connaissances fondamentales sans s\u2019y perdre.<\/p>\n<p><!-- \/wp:paragraph --><\/p>\n<p><!-- wp:heading --><\/p>\n<h2 class=\"wp-block-heading\"><strong>Des cours accessibles pour comprendre, pas juste apprendre<\/strong><\/h2>\n<p><!-- \/wp:heading --><\/p>\n<p><!-- wp:paragraph --><\/p>\n<p>Les contenus ne se contentent pas d\u2019exposer les textes FIFA. Chaque notion est expliqu\u00e9e avec clart\u00e9, illustr\u00e9e par des exemples. Le but est simple : que chaque r\u00e8gle, chaque proc\u00e9dure, ait du sens pour vous. <\/p>\n<p><!-- \/wp:paragraph --><\/p>\n<p><!-- wp:paragraph --><\/p>\n<p>On retient mieux ce que l\u2019on comprend, et nous l\u2019avons bien compris.<\/p>\n<p><!-- \/wp:paragraph --><\/p>\n<p><!-- wp:heading --><\/p>\n<h2 class=\"wp-block-heading\"><strong>Entra\u00eenez-vous avec des QCM interactifs<\/strong><\/h2>\n<p><!-- \/wp:heading --><\/p>\n<p><!-- wp:paragraph --><\/p>\n<p>Rien de tel que la pratique pour ancrer les connaissances.<\/p>\n<p><!-- \/wp:paragraph --><\/p>\n<p><!-- wp:paragraph --><\/p>\n<p>Les questionnaires \u00e0 choix multiples permettent de s\u2019exercer efficacement, de rep\u00e9rer ses points faibles, et d\u2019apprendre de ses erreurs gr\u00e2ce aux explications fournies apr\u00e8s chaque r\u00e9ponse. En vous testant r\u00e9guli\u00e8rement, vous progressez naturellement vers le niveau attendu pour devenir agent licenci\u00e9 par la FIFA.<\/p>\n<p><!-- \/wp:paragraph --><\/p>\n<p><!-- wp:heading --><\/p>\n<h2 class=\"wp-block-heading\"><strong>Pr\u00e9parez-vous en conditions r\u00e9elles avec les examens blancs<\/strong><\/h2>\n<p><!-- \/wp:heading --><\/p>\n<p><!-- wp:paragraph --><\/p>\n<p>Vous disposez de plusieurs examens blancs structur\u00e9s exactement comme ceux propos\u00e9s lors de la session officielle. En plus de g\u00e9rer votre stress et votre temps, cela vous permet d\u2019\u00e9valuer votre niveau et d\u2019atteindre l\u2019aisance n\u00e9cessaire le jour de l\u2019examen.<\/p>\n<p><!-- \/wp:paragraph --><\/p>\n<p><!-- wp:heading --><\/p>\n<h2 class=\"wp-block-heading\"><strong>Un plan d\u2019\u00e9tude structur\u00e9 pour obtenir la licence d'agent<\/strong><\/h2>\n<p><!-- \/wp:heading --><\/p>\n<p><!-- wp:paragraph --><\/p>\n<p>La plateforme propose un plan d\u2019\u00e9tude en <strong>11 missions<\/strong>, r\u00e9parties en deux phases\u202f: <\/p>\n<p><!-- \/wp:paragraph --><\/p>\n<p><!-- wp:list --><\/p>\n<ul class=\"wp-block-list\"><!-- wp:list-item --><\/p>\n<li>acquisition des connaissances<\/li>\n<p><!-- \/wp:list-item --><\/p>\n<p><!-- wp:list-item --><\/p>\n<li>tests pratiques avec 20 examens blancs<\/li>\n<p><!-- \/wp:list-item --><\/ul>\n<p><!-- \/wp:list --><\/p>\n<p><!-- wp:paragraph --><\/p>\n<p>Suivre ce parcours pas \u00e0 pas vous permet de progresser efficacement et surtout de mettre toutes les chances de votre c\u00f4t\u00e9 <strong>pour obtenir votre licence d'agent de joueurs FIFA rapidement<\/strong>.<\/p>\n<p><!-- \/wp:paragraph --><\/p>\n<p><!-- wp:heading --><\/p>\n<h2 class=\"wp-block-heading\"><strong>Un suivi personnalis\u00e9 qui oriente vos efforts<\/strong><\/h2>\n<p><!-- \/wp:heading --><\/p>\n<p><!-- wp:paragraph --><\/p>\n<p>Chaque session d\u2019entra\u00eenement, chaque quiz ou examen blanc est enregistr\u00e9e dans votre tableau de bord personnel. Gr\u00e2ce \u00e0 cette vue d\u2019ensemble, vous visualisez facilement vos progr\u00e8s et vos zones de fragilit\u00e9. La plateforme vous oriente ensuite vers les modules les plus utiles pour consolider vos acquis.<\/p>\n<p><!-- \/wp:paragraph --><\/p>\n<p><!-- wp:heading --><\/p>\n<h2 class=\"wp-block-heading\"><strong>Une vision terrain avec les masterclasses d'agents FIFA<\/strong><\/h2>\n<p><!-- \/wp:heading --><\/p>\n<p><!-- wp:paragraph --><\/p>\n<p>Parce que le m\u00e9tier d'agent ne se limite pas \u00e0 une th\u00e9orie, les masterclasses de SportsAgent Institute vous plongent dans le quotidien des agents certifi\u00e9s. Apprenez aux c\u00f4t\u00e9s d\u2019agents ayant collabor\u00e9 avec le <strong>Real Madrid, CAA Base, le FC Montr\u00e9al<\/strong> ou encore <strong>Washington Spirit<\/strong>, dont les retours d\u2019exp\u00e9rience vous montrent les r\u00e9alit\u00e9s du terrain et les pi\u00e8ges \u00e0 \u00e9viter et les bons r\u00e9flexes \u00e0 adopter.<\/p>\n<p><!-- \/wp:paragraph --><\/p>\n<p><!-- wp:heading --><\/p>\n<h2 class=\"wp-block-heading\"><strong>Un blog pour rester connect\u00e9 \u00e0 l\u2019\u00e9volution du m\u00e9tier d'agent FIFA<\/strong><\/h2>\n<p><!-- \/wp:heading --><\/p>\n<p><!-- wp:paragraph --><\/p>\n<p>Le meilleur moyen de rester \u00e0 jour et d'effectuer votre veille sur les derni\u00e8res modifications de la r\u00e9glementation FIFA, des tendances du march\u00e9, et des pratiques \u00e9mergentes dans la gestion de carri\u00e8re des joueurs.<\/p>\n<p><!-- \/wp:paragraph --><\/p>\n<p><!-- wp:paragraph --><\/p>\n<p>Vous y trouverez notamment des articles pratiques et strat\u00e9giques tels que :<\/p>\n<p><!-- \/wp:paragraph --><\/p>\n<p><!-- wp:list --><\/p>\n<ul class=\"wp-block-list\"><!-- wp:list-item --><\/p>\n<li><a href=\"https:\/\/fifa.sportsagentinstitute.com\/fr\/blog\/examen-fifa-2026\" data-type=\"post\" data-id=\"551\">Examen FIFA Agent 2026 : Guide complet pour les candidats<\/a><\/li>\n<p><!-- \/wp:list-item --><\/p>\n<p><!-- wp:list-item --><\/p>\n<li><a href=\"https:\/\/fifa.sportsagentinstitute.com\/fr\/blog\/devenir-agent-joueurs-football-2026\" data-type=\"post\" data-id=\"301\">Devenir agent de joueurs de football en 2026<\/a><\/li>\n<p><!-- \/wp:list-item --><\/p>\n<p><!-- wp:list-item --><\/p>\n<li><a href=\"https:\/\/fifa.sportsagentinstitute.com\/fr\/blog\/conseils-reussir-examen-agent-fifa\" data-type=\"post\" data-id=\"851\">10 conseils pour r\u00e9ussir l'examen d'agent de football de la FIFA<\/a><\/li>\n<p><!-- \/wp:list-item --><\/p>\n<p><!-- wp:list-item --><\/p>\n<li><a href=\"https:\/\/fifa.sportsagentinstitute.com\/fr\/blog\/agence-agent-joueur\" data-type=\"post\" data-id=\"8600\">Agence d\u2019agent de joueur : tout ce qu\u2019il faut savoir<\/a><\/li>\n<p><!-- \/wp:list-item --><\/ul>\n<p><!-- \/wp:list --><\/p>\n","protected":false},"excerpt":{"rendered":"<p>Pr\u00e9parer l\u2019examen d\u2019agent FIFA ne devrait pas \u00eatre une source de frustration. SportsAgent Institute vous propose une alternative digitale et dynamique pour transformer votre pr\u00e9paration en v\u00e9ritable tremplin vers la r\u00e9ussite. Finie la th\u00e9orie ennuyeuse et r\u00e9p\u00e9titive, place \u00e0 une formation en ligne vivante avec des outils pens\u00e9s pour ceux qui veulent r\u00e9ellement devenir agent [&hellip;]<\/p>\n","protected":false},"author":1,"featured_media":0,"parent":0,"menu_order":0,"comment_status":"closed","ping_status":"closed","template":"tools-index.php","meta":{"_acf_changed":false,"footnotes":""},"formation_type":[],"class_list":["post-7118","page","type-page","status-publish","hentry"],"acf":[],"_links":{"self":[{"href":"https:\/\/fifa.sportsagentinstitute.com\/fr\/wp-json\/wp\/v2\/pages\/7118","targetHints":{"allow":["GET"]}}],"collection":[{"href":"https:\/\/fifa.sportsagentinstitute.com\/fr\/wp-json\/wp\/v2\/pages"}],"about":[{"href":"https:\/\/fifa.sportsagentinstitute.com\/fr\/wp-json\/wp\/v2\/types\/page"}],"author":[{"embeddable":true,"href":"https:\/\/fifa.sportsagentinstitute.com\/fr\/wp-json\/wp\/v2\/users\/1"}],"replies":[{"embeddable":true,"href":"https:\/\/fifa.sportsagentinstitute.com\/fr\/wp-json\/wp\/v2\/comments?post=7118"}],"version-history":[{"count":7,"href":"https:\/\/fifa.sportsagentinstitute.com\/fr\/wp-json\/wp\/v2\/pages\/7118\/revisions"}],"predecessor-version":[{"id":11248,"href":"https:\/\/fifa.sportsagentinstitute.com\/fr\/wp-json\/wp\/v2\/pages\/7118\/revisions\/11248"}],"wp:attachment":[{"href":"https:\/\/fifa.sportsagentinstitute.com\/fr\/wp-json\/wp\/v2\/media?parent=7118"}],"wp:term":[{"taxonomy":"formation_type","embeddable":true,"href":"https:\/\/fifa.sportsagentinstitute.com\/fr\/wp-json\/wp\/v2\/formation_type?post=7118"}],"curies":[{"name":"wp","href":"https:\/\/api.w.org\/{rel}","templated":true}]}}