{"id":5242,"date":"2025-07-31T11:20:10","date_gmt":"2025-07-31T09:20:10","guid":{"rendered":"https:\/\/sportsagentinstitute.kinsta.cloud\/fifa\/?page_id=5242"},"modified":"2026-01-30T12:57:54","modified_gmt":"2026-01-30T11:57:54","slug":"corsi","status":"publish","type":"page","link":"https:\/\/fifa.sportsagentinstitute.com\/it\/corsi","title":{"rendered":"Corsi"},"content":{"rendered":"<p><!-- wp:heading --><\/p>\n<h2 class=\"wp-block-heading\"><strong>Perch\u00e9 seguire un corso agente FIFA?<\/strong><\/h2>\n<p><!-- \/wp:heading --><\/p>\n<p><!-- wp:paragraph --><\/p>\n<p>L\u2019esame da agente FIFA \u00e8 una prova piuttosto complessa che richiede una preparazione rigorosa in anticipo e che quindi non lascia spazio all\u2019improvvisazione. Nel 2024, il tasso di successo all\u2019esame ufficiale era di circa il 40%. Durante le sessioni d\u2019esame, \u00e8 presente una banca di domande casuali su regolamenti complessi, il che spiega il basso tasso di successo alla prova.<\/p>\n<p><!-- \/wp:paragraph --><\/p>\n<p><!-- wp:heading {\"level\":3} --><\/p>\n<h3 class=\"wp-block-heading\"><strong>Vantaggi di un corso specializzato<\/strong><\/h3>\n<p><!-- \/wp:heading --><\/p>\n<p><!-- wp:paragraph --><\/p>\n<p>Seguire un <strong>corso specializzato per l\u2019esame ufficiale della FIFA<\/strong> offre numerosi vantaggi per la revisione dei candidati.<\/p>\n<p><!-- \/wp:paragraph --><\/p>\n<p><!-- wp:paragraph --><\/p>\n<p>I regolamenti presenti nei temi della prova possono a volte essere molto lunghi, ad esempio, il Regolamento sullo Statuto e il Trasferimento dei Calciatori (RSTP) contiene un\u2019enorme quantit\u00e0 di informazioni. Un corso agente FIFA consente agli studenti di non perdere il filo durante le loro revisioni, mantenendo una <strong>struttura <\/strong>e una <strong>chiarezza <\/strong>essenziali per una buona padronanza delle nozioni.<\/p>\n<p><!-- \/wp:paragraph --><\/p>\n<p><!-- wp:paragraph --><\/p>\n<p>L\u2019apprendimento di pi\u00f9 regolamenti della FIFA pu\u00f2 rapidamente diventare un compito che richiede molto tempo. Avere un corso strutturato permette ai futuri agenti di <strong>risparmiare tempo<\/strong> durante le loro revisioni.<\/p>\n<p><!-- \/wp:paragraph --><\/p>\n<p><!-- wp:paragraph --><\/p>\n<p>Le spiegazioni presenti nel corso e i contenuti aggiornati offrono ai candidati la possibilit\u00e0 di comprendere i concetti chiave di ciascun regolamento, rimanendo al passo con l\u2019attualit\u00e0 delle loro revisioni.<\/p>\n<p><!-- \/wp:paragraph --><\/p>\n<p><!-- wp:heading {\"level\":3} --><\/p>\n<h3 class=\"wp-block-heading\"><strong>Difficolt\u00e0 dell\u2019esame da agente FIFA<\/strong><\/h3>\n<p><!-- \/wp:heading --><\/p>\n<p><!-- wp:paragraph --><\/p>\n<p>L\u2019esame da agente FIFA \u00e8 organizzato sotto forma di QCM, ci sono 20 domande nella prova e bisogna rispondere a queste domande in 1 ora. A prima vista, per i profili provenienti dal mondo del calcio, ci\u00f2 pu\u00f2 sembrare semplice, ma in realt\u00e0 l\u2019esame \u00e8 complicato senza una buona preparazione.<\/p>\n<p><!-- \/wp:paragraph --><\/p>\n<p><!-- wp:paragraph --><\/p>\n<p>Tra le domande, vi sono principalmente <strong>casi pratici<\/strong> che hanno lo scopo di testare la corretta comprensione e applicazione dei regolamenti da parte dei candidati.<\/p>\n<p><!-- \/wp:paragraph --><\/p>\n<p><!-- wp:paragraph --><\/p>\n<p>Alcune domande presenti nei temi d\u2019esame possono includere <strong>nozioni giuridiche e amministrative lontane dallo sport<\/strong>. La FIFA non si limita alle regole di trasferimento o di firma dei contratti, vengono affrontati numerosi aspetti giuridici complessi.<\/p>\n<p><!-- \/wp:paragraph --><\/p>\n<p><!-- wp:paragraph --><\/p>\n<p>Inoltre, la FIFA si assicura di trattare una <strong>diversit\u00e0 di temi<\/strong> il giorno dell\u2019esame, coprendo un ampio spettro di nozioni presenti nei vari regolamenti della FIFA.<\/p>\n<p><!-- \/wp:paragraph --><\/p>\n<p><!-- wp:heading --><\/p>\n<h2 class=\"wp-block-heading\"><strong>Cosa si trova nel corso per agente di calciatori<\/strong><\/h2>\n<p><!-- \/wp:heading --><\/p>\n<p><!-- wp:paragraph --><\/p>\n<p>Il corso per prepararsi all\u2019esame da agente FIFA \u00e8 organizzato in modo da coprire tutti gli argomenti che possono essere affrontati durante la prova ufficiale.<\/p>\n<p><!-- \/wp:paragraph --><\/p>\n<p><!-- wp:heading {\"level\":3} --><\/p>\n<h3 class=\"wp-block-heading\"><strong>Moduli teorici, basati sui testi ufficiali della FIFA<\/strong><\/h3>\n<p><!-- \/wp:heading --><\/p>\n<p><!-- wp:paragraph --><\/p>\n<p>Il corso di preparazione all\u2019esame da agente FIFA si fonda sull\u2019analisi approfondita dei <strong>testi ufficiali della FIFA<\/strong>. Tra i documenti ufficiali della FIFA presenti sotto forma di corso, ci sono:<\/p>\n<p><!-- \/wp:paragraph --><\/p>\n<p><!-- wp:list --><\/p>\n<ul class=\"wp-block-list\"><!-- wp:list-item --><\/p>\n<li>Gli Statuti della FIFA<\/li>\n<p><!-- \/wp:list-item --><\/p>\n<p><!-- wp:list-item --><\/p>\n<li>Il Codice disciplinare della FIFA<\/li>\n<p><!-- \/wp:list-item --><\/p>\n<p><!-- wp:list-item --><\/p>\n<li>Il Codice etico della FIFA<\/li>\n<p><!-- \/wp:list-item --><\/p>\n<p><!-- wp:list-item --><\/p>\n<li>Il Regolamento sullo Statuto e il Trasferimento dei Calciatori (RSTP)<\/li>\n<p><!-- \/wp:list-item --><\/p>\n<p><!-- wp:list-item --><\/p>\n<li>Le Regole di procedura del Tribunale del Calcio<\/li>\n<p><!-- \/wp:list-item --><\/p>\n<p><!-- wp:list-item --><\/p>\n<li>Il Regolamento della Clearing House della FIFA<\/li>\n<p><!-- \/wp:list-item --><\/p>\n<p><!-- wp:list-item --><\/p>\n<li>Il Regolamento sugli Agenti della FIFA<\/li>\n<p><!-- \/wp:list-item --><\/ul>\n<p><!-- \/wp:list --><\/p>\n<p><!-- wp:paragraph --><\/p>\n<p>Questi documenti costituiscono la base della prova e la loro padronanza \u00e8 essenziale per sperare di superare l\u2019esame da agente FIFA.<\/p>\n<p><!-- \/wp:paragraph --><\/p>\n<p><!-- wp:heading {\"level\":3} --><\/p>\n<h3 class=\"wp-block-heading\"><strong>Corsi strutturati ed esplicativi<\/strong><\/h3>\n<p><!-- \/wp:heading --><\/p>\n<p><!-- wp:paragraph --><\/p>\n<p>I corsi per prepararsi all\u2019esame ufficiale offrono una progressione logica e chiara, riprendendo integralmente le nozioni presenti nei regolamenti. Oltre a riprendere tutti i concetti dei documenti, i corsi sono strutturati sotto forma di capitoli, rimanendo fedeli alla struttura dei testi ufficiali.<br \/>In ogni capitolo, vi sono diversi contenuti del corso accompagnati da spiegazioni che permettono agli studenti di comprendere le nozioni presenti in ciascun documento.<\/p>\n<p><!-- \/wp:paragraph --><\/p>\n<p><!-- wp:heading --><\/p>\n<h2 class=\"wp-block-heading\"><strong>Come utilizzare efficacemente il corso agente FIFA?<\/strong><\/h2>\n<p><!-- \/wp:heading --><\/p>\n<p><!-- wp:paragraph --><\/p>\n<p>L\u2019utilizzo di un corso strutturato e accompagnato da spiegazioni per l\u2019esame da agente FIFA \u00e8 determinante per assimilare le nozioni giuridiche e amministrative, cos\u00ec come le pratiche imposte dalla FIFA. Tuttavia, il corso deve essere utilizzato in modo efficace, seguendo i giusti <strong>metodi di revisione<\/strong> e <strong>combinando gli strumenti pedagogici<\/strong> per massimizzare le proprie possibilit\u00e0 di successo all\u2019esame da agente FIFA.<\/p>\n<p><!-- \/wp:paragraph --><\/p>\n<p><!-- wp:heading {\"level\":3} --><\/p>\n<h3 class=\"wp-block-heading\"><strong>Metodi di revisione raccomandati<\/strong><\/h3>\n<p><!-- \/wp:heading --><\/p>\n<p><!-- wp:paragraph --><\/p>\n<p>Per utilizzare efficacemente il corso per l\u2019esame da agente FIFA, non basta solo consumare il contenuto. \u00c8 necessario impostare un vero metodo di revisione. In un primo momento, bisogna <strong>pianificare regolarmente sessioni<\/strong> di revisione per apprendere in modo progressivo senza sovraccaricarsi di informazioni. Le <strong>schede di revisione<\/strong> possono anche accompagnare l\u2019apprendimento del corso per l\u2019esame da agente FIFA, annotando nozioni chiave e passaggi importanti da ricordare.<\/p>\n<p><!-- \/wp:paragraph --><\/p>\n<p><!-- wp:heading {\"level\":3} --><\/p>\n<h3 class=\"wp-block-heading\"><strong>Combinare gli strumenti pedagogici<\/strong><\/h3>\n<p><!-- \/wp:heading --><\/p>\n<p><!-- wp:paragraph --><\/p>\n<p>Il contenuto del corso permette agli studenti di conoscere i concetti e le informazioni chiave presenti nell\u2019esame da agente FIFA. Tuttavia, per padroneggiare al 100% queste nozioni, \u00e8 utile <strong>combinare diversi strumenti pedagogici<\/strong>. Oltre ai corsi, esistono <a href=\"https:\/\/fifa.sportsagentinstitute.com\/it\/test\">test<\/a>, <a href=\"https:\/\/fifa.sportsagentinstitute.com\/it\/materiali-didattici\">materiale di studio<\/a> e <a href=\"https:\/\/fifa.sportsagentinstitute.com\/it\/esami-simulati\">simulazione esame agente FIFA<\/a> per comprendere meglio e memorizzare le informazioni chiave dei documenti ufficiali.<\/p>\n<p><!-- \/wp:paragraph --><\/p>\n<p><!-- wp:heading --><\/p>\n<h2 class=\"wp-block-heading\"><strong>I corsi e le spiegazioni Esame Agente FIFA, in sintesi<\/strong><\/h2>\n<p><!-- \/wp:heading --><\/p>\n<p><!-- wp:paragraph --><\/p>\n<p>I <strong>corsi Esame Agente FIFA<\/strong>, accompagnati dalle loro spiegazioni dettagliate, svolgono un ruolo essenziale nella revisione dei candidati per la preparazione alla prova ufficiale. Questi corsi, che coprono tutti gli argomenti che possono essere affrontati durante l\u2019esame, offrono agli studenti la possibilit\u00e0 di prepararsi al meglio, in particolare impostando un buon metodo di apprendimento e combinando gli strumenti pedagogici.<\/p>\n<p><!-- \/wp:paragraph --><\/p>\n","protected":false},"excerpt":{"rendered":"<p>Perch\u00e9 seguire un corso agente FIFA? L\u2019esame da agente FIFA \u00e8 una prova piuttosto complessa che richiede una preparazione rigorosa in anticipo e che quindi non lascia spazio all\u2019improvvisazione. Nel 2024, il tasso di successo all\u2019esame ufficiale era di circa il 40%. Durante le sessioni d\u2019esame, \u00e8 presente una banca di domande casuali su regolamenti [&hellip;]<\/p>\n","protected":false},"author":3,"featured_media":0,"parent":0,"menu_order":0,"comment_status":"closed","ping_status":"closed","template":"cours-index.php","meta":{"_acf_changed":false,"footnotes":""},"formation_type":[],"class_list":["post-5242","page","type-page","status-publish","hentry"],"acf":[],"_links":{"self":[{"href":"https:\/\/fifa.sportsagentinstitute.com\/it\/wp-json\/wp\/v2\/pages\/5242","targetHints":{"allow":["GET"]}}],"collection":[{"href":"https:\/\/fifa.sportsagentinstitute.com\/it\/wp-json\/wp\/v2\/pages"}],"about":[{"href":"https:\/\/fifa.sportsagentinstitute.com\/it\/wp-json\/wp\/v2\/types\/page"}],"author":[{"embeddable":true,"href":"https:\/\/fifa.sportsagentinstitute.com\/it\/wp-json\/wp\/v2\/users\/3"}],"replies":[{"embeddable":true,"href":"https:\/\/fifa.sportsagentinstitute.com\/it\/wp-json\/wp\/v2\/comments?post=5242"}],"version-history":[{"count":5,"href":"https:\/\/fifa.sportsagentinstitute.com\/it\/wp-json\/wp\/v2\/pages\/5242\/revisions"}],"predecessor-version":[{"id":11592,"href":"https:\/\/fifa.sportsagentinstitute.com\/it\/wp-json\/wp\/v2\/pages\/5242\/revisions\/11592"}],"wp:attachment":[{"href":"https:\/\/fifa.sportsagentinstitute.com\/it\/wp-json\/wp\/v2\/media?parent=5242"}],"wp:term":[{"taxonomy":"formation_type","embeddable":true,"href":"https:\/\/fifa.sportsagentinstitute.com\/it\/wp-json\/wp\/v2\/formation_type?post=5242"}],"curies":[{"name":"wp","href":"https:\/\/api.w.org\/{rel}","templated":true}]}}