{"id":2357,"date":"2025-05-07T16:23:51","date_gmt":"2025-05-07T14:23:51","guid":{"rendered":"https:\/\/sportsagentinstitute.kinsta.cloud\/fifa\/materiais-didaticos\/"},"modified":"2026-01-30T12:55:08","modified_gmt":"2026-01-30T11:55:08","slug":"materiais-pedagogicos","status":"publish","type":"page","link":"https:\/\/fifa.sportsagentinstitute.com\/pt-br\/materiais-pedagogicos","title":{"rendered":"Materiais Pedag\u00f3gicos"},"content":{"rendered":"<p><!-- wp:heading --><\/p>\n<h2 class=\"wp-block-heading\"><strong>Por que utilizar os materiais de estudo para a prova de agente FIFA?<\/strong><\/h2>\n<p><!-- \/wp:heading --><\/p>\n<p><!-- wp:paragraph --><\/p>\n<p>O volume de conhecimentos necess\u00e1rios para ter sucesso na prova de agente da FIFA \u00e9 significativo. Os textos jur\u00eddicos s\u00e3o longos e exigentes e, para que sejam dominados da melhor forma poss\u00edvel, recomenda-se um aprendizado s\u00e9rio e organizado. O <strong>material pedag\u00f3gico da prova de agente da FIFA<\/strong> surge, ent\u00e3o, para <strong>estruturar as revis\u00f5es e oferecer um percurso claro<\/strong>. Assim, estabelece-se como uma ferramenta de revis\u00e3o indispens\u00e1vel para se preparar para a prova de agente da FIFA.<\/p>\n<p><!-- \/wp:paragraph --><\/p>\n<p><!-- wp:heading {\"level\":3} --><\/p>\n<h3 class=\"wp-block-heading\"><strong>Profiss\u00e3o em plena profissionaliza\u00e7\u00e3o<\/strong><\/h3>\n<p><!-- \/wp:heading --><\/p>\n<p><!-- wp:paragraph --><\/p>\n<p>A profiss\u00e3o de agente da FIFA passou por uma evolu\u00e7\u00e3o recente. Desde 2023, \u00e9 <strong>obrigat\u00f3rio possuir a\u00a0licen\u00e7a de agente FIFA<\/strong> para exercer legalmente esta profiss\u00e3o. Em 2024, a taxa de aprova\u00e7\u00e3o em n\u00edvel mundial foi de <strong>40,4%<\/strong>. Em 2025, essa taxa caiu para <strong>18%<\/strong>, confirmando a crescente dificuldade do exame da FIFA e a exig\u00eancia cada vez maior para exercer a profiss\u00e3o de agente de jogadores.<\/p>\n<p><!-- \/wp:paragraph --><\/p>\n<p><!-- wp:heading {\"level\":3} --><\/p>\n<h3 class=\"wp-block-heading\"><strong>Prepara\u00e7\u00e3o estruturada para um conte\u00fado complexo<\/strong><\/h3>\n<p><!-- \/wp:heading --><\/p>\n<p><!-- wp:paragraph --><\/p>\n<p>A prova de agente da FIFA abrange diversas mat\u00e9rias com uma <strong>enorme quantidade de informa\u00e7\u00f5es<\/strong>, como os Estatutos da FIFA, o Regulamento sobre o Estatuto e a Transfer\u00eancia de Jogadores (RETJ), o C\u00f3digo de \u00c9tica, entre outros. Esses documentos, al\u00e9m da grande quantidade de informa\u00e7\u00f5es, podem ser t\u00e9cnicos. O material pedag\u00f3gico da prova de agente da FIFA decodifica esses textos oficiais, organiza as revis\u00f5es por temas e destaca as no\u00e7\u00f5es fundamentais que devem ser dominadas, <strong>facilitando as revis\u00f5es<\/strong>.<\/p>\n<p><!-- \/wp:paragraph --><\/p>\n<p><!-- wp:heading {\"level\":3} --><\/p>\n<h3 class=\"wp-block-heading\"><strong>Ganho de tempo e clareza<\/strong><\/h3>\n<p><!-- \/wp:heading --><\/p>\n<p><!-- wp:paragraph --><\/p>\n<p>O material pedag\u00f3gico da prova de agente da FIFA fornece um verdadeiro <strong>m\u00e9todo de revis\u00e3o<\/strong> para a prova. Ele explica o papel de cada mat\u00e9ria, do que s\u00e3o compostos os cursos, o que \u00e9 necess\u00e1rio saber antes de come\u00e7ar a revisar cada tema e, em seguida, como se preparar para a prova oficial.<\/p>\n<p><!-- \/wp:paragraph --><\/p>\n<p><!-- wp:heading --><\/p>\n<h2 class=\"wp-block-heading\"><strong>O que se encontra nos materiais de estudo da prova de agente FIFA<\/strong><\/h2>\n<p><!-- \/wp:heading --><\/p>\n<p><!-- wp:paragraph --><\/p>\n<p>O material pedag\u00f3gico de agente do SportsAgent Institute cobre a <strong>totalidade das mat\u00e9rias<\/strong> presentes na prova de agente da FIFA:<\/p>\n<p><!-- \/wp:paragraph --><\/p>\n<p><!-- wp:list --><\/p>\n<ul class=\"wp-block-list\"><!-- wp:list-item --><\/p>\n<li>Estatutos da FIFA<\/li>\n<p><!-- \/wp:list-item --><\/p>\n<p><!-- wp:list-item --><\/p>\n<li>C\u00f3digo Disciplinar da FIFA (Edi\u00e7\u00e3o 2025)<\/li>\n<p><!-- \/wp:list-item --><\/p>\n<p><!-- wp:list-item --><\/p>\n<li>C\u00f3digo de \u00c9tica da FIFA (Edi\u00e7\u00e3o 2023)<\/li>\n<p><!-- \/wp:list-item --><\/p>\n<p><!-- wp:list-item --><\/p>\n<li>Regulamento sobre o Estatuto e a Transfer\u00eancia de Jogadores (Edi\u00e7\u00e3o de julho de 2025)<\/li>\n<p><!-- \/wp:list-item --><\/p>\n<p><!-- wp:list-item --><\/p>\n<li>Regras de Procedimento do Tribunal de Futebol<\/li>\n<p><!-- \/wp:list-item --><\/p>\n<p><!-- wp:list-item --><\/p>\n<li>Regulamento da C\u00e2mara de Compensa\u00e7\u00e3o da FIFA<\/li>\n<p><!-- \/wp:list-item --><\/p>\n<p><!-- wp:list-item --><\/p>\n<li>Regulamento de Agentes da FIFA<\/li>\n<p><!-- \/wp:list-item --><\/p>\n<p><!-- wp:list-item --><\/p>\n<li>FIFA Guardians\u2122 \u2013 Guia sobre Prote\u00e7\u00e3o Infantil para Associa\u00e7\u00f5es Membro<\/li>\n<p><!-- \/wp:list-item --><\/p>\n<p><!-- wp:list-item --><\/p>\n<li>Fundamentos da Prote\u00e7\u00e3o FIFA Guardians\u2122: Curso 1<\/li>\n<p><!-- \/wp:list-item --><\/p>\n<p><!-- wp:list-item --><\/p>\n<li>Guia da FIFA sobre Recrutamento \u00c9tico<\/li>\n<p><!-- \/wp:list-item --><\/p>\n<p><!-- wp:list-item --><\/p>\n<li>Circular N\u00ba 1827 \u2013 Regulamento de Agentes da FIFA<\/li>\n<p><!-- \/wp:list-item --><\/p>\n<p><!-- wp:list-item --><\/p>\n<li>Circular N\u00ba 1867 \u2013 N\u00e3o cumprimento de acordos de concilia\u00e7\u00e3o \u2013 Jurisdi\u00e7\u00e3o do Comit\u00ea Disciplinar da FIFA<\/li>\n<p><!-- \/wp:list-item --><\/p>\n<p><!-- wp:list-item --><\/p>\n<li>Circular N\u00ba 1873 \u2013 Atualiza\u00e7\u00e3o sobre o Regulamento de Agentes da FIFA<\/li>\n<p><!-- \/wp:list-item --><\/p>\n<p><!-- wp:list-item --><\/p>\n<li>Circular N\u00ba 1874 \u2013 Licenciamento e C\u00e2mara de Agentes do Tribunal de Futebol da FIFA<\/li>\n<p><!-- \/wp:list-item --><\/p>\n<p><!-- wp:list-item --><\/p>\n<li>Circular N\u00ba 1887 \u2013 Altera\u00e7\u00f5es ao RSTP: disposi\u00e7\u00f5es sobre futebol feminino, extens\u00e3o do Anexo 7 e procedimentos de transfer\u00eancia internacional<\/li>\n<p><!-- \/wp:list-item --><\/p>\n<p><!-- wp:list-item --><\/p>\n<li>Circular N\u00ba 1889 \u2013 Altera\u00e7\u00f5es aos Estatutos da FIFA, Regulamento de Aplica\u00e7\u00e3o dos Estatutos e Regulamento do Congresso<\/li>\n<p><!-- \/wp:list-item --><\/p>\n<p><!-- wp:list-item --><\/p>\n<li>Circular N\u00ba 1891 \u2013 Datas do exame \u2013 Regulamento de Agentes da FIFA<\/li>\n<p><!-- \/wp:list-item --><\/p>\n<p><!-- wp:list-item --><\/p>\n<li>Circular N\u00ba 1892 \u2013 RSTP: Categoriza\u00e7\u00e3o dos clubes e per\u00edodos de registro<\/li>\n<p><!-- \/wp:list-item --><\/p>\n<p><!-- wp:list-item --><\/p>\n<li>Circular N\u00ba 1905 \u2013 Novas altera\u00e7\u00f5es ao RSTP<\/li>\n<p><!-- \/wp:list-item --><\/p>\n<p><!-- wp:list-item --><\/p>\n<li>Circular N\u00ba 1917 \u2013 Quadro regulat\u00f3rio tempor\u00e1rio \u2013 altera\u00e7\u00f5es ao RSTP e \u00e0s Regras de Procedimento do Tribunal de Futebol<\/li>\n<p><!-- \/wp:list-item --><\/p>\n<p><!-- wp:list-item --><\/p>\n<li>Circular N\u00ba 1918 \u2013 Altera\u00e7\u00f5es ao Regulamento da C\u00e2mara de Compensa\u00e7\u00e3o da FIFA e ao RSTP<\/li>\n<p><!-- \/wp:list-item --><\/p>\n<p><!-- wp:list-item --><\/p>\n<li>Circular N\u00ba 1919 \u2013 Altera\u00e7\u00f5es ao Regulamento de Agentes da FIFA e introdu\u00e7\u00e3o do exame online<\/li>\n<p><!-- \/wp:list-item --><\/p>\n<p><!-- wp:list-item --><\/p>\n<li>Circular N\u00ba 1934 \u2013 C\u00f3digo Disciplinar da FIFA (Edi\u00e7\u00e3o 2025)<\/li>\n<p><!-- \/wp:list-item --><\/p>\n<p><!-- wp:list-item --><\/p>\n<li>Circular N\u00ba 1936 \u2013 RSTP: Categoriza\u00e7\u00e3o dos clubes e per\u00edodos de registro<\/li>\n<p><!-- \/wp:list-item --><\/p>\n<p><!-- wp:list-item --><\/p>\n<li>Circular N\u00ba 1937 \u2013 Altera\u00e7\u00f5es ao Regulamento da C\u00e2mara de Compensa\u00e7\u00e3o da FIFA<\/li>\n<p><!-- \/wp:list-item --><\/p>\n<p><!-- wp:list-item --><\/p>\n<li>Circular N\u00ba 1942 \u2013 Altera\u00e7\u00e3o ao artigo 68 do C\u00f3digo Disciplinar da FIFA<\/li>\n<p><!-- \/wp:list-item --><\/p>\n<p><!-- wp:list-item --><\/p>\n<li>Regulamento de Agentes da FIFA \u2013 Perguntas Frequentes<\/li>\n<p><!-- \/wp:list-item --><\/p>\n<p><!-- wp:list-item --><\/p>\n<li>Decis\u00f5es da Secretaria Geral da FIFA<\/li>\n<p><!-- \/wp:list-item --><\/ul>\n<p><!-- \/wp:list --><\/p>\n<p><!-- wp:paragraph --><\/p>\n<p>Essas mat\u00e9rias s\u00e3o apresentadas de forma sint\u00e9tica para facilitar a abordagem de cada uma delas e, assim, simplificar as revis\u00f5es para a prova oficial.<\/p>\n<p><!-- \/wp:paragraph --><\/p>\n<p><!-- wp:heading --><\/p>\n<h2 class=\"wp-block-heading\"><strong>Como utilizar eficazmente o material de estudo para a prova de agente FIFA?<\/strong><\/h2>\n<p><!-- \/wp:heading --><\/p>\n<p><!-- wp:paragraph --><\/p>\n<p>O material pedag\u00f3gico para a prova de agente da FIFA \u00e9 uma <strong>ferramenta essencial<\/strong> para se preparar para a prova oficial. Ao abordar de forma clara os fundamentos de cada mat\u00e9ria e guiar os candidatos pelas etapas-chave da revis\u00e3o, oferece-lhes um m\u00e9todo estruturado e eficaz para alcan\u00e7ar o sucesso na prova.<\/p>\n<p><!-- \/wp:paragraph --><\/p>\n<p><!-- wp:heading {\"level\":3} --><\/p>\n<h3 class=\"wp-block-heading\"><strong>Revisar todas as mat\u00e9rias<\/strong><\/h3>\n<p><!-- \/wp:heading --><\/p>\n<p><!-- wp:paragraph --><\/p>\n<p>\u00c9 importante <strong>dominar todas as mat\u00e9rias<\/strong> na prepara\u00e7\u00e3o para a prova de agente da FIFA. A prova abrange todos os textos oficiais da FIFA, o que significa que qualquer tema pode aparecer no dia da prova, inclusive aqueles que parecem secund\u00e1rios. Utilizando o material pedag\u00f3gico, \u00e9 poss\u00edvel <strong>estruturar a progress\u00e3o<\/strong> e garantir que cada mat\u00e9ria seja compreendida e assimilada.<\/p>\n<p><!-- \/wp:paragraph --><\/p>\n<p><!-- wp:heading {\"level\":3} --><\/p>\n<h3 class=\"wp-block-heading\"><strong>Combinar os suportes de revis\u00e3o<\/strong><\/h3>\n<p><!-- \/wp:heading --><\/p>\n<p><!-- wp:paragraph --><\/p>\n<p>O material pedag\u00f3gico para a prova de agente da FIFA \u00e9 uma ferramenta relevante para introduzir as mat\u00e9rias e estabelecer um m\u00e9todo de revis\u00e3o eficaz. No entanto, para ter sucesso \u00e9 fundamental n\u00e3o se limitar apenas a este formato de revis\u00e3o, mas <strong>combin\u00e1-lo com outros instrumentos pedag\u00f3gicos<\/strong>:<\/p>\n<p><!-- \/wp:paragraph --><\/p>\n<p><!-- wp:list --><\/p>\n<ul class=\"wp-block-list\"><!-- wp:list-item --><\/p>\n<li><a href=\"https:\/\/fifa.sportsagentinstitute.com\/pt-br\/cursos\">Conte\u00fado dos cursos<\/a>: baseado nos documentos oficiais da FIFA, os cursos permitem revisar a totalidade dos assuntos que podem ser abordados na prova oficial da FIFA.<\/li>\n<p><!-- \/wp:list-item --><\/p>\n<p><!-- wp:list-item --><\/p>\n<li><a href=\"https:\/\/fifa.sportsagentinstitute.com\/pt-br\/perguntas\">Perguntas<\/a>: as s\u00e9ries de perguntas propostas s\u00e3o id\u00eanticas \u00e0s que podem estar presentes na prova de agente da FIFA.<\/li>\n<p><!-- \/wp:list-item --><\/p>\n<p><!-- wp:list-item --><\/p>\n<li><a href=\"https:\/\/fifa.sportsagentinstitute.com\/pt-br\/provas-simuladas\">Provas simuladas<\/a>: concebidas da mesma forma que a prova oficial, colocam os aprendizes em condi\u00e7\u00f5es semelhantes \u00e0s da prova de agente da FIFA (tempo, mesmo n\u00famero de perguntas, temas aleat\u00f3rios\u2026).<\/li>\n<p><!-- \/wp:list-item --><\/ul>\n<p><!-- \/wp:list --><\/p>\n<p><!-- wp:heading --><\/p>\n<h2 class=\"wp-block-heading\"><strong>Os materiais de estudo da Prova de Agente FIFA, em resumo<\/strong><\/h2>\n<p><!-- \/wp:heading --><\/p>\n<p><!-- wp:paragraph --><\/p>\n<p>As mat\u00e9rias presentes no <strong>material pedag\u00f3gico da prova de agente da FIFA<\/strong> s\u00e3o <strong>ferramentas indispens\u00e1veis<\/strong> para uma prepara\u00e7\u00e3o eficaz para a prova oficial. O material pedag\u00f3gico oferece uma abordagem clara, estruturada e orientada para a efic\u00e1cia.<\/p>\n<p><!-- \/wp:paragraph --><\/p>\n<p><!-- wp:paragraph --><\/p>\n<p>Inclui <strong>todos os elementos que podem ser abordados na prova de agente da FIFA<\/strong>. Gra\u00e7as a um m\u00e9todo de aprendizagem ativo, uma boa organiza\u00e7\u00e3o e revis\u00f5es que combinam o material pedag\u00f3gico com outros instrumentos de prepara\u00e7\u00e3o, os candidatos maximizam suas chances de sucesso.<\/p>\n<p><!-- \/wp:paragraph --><\/p>\n<p><!-- wp:paragraph --><\/p>\n<p>Prepare-se desde j\u00e1 e avance com confian\u00e7a rumo \u00e0 sua certifica\u00e7\u00e3o de agente da FIFA. Boa sorte na sua prepara\u00e7\u00e3o!<\/p>\n<p><!-- \/wp:paragraph --><\/p>\n","protected":false},"excerpt":{"rendered":"<p>Por que utilizar os materiais de estudo para a prova de agente FIFA? O volume de conhecimentos necess\u00e1rios para ter sucesso na prova de agente da FIFA \u00e9 significativo. Os textos jur\u00eddicos s\u00e3o longos e exigentes e, para que sejam dominados da melhor forma poss\u00edvel, recomenda-se um aprendizado s\u00e9rio e organizado. O material pedag\u00f3gico da [&hellip;]<\/p>\n","protected":false},"author":1,"featured_media":0,"parent":0,"menu_order":0,"comment_status":"closed","ping_status":"closed","template":"materials-index.php","meta":{"_acf_changed":false,"footnotes":""},"formation_type":[],"class_list":["post-2357","page","type-page","status-publish","hentry"],"acf":[],"_links":{"self":[{"href":"https:\/\/fifa.sportsagentinstitute.com\/pt-br\/wp-json\/wp\/v2\/pages\/2357","targetHints":{"allow":["GET"]}}],"collection":[{"href":"https:\/\/fifa.sportsagentinstitute.com\/pt-br\/wp-json\/wp\/v2\/pages"}],"about":[{"href":"https:\/\/fifa.sportsagentinstitute.com\/pt-br\/wp-json\/wp\/v2\/types\/page"}],"author":[{"embeddable":true,"href":"https:\/\/fifa.sportsagentinstitute.com\/pt-br\/wp-json\/wp\/v2\/users\/1"}],"replies":[{"embeddable":true,"href":"https:\/\/fifa.sportsagentinstitute.com\/pt-br\/wp-json\/wp\/v2\/comments?post=2357"}],"version-history":[{"count":7,"href":"https:\/\/fifa.sportsagentinstitute.com\/pt-br\/wp-json\/wp\/v2\/pages\/2357\/revisions"}],"predecessor-version":[{"id":11578,"href":"https:\/\/fifa.sportsagentinstitute.com\/pt-br\/wp-json\/wp\/v2\/pages\/2357\/revisions\/11578"}],"wp:attachment":[{"href":"https:\/\/fifa.sportsagentinstitute.com\/pt-br\/wp-json\/wp\/v2\/media?parent=2357"}],"wp:term":[{"taxonomy":"formation_type","embeddable":true,"href":"https:\/\/fifa.sportsagentinstitute.com\/pt-br\/wp-json\/wp\/v2\/formation_type?post=2357"}],"curies":[{"name":"wp","href":"https:\/\/api.w.org\/{rel}","templated":true}]}}