{"id":5266,"date":"2025-09-12T09:48:02","date_gmt":"2025-09-12T07:48:02","guid":{"rendered":"https:\/\/sportsagentinstitute.kinsta.cloud\/fifa\/?page_id=5266"},"modified":"2026-03-11T10:20:43","modified_gmt":"2026-03-11T09:20:43","slug":"provas-simuladas","status":"publish","type":"page","link":"https:\/\/fifa.sportsagentinstitute.com\/pt-br\/provas-simuladas","title":{"rendered":"Provas Simuladas"},"content":{"rendered":"<p><!-- wp:heading --><\/p>\n<h2 class=\"wp-block-heading\"><strong>Por que fazer um Exame Simulado de Agente FIFA?<\/strong><\/h2>\n<p><!-- \/wp:heading --><\/p>\n<p><!-- wp:paragraph --><\/p>\n<p>O Exame Simulado de Agente FIFA \u00e9 um <strong>passo crucial<\/strong> para qualquer aspirante a agente que deseja passar no exame oficial da FIFA. Este teste preliminar ajuda a familiarizar os candidatos com o formato do exame, identificar pontos fortes e fracos na sua prepara\u00e7\u00e3o e otimizar suas chances de sucesso.<\/p>\n<p><!-- \/wp:paragraph --><\/p>\n<p><!-- wp:heading {\"level\":3} --><\/p>\n<h3 class=\"wp-block-heading\"><strong>Preparando-se eficazmente<\/strong><\/h3>\n<p><!-- \/wp:heading --><\/p>\n<p><!-- wp:paragraph --><\/p>\n<p>O exame simulado oferece uma <strong>simula\u00e7\u00e3o realista<\/strong> do exame oficial de agente FIFA. Ele imerge os candidatos em condi\u00e7\u00f5es semelhantes. Esta prepara\u00e7\u00e3o imersiva ajuda a reduzir o estresse e aumentar a confian\u00e7a no dia do exame.<\/p>\n<p><!-- \/wp:paragraph --><\/p>\n<p><!-- wp:heading {\"level\":3} --><\/p>\n<h3 class=\"wp-block-heading\"><strong>Identificar fraquezas<\/strong><\/h3>\n<p><!-- \/wp:heading --><\/p>\n<p><!-- wp:paragraph --><\/p>\n<p>Um exame simulado permite que os candidatos identifiquem \u00e1reas onde \u00e9 necess\u00e1rio conhecimento adicional ou mais revis\u00e3o. Isso ajuda os candidatos a direcionar seus esfor\u00e7os de maneira mais eficaz, concentrando-se nos assuntos onde s\u00e3o menos proficientes.<\/p>\n<p><!-- \/wp:paragraph --><\/p>\n<p><!-- wp:heading {\"level\":3} --><\/p>\n<h3 class=\"wp-block-heading\"><strong>Otimizar a gest\u00e3o do tempo<\/strong><\/h3>\n<p><!-- \/wp:heading --><\/p>\n<p><!-- wp:paragraph --><\/p>\n<p>A gest\u00e3o do tempo \u00e9 um aspecto crucial do exame. Ao fazer um exame simulado, os candidatos podem avaliar quanto tempo gastam em cada pergunta e ajustar sua estrat\u00e9gia para maximizar seu desempenho sem se apressar ou ficar sem tempo.<\/p>\n<p><!-- \/wp:paragraph --><\/p>\n<p><!-- wp:heading --><\/p>\n<h2 class=\"wp-block-heading\"><strong>O que est\u00e1 inclu\u00eddo nos Exames Simulados de Agente FIFA<\/strong><\/h2>\n<p><!-- \/wp:heading --><\/p>\n<p><!-- wp:paragraph --><\/p>\n<p>Os Exames Simulados de Agente FIFA do SportsAgent Institute cobrem a totalidade dos assuntos nos <a href=\"https:\/\/fifa.sportsagentinstitute.com\/pt-br\/materiais-pedagogicos\">materiais de estudo<\/a> do exame FIFA. Aqui est\u00e1 uma descri\u00e7\u00e3o detalhada dos assuntos inclu\u00eddos:<\/p>\n<p><!-- \/wp:paragraph --><\/p>\n<p><!-- wp:list --><\/p>\n<ul class=\"wp-block-list\"><!-- wp:list-item --><\/p>\n<li>Estatutos da FIFA<\/li>\n<p><!-- \/wp:list-item --><\/p>\n<p><!-- wp:list-item --><\/p>\n<li>C\u00f3digo Disciplinar da FIFA (Edi\u00e7\u00e3o 2025)<\/li>\n<p><!-- \/wp:list-item --><\/p>\n<p><!-- wp:list-item --><\/p>\n<li>C\u00f3digo de \u00c9tica da FIFA (Edi\u00e7\u00e3o 2023)<\/li>\n<p><!-- \/wp:list-item --><\/p>\n<p><!-- wp:list-item --><\/p>\n<li>Regulamento sobre o Estatuto e a Transfer\u00eancia de Jogadores (Edi\u00e7\u00e3o de julho de 2025)<\/li>\n<p><!-- \/wp:list-item --><\/p>\n<p><!-- wp:list-item --><\/p>\n<li>Regras de Procedimento do Tribunal de Futebol<\/li>\n<p><!-- \/wp:list-item --><\/p>\n<p><!-- wp:list-item --><\/p>\n<li>Regulamento da C\u00e2mara de Compensa\u00e7\u00e3o da FIFA<\/li>\n<p><!-- \/wp:list-item --><\/p>\n<p><!-- wp:list-item --><\/p>\n<li>Regulamento de Agentes da FIFA<\/li>\n<p><!-- \/wp:list-item --><\/p>\n<p><!-- wp:list-item --><\/p>\n<li>FIFA Guardians\u2122 \u2013 Guia sobre Prote\u00e7\u00e3o Infantil para Associa\u00e7\u00f5es Membro<\/li>\n<p><!-- \/wp:list-item --><\/p>\n<p><!-- wp:list-item --><\/p>\n<li>Fundamentos da Prote\u00e7\u00e3o FIFA Guardians\u2122: Curso 1<\/li>\n<p><!-- \/wp:list-item --><\/p>\n<p><!-- wp:list-item --><\/p>\n<li>Guia da FIFA sobre Recrutamento \u00c9tico<\/li>\n<p><!-- \/wp:list-item --><\/p>\n<p><!-- wp:list-item --><\/p>\n<li>Circular N\u00ba 1827 \u2013 Regulamento de Agentes da FIFA<\/li>\n<p><!-- \/wp:list-item --><\/p>\n<p><!-- wp:list-item --><\/p>\n<li>Circular N\u00ba 1867 \u2013 N\u00e3o cumprimento de acordos de concilia\u00e7\u00e3o \u2013 Jurisdi\u00e7\u00e3o do Comit\u00ea Disciplinar da FIFA<\/li>\n<p><!-- \/wp:list-item --><\/p>\n<p><!-- wp:list-item --><\/p>\n<li>Circular N\u00ba 1873 \u2013 Atualiza\u00e7\u00e3o sobre o Regulamento de Agentes da FIFA<\/li>\n<p><!-- \/wp:list-item --><\/p>\n<p><!-- wp:list-item --><\/p>\n<li>Circular N\u00ba 1874 \u2013 Licenciamento e C\u00e2mara de Agentes do Tribunal de Futebol da FIFA<\/li>\n<p><!-- \/wp:list-item --><\/p>\n<p><!-- wp:list-item --><\/p>\n<li>Circular N\u00ba 1887 \u2013 Altera\u00e7\u00f5es ao RSTP: disposi\u00e7\u00f5es sobre futebol feminino, extens\u00e3o do Anexo 7 e procedimentos de transfer\u00eancia internacional<\/li>\n<p><!-- \/wp:list-item --><\/p>\n<p><!-- wp:list-item --><\/p>\n<li>Circular N\u00ba 1889 \u2013 Altera\u00e7\u00f5es aos Estatutos da FIFA, Regulamento de Aplica\u00e7\u00e3o dos Estatutos e Regulamento do Congresso<\/li>\n<p><!-- \/wp:list-item --><\/p>\n<p><!-- wp:list-item --><\/p>\n<li>Circular N\u00ba 1891 \u2013 Datas do exame \u2013 Regulamento de Agentes da FIFA<\/li>\n<p><!-- \/wp:list-item --><\/p>\n<p><!-- wp:list-item --><\/p>\n<li>Circular N\u00ba 1892 \u2013 RSTP: Categoriza\u00e7\u00e3o dos clubes e per\u00edodos de registro<\/li>\n<p><!-- \/wp:list-item --><\/p>\n<p><!-- wp:list-item --><\/p>\n<li>Circular N\u00ba 1905 \u2013 Novas altera\u00e7\u00f5es ao RSTP<\/li>\n<p><!-- \/wp:list-item --><\/p>\n<p><!-- wp:list-item --><\/p>\n<li>Circular N\u00ba 1917 \u2013 Quadro regulat\u00f3rio tempor\u00e1rio \u2013 altera\u00e7\u00f5es ao RSTP e \u00e0s Regras de Procedimento do Tribunal de Futebol<\/li>\n<p><!-- \/wp:list-item --><\/p>\n<p><!-- wp:list-item --><\/p>\n<li>Circular N\u00ba 1918 \u2013 Altera\u00e7\u00f5es ao Regulamento da C\u00e2mara de Compensa\u00e7\u00e3o da FIFA e ao RSTP<\/li>\n<p><!-- \/wp:list-item --><\/p>\n<p><!-- wp:list-item --><\/p>\n<li>Circular N\u00ba 1919 \u2013 Altera\u00e7\u00f5es ao Regulamento de Agentes da FIFA e introdu\u00e7\u00e3o do exame online<\/li>\n<p><!-- \/wp:list-item --><\/p>\n<p><!-- wp:list-item --><\/p>\n<li>Circular N\u00ba 1934 \u2013 C\u00f3digo Disciplinar da FIFA (Edi\u00e7\u00e3o 2025)<\/li>\n<p><!-- \/wp:list-item --><\/p>\n<p><!-- wp:list-item --><\/p>\n<li>Circular N\u00ba 1936 \u2013 RSTP: Categoriza\u00e7\u00e3o dos clubes e per\u00edodos de registro<\/li>\n<p><!-- \/wp:list-item --><\/p>\n<p><!-- wp:list-item --><\/p>\n<li>Circular N\u00ba 1937 \u2013 Altera\u00e7\u00f5es ao Regulamento da C\u00e2mara de Compensa\u00e7\u00e3o da FIFA<\/li>\n<p><!-- \/wp:list-item --><\/p>\n<p><!-- wp:list-item --><\/p>\n<li>Circular N\u00ba 1942 \u2013 Altera\u00e7\u00e3o ao artigo 68 do C\u00f3digo Disciplinar da FIFA<\/li>\n<p><!-- \/wp:list-item --><\/p>\n<p><!-- wp:list-item --><\/p>\n<li>Regulamento de Agentes da FIFA \u2013 Perguntas Frequentes<\/li>\n<p><!-- \/wp:list-item --><\/p>\n<p><!-- wp:list-item --><\/p>\n<li>Decis\u00f5es da Secretaria Geral da FIFA<\/li>\n<p><!-- \/wp:list-item --><\/ul>\n<p><!-- \/wp:list --><\/p>\n<p><!-- wp:paragraph --><\/p>\n<p>Nos nossos exames simulados de agente FIFA, voc\u00ea encontrar\u00e1 mais de 500 <a href=\"https:\/\/fifa.sportsagentinstitute.com\/pt-br\/perguntas\">perguntas<\/a> inspiradas em todos os assuntos nos materiais de estudo da FIFA listados acima.<\/p>\n<p><!-- \/wp:paragraph --><\/p>\n<p><!-- wp:heading --><\/p>\n<h2 class=\"wp-block-heading\"><strong>Os Exames Simulados de Agente FIFA s\u00e3o dif\u00edceis?<\/strong><\/h2>\n<p><!-- \/wp:heading --><\/p>\n<p><!-- wp:paragraph --><\/p>\n<p>O exame simulado pode ser percebido como dif\u00edcil, mas \u00e9 projetado para refletir fielmente o exame oficial de agente da FIFA. Aqui est\u00e3o alguns fatores que influenciam a dificuldade percebida:<\/p>\n<p><!-- \/wp:paragraph --><\/p>\n<p><!-- wp:heading {\"level\":3} --><\/p>\n<h3 class=\"wp-block-heading\"><strong>Complexidade das perguntas<\/strong><\/h3>\n<p><!-- \/wp:heading --><\/p>\n<p><!-- wp:paragraph --><\/p>\n<p>As perguntas no exame simulado de agente FIFA cobrem uma ampla gama de t\u00f3picos, como visto acima, com <strong>n\u00edveis variados de complexidade<\/strong>. Elas s\u00e3o projetadas para testar n\u00e3o apenas o conhecimento dos regulamentos e procedimentos, mas tamb\u00e9m a capacidade de aplic\u00e1-los em situa\u00e7\u00f5es pr\u00e1ticas.<\/p>\n<p><!-- \/wp:paragraph --><\/p>\n<p><!-- wp:heading {\"level\":3} --><\/p>\n<h3 class=\"wp-block-heading\"><strong>Cen\u00e1rios rigorosos<\/strong><\/h3>\n<p><!-- \/wp:heading --><\/p>\n<p><!-- wp:paragraph --><\/p>\n<p>As perguntas e os cen\u00e1rios apresentados no exame simulado de agente FIFA s\u00e3o baseados em <strong>situa\u00e7\u00f5es reais<\/strong> que podem ser complexas. Isso exige que os candidatos demonstrem julgamento e conhecimento aprofundado.<\/p>\n<p><!-- \/wp:paragraph --><\/p>\n<p><!-- wp:heading {\"level\":3} --><\/p>\n<h3 class=\"wp-block-heading\"><strong>Press\u00e3o do tempo<\/strong><\/h3>\n<p><!-- \/wp:heading --><\/p>\n<p><!-- wp:paragraph --><\/p>\n<p>Como o exame oficial, o Exame Simulado de Agente FIFA imp\u00f5e restri\u00e7\u00f5es de tempo rigorosas. Isso adiciona uma camada extra de dificuldade, pois os candidatos devem n\u00e3o apenas conhecer as respostas, mas tamb\u00e9m fornec\u00ea-las rapidamente e eficientemente.<\/p>\n<p><!-- \/wp:paragraph --><\/p>\n<p><!-- wp:heading --><\/p>\n<h2 class=\"wp-block-heading\"><strong>5 Dicas para Passar no Exame Simulado de Agente FIFA<\/strong><\/h2>\n<p><!-- \/wp:heading --><\/p>\n<p><!-- wp:paragraph --><\/p>\n<p>Para maximizar suas chances de sucesso no exame simulado de agente FIFA e, por extens\u00e3o, no exame oficial, aqui est\u00e3o algumas dicas pr\u00e1ticas:<\/p>\n<p><!-- \/wp:paragraph --><\/p>\n<p><!-- wp:heading {\"level\":3} --><\/p>\n<h3 class=\"wp-block-heading\"><strong>Estudar regularmente<\/strong><\/h3>\n<p><!-- \/wp:heading --><\/p>\n<p><!-- wp:paragraph --><\/p>\n<p>A consist\u00eancia \u00e9 fundamental. Em vez de revisar tudo no \u00faltimo minuto, \u00e9 recomendado estabelecer um <strong>cronograma de revis\u00e3o<\/strong> e cumpri-lo. A revis\u00e3o regular ajuda a reter informa\u00e7\u00f5es melhor a longo prazo.<\/p>\n<p><!-- \/wp:paragraph --><\/p>\n<p><!-- wp:heading {\"level\":3} --><\/p>\n<h3 class=\"wp-block-heading\"><strong>Usar todos os recursos dispon\u00edveis<\/strong><\/h3>\n<p><!-- \/wp:heading --><\/p>\n<p><!-- wp:paragraph --><\/p>\n<p>Al\u00e9m dos exames simulados, os candidatos podem utilizar todos os recursos fornecidos pela FIFA e pelo SportsAgent Institute, como blogs, <a href=\"https:\/\/fifa.sportsagentinstitute.com\/pt-br\/cursos\">conte\u00fado dos cursos<\/a> e v\u00eddeos de treinamento online.<\/p>\n<p><!-- \/wp:paragraph --><\/p>\n<p><!-- wp:heading {\"level\":3} --><\/p>\n<h3 class=\"wp-block-heading\"><strong>Simular condi\u00e7\u00f5es de exame<\/strong><\/h3>\n<p><!-- \/wp:heading --><\/p>\n<p><!-- wp:paragraph --><\/p>\n<p>Durante a revis\u00e3o, \u00e9 \u00fatil <strong>recriar as condi\u00e7\u00f5es do exame<\/strong> o mais fielmente poss\u00edvel. Isso inclui gerenciar o tempo, considerando os recursos permitidos (o exame de agente FIFA \u00e9 um exame a livro aberto) e aderir a restri\u00e7\u00f5es rigorosas para se familiarizar com a press\u00e3o e melhorar o desempenho sob estresse.<\/p>\n<p><!-- \/wp:paragraph --><\/p>\n<p><!-- wp:heading {\"level\":3} --><\/p>\n<h3 class=\"wp-block-heading\"><strong>Analisar os erros<\/strong><\/h3>\n<p><!-- \/wp:heading --><\/p>\n<p><!-- wp:paragraph --><\/p>\n<p>Ap\u00f3s cada exame simulado, \u00e9 crucial analisar os erros cometidos. Entender por que uma resposta estava incorreta ajuda a evitar os mesmos erros no futuro e a aprofundar a compreens\u00e3o dos assuntos.<\/p>\n<p><!-- \/wp:paragraph --><\/p>\n<p><!-- wp:heading {\"level\":3} --><\/p>\n<h3 class=\"wp-block-heading\"><strong>Bem-estar f\u00edsico e mental<\/strong><\/h3>\n<p><!-- \/wp:heading --><\/p>\n<p><!-- wp:paragraph --><\/p>\n<p>O bem-estar f\u00edsico e mental \u00e9 crucial. Uma boa alimenta\u00e7\u00e3o, sono suficiente e pausas regulares ajudam a manter a concentra\u00e7\u00e3o ideal e reduzir o estresse.<\/p>\n<p><!-- \/wp:paragraph --><\/p>\n<p><!-- wp:heading --><\/p>\n<h2 class=\"wp-block-heading\"><strong>Exame Simulado de Agente FIFA, em resumo<\/strong><\/h2>\n<p><!-- \/wp:heading --><\/p>\n<p><!-- wp:paragraph --><\/p>\n<p>O <strong>Exame Simulado de Agente FIFA<\/strong> \u00e9 uma <strong>ferramenta indispens\u00e1vel<\/strong> para qualquer aspirante a agente que deseja passar no exame oficial. Ele oferece uma prepara\u00e7\u00e3o realista, ajuda a identificar fraquezas e otimiza a gest\u00e3o do tempo.&nbsp;<\/p>\n<p><!-- \/wp:paragraph --><\/p>\n<p><!-- wp:paragraph --><\/p>\n<p>Embora o <a href=\"https:\/\/fifa.sportsagentinstitute.com\/pt-br\/blog\/exame-fifa\" data-type=\"post\" data-id=\"583\">exame de agente FIFA<\/a> possa parecer desafiador, com uma <strong>boa prepara\u00e7\u00e3o<\/strong>, exames simulados regulares, uso eficaz dos recursos dispon\u00edveis e boa gest\u00e3o do estresse, os candidatos podem aumentar significativamente suas chances de sucesso.<\/p>\n<p><!-- \/wp:paragraph --><\/p>\n<p><!-- wp:paragraph --><\/p>\n<p>Prepare-se agora e avance com confian\u00e7a em dire\u00e7\u00e3o \u00e0 sua certifica\u00e7\u00e3o de agente FIFA. Boa sorte na sua prepara\u00e7\u00e3o!<\/p>\n<p><!-- \/wp:paragraph --><\/p>\n","protected":false},"excerpt":{"rendered":"<p>Por que fazer um Exame Simulado de Agente FIFA? O Exame Simulado de Agente FIFA \u00e9 um passo crucial para qualquer aspirante a agente que deseja passar no exame oficial da FIFA. Este teste preliminar ajuda a familiarizar os candidatos com o formato do exame, identificar pontos fortes e fracos na sua prepara\u00e7\u00e3o e otimizar [&hellip;]<\/p>\n","protected":false},"author":3,"featured_media":0,"parent":0,"menu_order":0,"comment_status":"closed","ping_status":"closed","template":"mockexam-index.php","meta":{"_acf_changed":false,"footnotes":""},"formation_type":[],"class_list":["post-5266","page","type-page","status-publish","hentry"],"acf":[],"_links":{"self":[{"href":"https:\/\/fifa.sportsagentinstitute.com\/pt-br\/wp-json\/wp\/v2\/pages\/5266","targetHints":{"allow":["GET"]}}],"collection":[{"href":"https:\/\/fifa.sportsagentinstitute.com\/pt-br\/wp-json\/wp\/v2\/pages"}],"about":[{"href":"https:\/\/fifa.sportsagentinstitute.com\/pt-br\/wp-json\/wp\/v2\/types\/page"}],"author":[{"embeddable":true,"href":"https:\/\/fifa.sportsagentinstitute.com\/pt-br\/wp-json\/wp\/v2\/users\/3"}],"replies":[{"embeddable":true,"href":"https:\/\/fifa.sportsagentinstitute.com\/pt-br\/wp-json\/wp\/v2\/comments?post=5266"}],"version-history":[{"count":9,"href":"https:\/\/fifa.sportsagentinstitute.com\/pt-br\/wp-json\/wp\/v2\/pages\/5266\/revisions"}],"predecessor-version":[{"id":14134,"href":"https:\/\/fifa.sportsagentinstitute.com\/pt-br\/wp-json\/wp\/v2\/pages\/5266\/revisions\/14134"}],"wp:attachment":[{"href":"https:\/\/fifa.sportsagentinstitute.com\/pt-br\/wp-json\/wp\/v2\/media?parent=5266"}],"wp:term":[{"taxonomy":"formation_type","embeddable":true,"href":"https:\/\/fifa.sportsagentinstitute.com\/pt-br\/wp-json\/wp\/v2\/formation_type?post=5266"}],"curies":[{"name":"wp","href":"https:\/\/api.w.org\/{rel}","templated":true}]}}