{"id":10425,"date":"2026-01-19T17:18:54","date_gmt":"2026-01-19T16:18:54","guid":{"rendered":"https:\/\/preprod.fifa.sportsagentinstitute.com\/?page_id=10425"},"modified":"2026-01-26T20:50:47","modified_gmt":"2026-01-26T19:50:47","slug":"termos-de-servico","status":"publish","type":"page","link":"https:\/\/fifa.sportsagentinstitute.com\/pt-pt\/termos-de-servico","title":{"rendered":"Termos de Servi\u00e7o"},"content":{"rendered":"<p><!-- wp:paragraph --><\/p>\n<p>Os nossos Termos de Servi\u00e7o est\u00e3o dispon\u00edveis apenas em <a href=\"https:\/\/fifa.sportsagentinstitute.com\/pt-pt\/termos-de-servico\">ingl\u00eas<\/a>.<\/p>\n<p><!-- \/wp:paragraph --><\/p>\n","protected":false},"excerpt":{"rendered":"<p>Os nossos Termos de Servi\u00e7o est\u00e3o dispon\u00edveis apenas em ingl\u00eas.<\/p>\n","protected":false},"author":1,"featured_media":0,"parent":0,"menu_order":0,"comment_status":"closed","ping_status":"closed","template":"full-width.php","meta":{"_acf_changed":false,"footnotes":""},"formation_type":[],"class_list":["post-10425","page","type-page","status-publish","hentry"],"acf":[],"_links":{"self":[{"href":"https:\/\/fifa.sportsagentinstitute.com\/pt-pt\/wp-json\/wp\/v2\/pages\/10425","targetHints":{"allow":["GET"]}}],"collection":[{"href":"https:\/\/fifa.sportsagentinstitute.com\/pt-pt\/wp-json\/wp\/v2\/pages"}],"about":[{"href":"https:\/\/fifa.sportsagentinstitute.com\/pt-pt\/wp-json\/wp\/v2\/types\/page"}],"author":[{"embeddable":true,"href":"https:\/\/fifa.sportsagentinstitute.com\/pt-pt\/wp-json\/wp\/v2\/users\/1"}],"replies":[{"embeddable":true,"href":"https:\/\/fifa.sportsagentinstitute.com\/pt-pt\/wp-json\/wp\/v2\/comments?post=10425"}],"version-history":[{"count":4,"href":"https:\/\/fifa.sportsagentinstitute.com\/pt-pt\/wp-json\/wp\/v2\/pages\/10425\/revisions"}],"predecessor-version":[{"id":11083,"href":"https:\/\/fifa.sportsagentinstitute.com\/pt-pt\/wp-json\/wp\/v2\/pages\/10425\/revisions\/11083"}],"wp:attachment":[{"href":"https:\/\/fifa.sportsagentinstitute.com\/pt-pt\/wp-json\/wp\/v2\/media?parent=10425"}],"wp:term":[{"taxonomy":"formation_type","embeddable":true,"href":"https:\/\/fifa.sportsagentinstitute.com\/pt-pt\/wp-json\/wp\/v2\/formation_type?post=10425"}],"curies":[{"name":"wp","href":"https:\/\/api.w.org\/{rel}","templated":true}]}}