{"id":10434,"date":"2026-01-19T17:20:03","date_gmt":"2026-01-19T16:20:03","guid":{"rendered":"https:\/\/preprod.fifa.sportsagentinstitute.com\/?page_id=10434"},"modified":"2026-01-26T20:52:43","modified_gmt":"2026-01-26T19:52:43","slug":"politica-de-privacidade","status":"publish","type":"page","link":"https:\/\/fifa.sportsagentinstitute.com\/pt-pt\/politica-de-privacidade","title":{"rendered":"Pol\u00edtica de Privacidade"},"content":{"rendered":"<p><!-- wp:paragraph --><\/p>\n<p>A nossa Pol\u00edtica de Privacidade est\u00e1 dispon\u00edvel apenas em <a href=\"https:\/\/fifa.sportsagentinstitute.com\/pt-pt\/politica-de-privacidade\">ingl\u00eas<\/a>.<\/p>\n<p><!-- \/wp:paragraph --><\/p>\n","protected":false},"excerpt":{"rendered":"<p>A nossa Pol\u00edtica de Privacidade est\u00e1 dispon\u00edvel apenas em ingl\u00eas.<\/p>\n","protected":false},"author":1,"featured_media":0,"parent":0,"menu_order":0,"comment_status":"closed","ping_status":"closed","template":"full-width.php","meta":{"_acf_changed":false,"footnotes":""},"formation_type":[],"class_list":["post-10434","page","type-page","status-publish","hentry"],"acf":[],"_links":{"self":[{"href":"https:\/\/fifa.sportsagentinstitute.com\/pt-pt\/wp-json\/wp\/v2\/pages\/10434","targetHints":{"allow":["GET"]}}],"collection":[{"href":"https:\/\/fifa.sportsagentinstitute.com\/pt-pt\/wp-json\/wp\/v2\/pages"}],"about":[{"href":"https:\/\/fifa.sportsagentinstitute.com\/pt-pt\/wp-json\/wp\/v2\/types\/page"}],"author":[{"embeddable":true,"href":"https:\/\/fifa.sportsagentinstitute.com\/pt-pt\/wp-json\/wp\/v2\/users\/1"}],"replies":[{"embeddable":true,"href":"https:\/\/fifa.sportsagentinstitute.com\/pt-pt\/wp-json\/wp\/v2\/comments?post=10434"}],"version-history":[{"count":3,"href":"https:\/\/fifa.sportsagentinstitute.com\/pt-pt\/wp-json\/wp\/v2\/pages\/10434\/revisions"}],"predecessor-version":[{"id":11099,"href":"https:\/\/fifa.sportsagentinstitute.com\/pt-pt\/wp-json\/wp\/v2\/pages\/10434\/revisions\/11099"}],"wp:attachment":[{"href":"https:\/\/fifa.sportsagentinstitute.com\/pt-pt\/wp-json\/wp\/v2\/media?parent=10434"}],"wp:term":[{"taxonomy":"formation_type","embeddable":true,"href":"https:\/\/fifa.sportsagentinstitute.com\/pt-pt\/wp-json\/wp\/v2\/formation_type?post=10434"}],"curies":[{"name":"wp","href":"https:\/\/api.w.org\/{rel}","templated":true}]}}