{"id":5256,"date":"2025-07-31T11:20:10","date_gmt":"2025-07-31T09:20:10","guid":{"rendered":"https:\/\/sportsagentinstitute.kinsta.cloud\/fifa\/?page_id=5256"},"modified":"2026-01-30T12:58:09","modified_gmt":"2026-01-30T11:58:09","slug":"cursos","status":"publish","type":"page","link":"https:\/\/fifa.sportsagentinstitute.com\/pt-pt\/cursos","title":{"rendered":"Cursos"},"content":{"rendered":"<p><!-- wp:heading --><\/p>\n<h2 class=\"wp-block-heading\"><strong>Por que fazer um curso para o exame agente FIFA?<\/strong><\/h2>\n<p><!-- \/wp:heading --><\/p>\n<p><!-- wp:paragraph --><\/p>\n<p>O exame de agente da FIFA \u00e9 uma prova bastante complexa que exige uma prepara\u00e7\u00e3o rigorosa antecipada e que, portanto, n\u00e3o deixa espa\u00e7o para improvisa\u00e7\u00e3o. Em 2024, a taxa de aprova\u00e7\u00e3o no exame oficial foi de aproximadamente 40%. Durante as sess\u00f5es do exame, h\u00e1 um banco de perguntas aleat\u00f3rias sobre regulamentos complexos, o que explica a baixa taxa de sucesso na prova.<\/p>\n<p><!-- \/wp:paragraph --><\/p>\n<p><!-- wp:heading {\"level\":3} --><\/p>\n<h3 class=\"wp-block-heading\"><strong>Vantagens de um curso especializado<\/strong><\/h3>\n<p><!-- \/wp:heading --><\/p>\n<p><!-- wp:paragraph --><\/p>\n<p>Fazer um <strong>curso especializado para o exame oficial da FIFA<\/strong> oferece in\u00fameras vantagens para a prepara\u00e7\u00e3o dos candidatos.<\/p>\n<p><!-- \/wp:paragraph --><\/p>\n<p><!-- wp:paragraph --><\/p>\n<p>Os regulamentos presentes nos temas da prova podem ser muito extensos. Por exemplo, o Regulamento sobre o Estatuto e a Transfer\u00eancia de Jogadores (RETJ) cont\u00e9m uma enorme quantidade de informa\u00e7\u00f5es. Um curso especializado sobre este tipo de texto oficial permite que os aprendizes mantenham uma <strong>estrutura clara<\/strong> e organizada em suas revis\u00f5es, essencial para dominar os conceitos.<\/p>\n<p><!-- \/wp:paragraph --><\/p>\n<p><!-- wp:paragraph --><\/p>\n<p>O estudo de diversos regulamentos da FIFA pode rapidamente se tornar uma tarefa que consome muito tempo. Ter um curso estruturado permite que os futuros agentes <strong>economizem tempo<\/strong> em suas revis\u00f5es.<\/p>\n<p><!-- \/wp:paragraph --><\/p>\n<p><!-- wp:paragraph --><\/p>\n<p>As explica\u00e7\u00f5es presentes no curso e o conte\u00fado atualizado oferecem aos candidatos a possibilidade de compreender os conceitos-chave de cada regulamento, mantendo-se alinhados com as exig\u00eancias atuais.<\/p>\n<p><!-- \/wp:paragraph --><\/p>\n<p><!-- wp:heading {\"level\":3} --><\/p>\n<h3 class=\"wp-block-heading\"><strong>Dificuldades do exame agente FIFA<\/strong><\/h3>\n<p><!-- \/wp:heading --><\/p>\n<p><!-- wp:paragraph --><\/p>\n<p>O exame de agente da FIFA \u00e9 organizado em formato de QCM (quest\u00f5es de m\u00faltipla escolha), com 20 perguntas que devem ser respondidas em 1 hora. \u00c0 primeira vista, para perfis oriundos do meio do futebol, pode parecer simples, mas na realidade o exame \u00e9 complicado sem uma boa prepara\u00e7\u00e3o.<\/p>\n<p><!-- \/wp:paragraph --><\/p>\n<p><!-- wp:paragraph --><\/p>\n<p>Entre as perguntas, a maioria \u00e9 de <strong>casos pr\u00e1ticos<\/strong> que visam testar a compreens\u00e3o correta e a aplica\u00e7\u00e3o adequada dos regulamentos pelos candidatos.<\/p>\n<p><!-- \/wp:paragraph --><\/p>\n<p><!-- wp:paragraph --><\/p>\n<p>Algumas quest\u00f5es presentes nos exames podem incluir <strong>no\u00e7\u00f5es jur\u00eddicas e administrativas distantes do \u00e2mbito esportivo<\/strong>. A FIFA n\u00e3o se limita apenas \u00e0s regras de transfer\u00eancia ou assinatura de contratos; muitos aspectos jur\u00eddicos complexos tamb\u00e9m s\u00e3o abordados.<\/p>\n<p><!-- \/wp:paragraph --><\/p>\n<p><!-- wp:paragraph --><\/p>\n<p>Al\u00e9m disso, a FIFA garante que uma <strong>diversidade de temas<\/strong> seja tratada no dia do exame, cobrindo um amplo espectro de conceitos presentes nos diferentes regulamentos da FIFA.<\/p>\n<p><!-- \/wp:paragraph --><\/p>\n<p><!-- wp:heading --><\/p>\n<h2 class=\"wp-block-heading\"><strong>O que se encontra no curso agente FIFA<\/strong><\/h2>\n<p><!-- \/wp:heading --><\/p>\n<p><!-- wp:paragraph --><\/p>\n<p>O curso para se preparar para o exame de agente da FIFA \u00e9 organizado de forma a cobrir todos os assuntos que podem ser abordados na prova oficial.<\/p>\n<p><!-- \/wp:paragraph --><\/p>\n<p><!-- wp:heading {\"level\":3} --><\/p>\n<h3 class=\"wp-block-heading\"><strong>M\u00f3dulos te\u00f3ricos, baseados nos textos oficiais da FIFA<\/strong><\/h3>\n<p><!-- \/wp:heading --><\/p>\n<p><!-- wp:paragraph --><\/p>\n<p>O curso de prepara\u00e7\u00e3o para o exame de agente da FIFA \u00e9 baseado na an\u00e1lise aprofundada dos textos oficiais da FIFA. Entre os <strong>documentos oficiais da FIFA<\/strong> presentes em forma de curso, est\u00e3o:<\/p>\n<p><!-- \/wp:paragraph --><\/p>\n<p><!-- wp:list --><\/p>\n<ul class=\"wp-block-list\"><!-- wp:list-item --><\/p>\n<li>Os Estatutos da FIFA<\/li>\n<p><!-- \/wp:list-item --><\/p>\n<p><!-- wp:list-item --><\/p>\n<li>O C\u00f3digo Disciplinar da FIFA<\/li>\n<p><!-- \/wp:list-item --><\/p>\n<p><!-- wp:list-item --><\/p>\n<li>O C\u00f3digo de \u00c9tica da FIFA<\/li>\n<p><!-- \/wp:list-item --><\/p>\n<p><!-- wp:list-item --><\/p>\n<li>O Regulamento sobre o Estatuto e a Transfer\u00eancia de Jogadores (RSTP)<\/li>\n<p><!-- \/wp:list-item --><\/p>\n<p><!-- wp:list-item --><\/p>\n<li>As Regras de Procedimento do Tribunal do Futebol<\/li>\n<p><!-- \/wp:list-item --><\/p>\n<p><!-- wp:list-item --><\/p>\n<li>O Regulamento da C\u00e2mara de Compensa\u00e7\u00e3o da FIFA<\/li>\n<p><!-- \/wp:list-item --><\/p>\n<p><!-- wp:list-item --><\/p>\n<li>O Regulamento sobre os Agentes da FIFA<\/li>\n<p><!-- \/wp:list-item --><\/ul>\n<p><!-- \/wp:list --><\/p>\n<p><!-- wp:paragraph --><\/p>\n<p>Estes documentos constituem a base da prova, e o seu dom\u00ednio \u00e9 essencial para ter chances de aprova\u00e7\u00e3o no exame de agente da FIFA.<\/p>\n<p><!-- \/wp:paragraph --><\/p>\n<p><!-- wp:heading {\"level\":3} --><\/p>\n<h3 class=\"wp-block-heading\"><strong>Cursos estruturados e explicativos<\/strong><\/h3>\n<p><!-- \/wp:heading --><\/p>\n<p><!-- wp:paragraph --><\/p>\n<p>Os cursos para se preparar para o exame oficial oferecem uma progress\u00e3o l\u00f3gica e clara, abordando a totalidade das no\u00e7\u00f5es presentes nos regulamentos. Al\u00e9m de incluir todos os conceitos dos documentos, os cursos s\u00e3o organizados em cap\u00edtulos, respeitando a estrutura dos textos oficiais.<\/p>\n<p><!-- \/wp:paragraph --><\/p>\n<p><!-- wp:paragraph --><\/p>\n<p>Em cada cap\u00edtulo, h\u00e1 v\u00e1rios conte\u00fados acompanhados de explica\u00e7\u00f5es que permitem aos aprendizes compreender os conceitos de cada documento.<\/p>\n<p><!-- \/wp:paragraph --><\/p>\n<p><!-- wp:heading --><\/p>\n<h2 class=\"wp-block-heading\"><strong>Como utilizar eficazmente o curso agente FIFA?<\/strong><\/h2>\n<p><!-- \/wp:heading --><\/p>\n<p><!-- wp:paragraph --><\/p>\n<p>O uso de um curso estruturado e acompanhado de explica\u00e7\u00f5es para o exame de agente da FIFA \u00e9 determinante para assimilar as no\u00e7\u00f5es jur\u00eddicas e administrativas, bem como as pr\u00e1ticas exigidas pela FIFA. No entanto, o curso deve ser utilizado de forma eficaz, aplicando boas <strong>t\u00e9cnicas de revis\u00e3o<\/strong> e <strong>combinando ferramentas pedag\u00f3gicas<\/strong> para maximizar as chances de sucesso no exame de agente da FIFA.<\/p>\n<p><!-- \/wp:paragraph --><\/p>\n<p><!-- wp:heading {\"level\":3} --><\/p>\n<h3 class=\"wp-block-heading\"><strong>M\u00e9todos de revis\u00e3o recomendados<\/strong><\/h3>\n<p><!-- \/wp:heading --><\/p>\n<p><!-- wp:paragraph --><\/p>\n<p>Para usar eficazmente o curso para o exame de agente da FIFA, n\u00e3o basta apenas consumir o conte\u00fado. \u00c9 necess\u00e1rio adotar um verdadeiro m\u00e9todo de revis\u00e3o. Primeiramente, deve-se <strong>planejar sess\u00f5es regulares de estudo<\/strong> para aprender de forma progressiva, sem sobrecarga de informa\u00e7\u00f5es. <strong>Fichas de revis\u00e3o<\/strong> tamb\u00e9m podem acompanhar o aprendizado do curso do exame de agente da FIFA, anotando conceitos-chave e passagens importantes a serem memorizadas.<\/p>\n<p><!-- \/wp:paragraph --><\/p>\n<p><!-- wp:heading {\"level\":3} --><\/p>\n<h3 class=\"wp-block-heading\"><strong>Combinar ferramentas pedag\u00f3gicas<\/strong><\/h3>\n<p><!-- \/wp:heading --><\/p>\n<p><!-- wp:paragraph --><\/p>\n<p>O conte\u00fado do curso permite que os aprendizes conhe\u00e7am os conceitos e as informa\u00e7\u00f5es-chave presentes no exame de agente da FIFA. No entanto, para dominar 100% essas no\u00e7\u00f5es, \u00e9 interessante <strong>combinar diferentes ferramentas pedag\u00f3gicas<\/strong>. Al\u00e9m dos cursos, existem <a href=\"https:\/\/fifa.sportsagentinstitute.com\/pt-pt\/perguntas\">perguntas<\/a>, <a href=\"https:\/\/fifa.sportsagentinstitute.com\/pt-pt\/materiais-pedagogicos\">materiais de estudo<\/a> e <a href=\"https:\/\/fifa.sportsagentinstitute.com\/pt-pt\/provas-simuladas\">provas simuladas<\/a> que ajudam a compreender melhor e fixar as informa\u00e7\u00f5es essenciais dos documentos oficiais.<\/p>\n<p><!-- \/wp:paragraph --><\/p>\n<p><!-- wp:heading --><\/p>\n<h2 class=\"wp-block-heading\"><strong>Os cursos FIFA, em resumo<\/strong><\/h2>\n<p><!-- \/wp:heading --><\/p>\n<p><!-- wp:paragraph --><\/p>\n<p>Os <strong>cursos FIFA<\/strong>, acompanhados de explica\u00e7\u00f5es detalhadas, desempenham um papel essencial na prepara\u00e7\u00e3o dos candidatos para a prova oficial. Esses cursos, que cobrem todos os assuntos que podem ser abordados no exame, oferecem aos aprendizes a oportunidade de se preparar da melhor forma, principalmente adotando um bom m\u00e9todo de estudo e combinando as ferramentas pedag\u00f3gicas.<\/p>\n<p><!-- \/wp:paragraph --><\/p>\n","protected":false},"excerpt":{"rendered":"<p>Por que fazer um curso para o exame agente FIFA? O exame de agente da FIFA \u00e9 uma prova bastante complexa que exige uma prepara\u00e7\u00e3o rigorosa antecipada e que, portanto, n\u00e3o deixa espa\u00e7o para improvisa\u00e7\u00e3o. Em 2024, a taxa de aprova\u00e7\u00e3o no exame oficial foi de aproximadamente 40%. Durante as sess\u00f5es do exame, h\u00e1 um [&hellip;]<\/p>\n","protected":false},"author":3,"featured_media":0,"parent":0,"menu_order":0,"comment_status":"closed","ping_status":"closed","template":"cours-index.php","meta":{"_acf_changed":false,"footnotes":""},"formation_type":[],"class_list":["post-5256","page","type-page","status-publish","hentry"],"acf":[],"_links":{"self":[{"href":"https:\/\/fifa.sportsagentinstitute.com\/pt-pt\/wp-json\/wp\/v2\/pages\/5256","targetHints":{"allow":["GET"]}}],"collection":[{"href":"https:\/\/fifa.sportsagentinstitute.com\/pt-pt\/wp-json\/wp\/v2\/pages"}],"about":[{"href":"https:\/\/fifa.sportsagentinstitute.com\/pt-pt\/wp-json\/wp\/v2\/types\/page"}],"author":[{"embeddable":true,"href":"https:\/\/fifa.sportsagentinstitute.com\/pt-pt\/wp-json\/wp\/v2\/users\/3"}],"replies":[{"embeddable":true,"href":"https:\/\/fifa.sportsagentinstitute.com\/pt-pt\/wp-json\/wp\/v2\/comments?post=5256"}],"version-history":[{"count":6,"href":"https:\/\/fifa.sportsagentinstitute.com\/pt-pt\/wp-json\/wp\/v2\/pages\/5256\/revisions"}],"predecessor-version":[{"id":11596,"href":"https:\/\/fifa.sportsagentinstitute.com\/pt-pt\/wp-json\/wp\/v2\/pages\/5256\/revisions\/11596"}],"wp:attachment":[{"href":"https:\/\/fifa.sportsagentinstitute.com\/pt-pt\/wp-json\/wp\/v2\/media?parent=5256"}],"wp:term":[{"taxonomy":"formation_type","embeddable":true,"href":"https:\/\/fifa.sportsagentinstitute.com\/pt-pt\/wp-json\/wp\/v2\/formation_type?post=5256"}],"curies":[{"name":"wp","href":"https:\/\/api.w.org\/{rel}","templated":true}]}}